 
 {"id":910,"date":"2021-09-23T11:06:42","date_gmt":"2021-09-23T09:06:42","guid":{"rendered":"https:\/\/almach.pl\/sklep\/?post_type=product&#038;p=910\/"},"modified":"2025-04-13T05:30:09","modified_gmt":"2025-04-13T03:30:09","slug":"plastikowe-skladane-rampy-podjazdowe","status":"publish","type":"product","link":"https:\/\/almach.pl\/sklep\/?product=plastikowe-skladane-rampy-podjazdowe\/","title":{"rendered":"Plastikowe, sk\u0142adane rampy podjazdowe RAMP KIT 5"},"content":{"rendered":"<p>Rampy na miar\u0119<br \/>\nNasze rampy, model 690 to najbardziej wszechstronne i wytrzyma\u0142e rampy w ofercie. Mo\u017cna je dostosowa\u0107 do prawie ka\u017cdej sytuacji i daj\u0105 si\u0119 w \u0142atwy spos\u00f3b modyfikowa\u0107. Wystarczy okre\u015bli\u0107 wysoko\u015b\u0107 przeszkody, do pokonania, i wybra\u0107 odpowiedni zestaw z pi\u0119ciu dost\u0119pnych Dzi\u0119ki modu\u0142owemu systemowi mo\u017cna dostosowa\u0107 zestaw do \u017c\u0105danej wysoko\u015bci.<\/p>\n<table dir=\"ltr\" style=\"height: 282px;\" border=\"0\" width=\"177\" cellspacing=\"0\" cellpadding=\"0\">\n<tbody>\n<tr>\n<td>\n<p align=\"right\">Kit 1<\/p>\n<\/td>\n<td>\n<p align=\"center\">do 4cm<\/p>\n<\/td>\n<\/tr>\n<tr>\n<td>\n<p align=\"right\">\u00a0 Kit 2<\/p>\n<\/td>\n<td>\n<p align=\"center\">do 7,5cm<\/p>\n<\/td>\n<\/tr>\n<tr>\n<td>\n<p align=\"right\">Kit 3<\/p>\n<\/td>\n<td>\n<p align=\"center\">do 11,5cm<\/p>\n<\/td>\n<\/tr>\n<tr>\n<td>\n<p align=\"right\">Kit 4<\/p>\n<\/td>\n<td>\n<p align=\"center\">do 15cm<\/p>\n<\/td>\n<\/tr>\n<tr>\n<td>\n<p align=\"right\">Kit 5<\/p>\n<\/td>\n<td>\n<p align=\"center\">do 20 cm<\/p>\n<\/td>\n<\/tr>\n<\/tbody>\n<\/table>\n<p>Maksymalne obci\u0105\u017cenie to a\u017c 200 kg.<\/p>\n<p>Rapmy model 690 wykonane sa z ekologicznie neutralnego PE (polietylen). Nie toksyczne. Z tego samego materia\u0142u co wewn\u0119trzna pow\u0142oka kartonu z mlekiem.<br \/>\nProdukty wykonane z PE s\u0105 kwasoodporne i niekorozyjne oraz odporne na wszelkiego rodzaju domowe \u015brodki czysto\u015bci.<\/p>\n<p>Ta rampa jest zgodny z najwy\u017cszymi normami ustanowionymi przez certyfikowane instytuty testowe w wi\u0119kszo\u015bci kraj\u00f3w europejskich.<\/p>\n<p>Specyfikacja techniczna:<\/p>\n<p>KIT 1 &#8211; d\u0142ugo\u015b\u0107 x szeroko\u015b\u0107 x wysoko\u015b\u0107 250 x 750 x 18-55 mm, Waga 1,3 kg<br \/>\nKIT 2 &#8211; d\u0142ugo\u015b\u0107 x szeroko\u015b\u0107 x wysoko\u015b\u0107 500 x 750 x 36-91 mm, Waga 4,3 kg<br \/>\nKIT 3 &#8211; d\u0142ugo\u015b\u0107 x szeroko\u015b\u0107 x wysoko\u015b\u0107 750 x 750 x 72-127 mm, Waga 9,2 kg<br \/>\nKIT 4 &#8211; d\u0142ugo\u015b\u0107 x szeroko\u015b\u0107 x wysoko\u015b\u0107 1000 x 750 x 108-163 mm, Waga 15,8 kg<br \/>\nKIT 5 &#8211; d\u0142ugo\u015b\u0107 x szeroko\u015b\u0107 x wysoko\u015b\u0107 1250 x 750 x 144-199 mm, Waga 20 kg<\/p>\n","protected":false},"excerpt":{"rendered":"<ul style=\"font-size: 1rem;\">\n<li class=\"transport\"><i class=\"fas fa-dolly\"><\/i> <span style=\"color: #0c7804;\"><strong class=\"transport\"> Darmowa dostawa w Bydgoszczy <\/strong><br \/>\n(przy zam\u00f3wieniu powy\u017cej 100 z\u0142, mo\u017cliwo\u015b\u0107 p\u0142atno\u015bci kart\u0105 przy odbiorze)<\/span><\/li>\n<li class=\"transport\"><i class=\"far fa-eye\"><\/i> Mo\u017cliwo\u015b\u0107 obejrzenia sprz\u0119tu w sklepie stacjonarnym<\/li>\n<li class=\"transport\"><i class=\"fas fa-undo\"><\/i> Mo\u017cliwo\u015b\u0107 zwrotu sprz\u0119tu do <strong>30 dni<\/strong><\/li>\n<li class=\"transport\"><i class=\"far fa-credit-card\"><\/i> <strong> P\u0142atno\u015b\u0107 kart\u0105<\/strong><\/li>\n<\/ul>\n<div class=\"more-link-wrapper\"><a class=\"more-link\" href=\"https:\/\/almach.pl\/sklep\/?product=plastikowe-skladane-rampy-podjazdowe\/\">Read More<span class=\"screen-reader-text\">Plastikowe, sk\u0142adane rampy podjazdowe RAMP KIT 5<\/span><\/a><\/div>\n","protected":false},"featured_media":911,"comment_status":"open","ping_status":"closed","template":"","meta":[],"product_cat":[84,80],"product_tag":[],"_links":{"self":[{"href":"https:\/\/almach.pl\/sklep\/index.php?rest_route=\/wp\/v2\/product\/910"}],"collection":[{"href":"https:\/\/almach.pl\/sklep\/index.php?rest_route=\/wp\/v2\/product"}],"about":[{"href":"https:\/\/almach.pl\/sklep\/index.php?rest_route=\/wp\/v2\/types\/product"}],"replies":[{"embeddable":true,"href":"https:\/\/almach.pl\/sklep\/index.php?rest_route=%2Fwp%2Fv2%2Fcomments&post=910"}],"wp:featuredmedia":[{"embeddable":true,"href":"https:\/\/almach.pl\/sklep\/index.php?rest_route=\/wp\/v2\/media\/911"}],"wp:attachment":[{"href":"https:\/\/almach.pl\/sklep\/index.php?rest_route=%2Fwp%2Fv2%2Fmedia&parent=910"}],"wp:term":[{"taxonomy":"product_cat","embeddable":true,"href":"https:\/\/almach.pl\/sklep\/index.php?rest_route=%2Fwp%2Fv2%2Fproduct_cat&post=910"},{"taxonomy":"product_tag","embeddable":true,"href":"https:\/\/almach.pl\/sklep\/index.php?rest_route=%2Fwp%2Fv2%2Fproduct_tag&post=910"}],"curies":[{"name":"wp","href":"https:\/\/api.w.org\/{rel}","templated":true}]}}