 
 {"id":907,"date":"2021-09-22T12:44:24","date_gmt":"2021-09-22T10:44:24","guid":{"rendered":"https:\/\/almach.pl\/sklep\/?post_type=product&#038;p=907\/"},"modified":"2024-07-03T00:30:01","modified_gmt":"2024-07-02T22:30:01","slug":"stolik-nakladany-na-barierki","status":"publish","type":"product","link":"https:\/\/almach.pl\/sklep\/?product=stolik-nakladany-na-barierki\/","title":{"rendered":"Stolik nak\u0142adany na barierki \u0142\u00f3\u017cka rehabilitacyjnego"},"content":{"rendered":"<p>To praktyczny stolik do \u0142\u00f3\u017cka rehabilitacyjnego, kt\u00f3ry znacznie u\u0142atwi osobie le\u017c\u0105cej spo\u017cywanie posi\u0142k\u00f3w. B\u0119dzie r\u00f3wnie\u017c niezast\u0105piony gdy chory b\u0119dzie chcia\u0142 rozwi\u0105za\u0107 krzy\u017c\u00f3wk\u0119 czy poczyta\u0107 ksi\u0105\u017ck\u0119, Stolik jest uniwersalny i pasuje na \u0142\u00f3\u017cka o szeroko\u015bci 90 cm.<\/p>\n<p>D\u0142ugo\u015b\u0107 103 cm<\/p>\n<p>Szeroko\u015b\u0107 43 cm<\/p>\n<p>Zdj\u0119cie pogl\u0105dowe. Kolor stolika buk lity.<\/p>\n<p>&nbsp;<\/p>\n","protected":false},"excerpt":{"rendered":"<ul style=\"font-size: 1rem;\">\n<li class=\"transport\"><i class=\"fas fa-dolly\"><\/i> <span style=\"color: #0c7804;\"><strong class=\"transport\"> Darmowa dostawa w Bydgoszczy <\/strong><br \/>\n(przy zam\u00f3wieniu powy\u017cej 100 z\u0142, mo\u017cliwo\u015b\u0107 p\u0142atno\u015bci kart\u0105 przy odbiorze)<\/span><\/li>\n<li class=\"transport\"><i class=\"far fa-eye\"><\/i> Mo\u017cliwo\u015b\u0107 obejrzenia sprz\u0119tu w sklepie stacjonarnym<\/li>\n<li class=\"transport\"><i class=\"fas fa-undo\"><\/i> Mo\u017cliwo\u015b\u0107 zwrotu sprz\u0119tu do <strong>30 dni<\/strong><\/li>\n<li class=\"transport\"><i class=\"far fa-credit-card\"><\/i> <strong> P\u0142atno\u015b\u0107 kart\u0105<\/strong><\/li>\n<\/ul>\n<div class=\"more-link-wrapper\"><a class=\"more-link\" href=\"https:\/\/almach.pl\/sklep\/?product=stolik-nakladany-na-barierki\/\">Read More<span class=\"screen-reader-text\">Stolik nak\u0142adany na barierki \u0142\u00f3\u017cka rehabilitacyjnego<\/span><\/a><\/div>\n","protected":false},"featured_media":908,"comment_status":"open","ping_status":"closed","template":"","meta":[],"product_cat":[15,60],"product_tag":[],"_links":{"self":[{"href":"https:\/\/almach.pl\/sklep\/index.php?rest_route=\/wp\/v2\/product\/907"}],"collection":[{"href":"https:\/\/almach.pl\/sklep\/index.php?rest_route=\/wp\/v2\/product"}],"about":[{"href":"https:\/\/almach.pl\/sklep\/index.php?rest_route=\/wp\/v2\/types\/product"}],"replies":[{"embeddable":true,"href":"https:\/\/almach.pl\/sklep\/index.php?rest_route=%2Fwp%2Fv2%2Fcomments&post=907"}],"wp:featuredmedia":[{"embeddable":true,"href":"https:\/\/almach.pl\/sklep\/index.php?rest_route=\/wp\/v2\/media\/908"}],"wp:attachment":[{"href":"https:\/\/almach.pl\/sklep\/index.php?rest_route=%2Fwp%2Fv2%2Fmedia&parent=907"}],"wp:term":[{"taxonomy":"product_cat","embeddable":true,"href":"https:\/\/almach.pl\/sklep\/index.php?rest_route=%2Fwp%2Fv2%2Fproduct_cat&post=907"},{"taxonomy":"product_tag","embeddable":true,"href":"https:\/\/almach.pl\/sklep\/index.php?rest_route=%2Fwp%2Fv2%2Fproduct_tag&post=907"}],"curies":[{"name":"wp","href":"https:\/\/api.w.org\/{rel}","templated":true}]}}