 
 {"id":897,"date":"2021-09-16T10:53:41","date_gmt":"2021-09-16T08:53:41","guid":{"rendered":"https:\/\/almach.pl\/sklep\/?post_type=product&#038;p=897\/"},"modified":"2024-05-06T15:53:15","modified_gmt":"2024-05-06T13:53:15","slug":"semper-rekawice-jednorazowe-winylowe-bezpudrowe-protects-clinic-vinyl-100-szt","status":"publish","type":"product","link":"https:\/\/almach.pl\/sklep\/?product=semper-rekawice-jednorazowe-winylowe-bezpudrowe-protects-clinic-vinyl-100-szt\/","title":{"rendered":"Semper R\u0119kawice jednorazowe winylowe bezpudrowe Protects Clinic Vinyl 100 szt."},"content":{"rendered":"<p><strong>Jednorazowe r\u0119kawiczki winylowe<\/strong> to wyr\u00f3b medyczny stosowany jako skuteczna ochrona osobista przed drobnoustrojami i wszelkiego rodzaju zanieczyszczeniami. Stanowi\u0105 alternatyw\u0119 wobec uczulaj\u0105cych wyrob\u00f3w lateksowych, s\u0105 odpowiednie dla alergik\u00f3w i os\u00f3b ze sk\u00f3r\u0105 wra\u017cliw\u0105.<\/p>\n<p><strong>Cechy produktu:<\/strong><\/p>\n<ul>\n<li>jednorazowe r\u0119kawice winylowe,<\/li>\n<li>nieja\u0142owe,<\/li>\n<li>w kolorze bia\u0142ym,<\/li>\n<li>bezpudrowe,<\/li>\n<li>odporne na mikroorganizmy i wirusy,<\/li>\n<li>posiadaj\u0105 uniwersalny kszta\u0142t &#8211; pasuj\u0105 na obie d\u0142onie,<\/li>\n<li>przeznaczone do kontaktu z \u017cywno\u015bci\u0105 (tylko wyroby niet\u0142uste),<\/li>\n<li>wyr\u00f3b medyczny,<\/li>\n<li>d\u0142ugo\u015b\u0107 r\u0119kawicy: 24 cm,<\/li>\n<li>grubo\u015b\u0107 \u015bcianki:\u00a00,10 mm.<\/li>\n<\/ul>\n","protected":false},"excerpt":{"rendered":"<ul style=\"font-size: 1rem;\">\n<li class=\"transport\"><i class=\"fas fa-dolly\"><\/i> <span style=\"color: #0c7804;\"><strong class=\"transport\"> Darmowa dostawa w Bydgoszczy <\/strong><br \/>\n(przy zam\u00f3wieniu powy\u017cej 100 z\u0142, mo\u017cliwo\u015b\u0107 p\u0142atno\u015bci kart\u0105 przy odbiorze)<\/span><\/li>\n<li class=\"transport\"><i class=\"far fa-eye\"><\/i> Mo\u017cliwo\u015b\u0107 obejrzenia sprz\u0119tu w sklepie stacjonarnym<\/li>\n<li class=\"transport\"><i class=\"fas fa-undo\"><\/i> Mo\u017cliwo\u015b\u0107 zwrotu sprz\u0119tu do <strong>30 dni<\/strong><\/li>\n<li class=\"transport\"><i class=\"far fa-credit-card\"><\/i> <strong> P\u0142atno\u015b\u0107 kart\u0105<\/strong><\/li>\n<\/ul>\n<div class=\"more-link-wrapper\"><a class=\"more-link\" href=\"https:\/\/almach.pl\/sklep\/?product=semper-rekawice-jednorazowe-winylowe-bezpudrowe-protects-clinic-vinyl-100-szt\/\">Read More<span class=\"screen-reader-text\">Semper R\u0119kawice jednorazowe winylowe bezpudrowe Protects Clinic Vinyl 100 szt.<\/span><\/a><\/div>\n","protected":false},"featured_media":597,"comment_status":"closed","ping_status":"closed","template":"","meta":[],"product_cat":[104,69,22],"product_tag":[],"_links":{"self":[{"href":"https:\/\/almach.pl\/sklep\/index.php?rest_route=\/wp\/v2\/product\/897"}],"collection":[{"href":"https:\/\/almach.pl\/sklep\/index.php?rest_route=\/wp\/v2\/product"}],"about":[{"href":"https:\/\/almach.pl\/sklep\/index.php?rest_route=\/wp\/v2\/types\/product"}],"replies":[{"embeddable":true,"href":"https:\/\/almach.pl\/sklep\/index.php?rest_route=%2Fwp%2Fv2%2Fcomments&post=897"}],"wp:featuredmedia":[{"embeddable":true,"href":"https:\/\/almach.pl\/sklep\/index.php?rest_route=\/wp\/v2\/media\/597"}],"wp:attachment":[{"href":"https:\/\/almach.pl\/sklep\/index.php?rest_route=%2Fwp%2Fv2%2Fmedia&parent=897"}],"wp:term":[{"taxonomy":"product_cat","embeddable":true,"href":"https:\/\/almach.pl\/sklep\/index.php?rest_route=%2Fwp%2Fv2%2Fproduct_cat&post=897"},{"taxonomy":"product_tag","embeddable":true,"href":"https:\/\/almach.pl\/sklep\/index.php?rest_route=%2Fwp%2Fv2%2Fproduct_tag&post=897"}],"curies":[{"name":"wp","href":"https:\/\/api.w.org\/{rel}","templated":true}]}}