 
 {"id":81,"date":"2021-04-14T11:20:34","date_gmt":"2021-04-14T09:20:34","guid":{"rendered":"https:\/\/almach.pl\/sklep-alpha-2021\/?post_type=product&#038;p=81"},"modified":"2021-10-20T13:47:36","modified_gmt":"2021-10-20T11:47:36","slug":"materac-zmiennocisnieniowy-babelkowy","status":"publish","type":"product","link":"https:\/\/almach.pl\/sklep\/?product=materac-zmiennocisnieniowy-babelkowy\/","title":{"rendered":"Materac zmiennoci\u015bnieniowy &#8211; b\u0105belkowy MAT-X1, do I stopnia zagro\u017cenia odle\u017cynami"},"content":{"rendered":"<p dir=\"ltr\"><strong>MAT X1<\/strong> podstawowy materac zmienno-ci\u015bnieniowy. Skuteczny przy profilaktyce i leczeniu odle\u017cyn do I stopnia. Zaleca si\u0119 stosowanie materaca razem z dodatkowym materacem g\u0105bkowym tzw. podk\u0142adem, dla lepszej stabilizacji materac wyposa\u017cony jest w ko\u0142nierz, kt\u00f3ry zawini\u0119ty jest na podk\u0142adzie.<\/p>\n<p dir=\"ltr\">Materac:<\/p>\n<ul>\n<li>\u00a0kolor:\u00a0\u00a0\u00a0\u00a0\u00a0\u00a0\u00a0\u00a0\u00a0\u00a0\u00a0\u00a0\u00a0\u00a0\u00a0\u00a0\u00a0\u00a0\u00a0\u00a0\u00a0\u00a0 be\u017cowy<\/li>\n<li>\u00a0materia\u0142:\u00a0\u00a0\u00a0\u00a0\u00a0\u00a0\u00a0\u00a0\u00a0\u00a0\u00a0\u00a0\u00a0\u00a0\u00a0\u00a0 PVC<\/li>\n<li>\u00a0max. obci\u0105\u017cenie:\u00a0 125 kg<\/li>\n<li>\u00a0rozmiar:\u00a0\u00a0\u00a0\u00a0\u00a0\u00a0\u00a0\u00a0\u00a0\u00a0\u00a0\u00a0\u00a0\u00a0\u00a0\u00a0\u00a0 200 x 90 x 6,5 cm<\/li>\n<li>\u00a0waga:\u00a0\u00a0\u00a0\u00a0\u00a0\u00a0\u00a0\u00a0\u00a0\u00a0\u00a0\u00a0\u00a0\u00a0\u00a0\u00a0\u00a0\u00a0\u00a0\u00a0\u00a0 2 kg.<\/li>\n<\/ul>\n<p dir=\"ltr\">Pompa:<\/p>\n<ul>\n<li>\u00a0zasilanie:\u00a0\u00a0\u00a0\u00a0\u00a0\u00a0\u00a0\u00a0\u00a0\u00a0\u00a0\u00a0\u00a0 220V \/ 50HZ , 8W<\/li>\n<li>\u00a0wydajno\u015b\u0107:\u00a0\u00a0\u00a0\u00a0\u00a0\u00a0\u00a0\u00a0\u00a0 6 l \/ min.<\/li>\n<li>\u00a0zakres ci\u015bnienia: 25-100 mmHg<\/li>\n<li>\u00a0cykl pracy:\u00a0\u00a0\u00a0\u00a0\u00a0\u00a0\u00a0\u00a0\u00a0\u00a0 5 min. &#8211; 10 min.<\/li>\n<li>\u00a0bezpiecznik:\u00a0\u00a0\u00a0\u00a0\u00a0\u00a0\u00a0 1,5 A -250V<\/li>\n<li>\u00a0waga:\u00a0\u00a0\u00a0\u00a0\u00a0\u00a0\u00a0\u00a0\u00a0\u00a0\u00a0\u00a0\u00a0\u00a0\u00a0\u00a0\u00a0\u00a0 1,2 kg<\/li>\n<\/ul>\n","protected":false},"excerpt":{"rendered":"<p><img class=\"alignleft\" style=\"margin: 0 0.5rem 0.2rem 0.5rem;\" src=\"https:\/\/almach.pl\/sklep\/wp-content\/uploads\/2021\/06\/nfz-logo.jpg\" alt=\"NFZ\" width=\"70px\" \/> Produkt dost\u0119pny w ramach dofinansowania<\/p>\n<ul style=\"font-size:1rem;\">\n<li class=\"transport\"><i class=\"fas fa-dolly\"><\/i> <span style=\"color: #0c7804;\"><strong class=\"transport\"> Darmowa dostawa w Bydgoszczy <\/strong><br \/>(przy zam\u00f3wieniu powy\u017cej 100 z\u0142, mo\u017cliwo\u015b\u0107 p\u0142atno\u015bci kart\u0105 przy odbiorze)<\/span><\/li>\n<li class=\"transport\"><i class=\"far fa-eye\"><\/i> Mo\u017cliwo\u015b\u0107 obejrzenia sprz\u0119tu w sklepie stacjonarnym<\/li>\n<li class=\"transport\"><i class=\"fas fa-undo\"><\/i> Mo\u017cliwo\u015b\u0107 zwrotu sprz\u0119tu do <strong>30 dni<\/strong><\/li>\n<li class=\"transport\"><i class=\"far fa-credit-card\"><\/i> <strong> P\u0142atno\u015b\u0107 kart\u0105<\/strong><\/li>\n<\/ul>\n<div class=\"more-link-wrapper\"><a class=\"more-link\" href=\"https:\/\/almach.pl\/sklep\/?product=materac-zmiennocisnieniowy-babelkowy\/\">Read More<span class=\"screen-reader-text\">Materac zmiennoci\u015bnieniowy &#8211; b\u0105belkowy MAT-X1, do I stopnia zagro\u017cenia odle\u017cynami<\/span><\/a><\/div>\n","protected":false},"featured_media":389,"comment_status":"open","ping_status":"closed","template":"","meta":[],"product_cat":[65,15,24],"product_tag":[],"_links":{"self":[{"href":"https:\/\/almach.pl\/sklep\/index.php?rest_route=\/wp\/v2\/product\/81"}],"collection":[{"href":"https:\/\/almach.pl\/sklep\/index.php?rest_route=\/wp\/v2\/product"}],"about":[{"href":"https:\/\/almach.pl\/sklep\/index.php?rest_route=\/wp\/v2\/types\/product"}],"replies":[{"embeddable":true,"href":"https:\/\/almach.pl\/sklep\/index.php?rest_route=%2Fwp%2Fv2%2Fcomments&post=81"}],"wp:featuredmedia":[{"embeddable":true,"href":"https:\/\/almach.pl\/sklep\/index.php?rest_route=\/wp\/v2\/media\/389"}],"wp:attachment":[{"href":"https:\/\/almach.pl\/sklep\/index.php?rest_route=%2Fwp%2Fv2%2Fmedia&parent=81"}],"wp:term":[{"taxonomy":"product_cat","embeddable":true,"href":"https:\/\/almach.pl\/sklep\/index.php?rest_route=%2Fwp%2Fv2%2Fproduct_cat&post=81"},{"taxonomy":"product_tag","embeddable":true,"href":"https:\/\/almach.pl\/sklep\/index.php?rest_route=%2Fwp%2Fv2%2Fproduct_tag&post=81"}],"curies":[{"name":"wp","href":"https:\/\/api.w.org\/{rel}","templated":true}]}}