 
 {"id":803,"date":"2021-07-26T14:23:35","date_gmt":"2021-07-26T12:23:35","guid":{"rendered":"https:\/\/almach.pl\/sklep\/?post_type=product&#038;p=803"},"modified":"2021-07-26T14:25:25","modified_gmt":"2021-07-26T12:25:25","slug":"chysteczki-pielegnacyjne-maxi","status":"publish","type":"product","link":"https:\/\/almach.pl\/sklep\/?product=chysteczki-pielegnacyjne-maxi\/","title":{"rendered":"Seni Care chusteczki piel\u0119gnacyjne Maxi"},"content":{"rendered":"<p>Najwi\u0119ksze chusteczki piel\u0119gnacyjne w ofercie Seni (25 x 30 cm, wi\u0119ksze ni\u017c kartka A4). Zawieraj\u0105 neutralizator zapachu oraz prebiotyk, kt\u00f3ry wspiera dobr\u0105 flor\u0119 bakteryjn\u0105 sk\u00f3ry.<\/p>\n<p>Sk\u0142adniki aktywne: Biolin, Sinodor<\/p>\n<p>Efekt:<br \/>\n\u2022 dok\u0142adnie oczyszczona sk\u00f3ra<br \/>\n\u2022 zneutralizowany nieprzyjemny zapach<br \/>\n\u2022 wzmocniona naturalna ochrona sk\u00f3ry<\/p>\n<p>Wskaz\u00f3wka:<br \/>\nPo oczyszczaniu okolic intymnych nale\u017cy zabezpieczy\u0107 sk\u00f3r\u0119 kremem ochronnym Seni Care.<\/p>\n<p>Opinia profesjonalnych opiekun\u00f3w:<br \/>\n93% badanych zwr\u00f3ci\u0142o uwag\u0119 na efekt neutralizacji zapachu.<br \/>\n*Badanie na pr\u00f3bie 305 os\u00f3b przeprowadzone przez Europejskie Centrum Opieki D\u0142ugoterminowej w instytucjach opieki d\u0142ugoterminowej w Polsce w 2019 roku.<\/p>\n","protected":false},"excerpt":{"rendered":"<ul style=\"font-size:1rem;\">\n<li class=\"transport\"><i class=\"fas fa-dolly\"><\/i> <span style=\"color: #0c7804;\"><strong class=\"transport\"> Darmowa dostawa w Bydgoszczy <\/strong><br \/>(przy zam\u00f3wieniu powy\u017cej 100 z\u0142, mo\u017cliwo\u015b\u0107 p\u0142atno\u015bci kart\u0105 przy odbiorze)<\/span><\/li>\n<li class=\"transport\"><i class=\"far fa-eye\"><\/i> Mo\u017cliwo\u015b\u0107 obejrzenia sprz\u0119tu w sklepie stacjonarnym<\/li>\n<li class=\"transport\"><i class=\"fas fa-undo\"><\/i> Mo\u017cliwo\u015b\u0107 zwrotu sprz\u0119tu do <strong>30 dni<\/strong><\/li>\n<li class=\"transport\"><i class=\"far fa-credit-card\"><\/i> <strong> P\u0142atno\u015b\u0107 kart\u0105<\/strong><\/li>\n<\/ul>\n<div class=\"more-link-wrapper\"><a class=\"more-link\" href=\"https:\/\/almach.pl\/sklep\/?product=chysteczki-pielegnacyjne-maxi\/\">Read More<span class=\"screen-reader-text\">Seni Care chusteczki piel\u0119gnacyjne Maxi<\/span><\/a><\/div>\n","protected":false},"featured_media":804,"comment_status":"closed","ping_status":"closed","template":"","meta":[],"product_cat":[22],"product_tag":[],"_links":{"self":[{"href":"https:\/\/almach.pl\/sklep\/index.php?rest_route=\/wp\/v2\/product\/803"}],"collection":[{"href":"https:\/\/almach.pl\/sklep\/index.php?rest_route=\/wp\/v2\/product"}],"about":[{"href":"https:\/\/almach.pl\/sklep\/index.php?rest_route=\/wp\/v2\/types\/product"}],"replies":[{"embeddable":true,"href":"https:\/\/almach.pl\/sklep\/index.php?rest_route=%2Fwp%2Fv2%2Fcomments&post=803"}],"wp:featuredmedia":[{"embeddable":true,"href":"https:\/\/almach.pl\/sklep\/index.php?rest_route=\/wp\/v2\/media\/804"}],"wp:attachment":[{"href":"https:\/\/almach.pl\/sklep\/index.php?rest_route=%2Fwp%2Fv2%2Fmedia&parent=803"}],"wp:term":[{"taxonomy":"product_cat","embeddable":true,"href":"https:\/\/almach.pl\/sklep\/index.php?rest_route=%2Fwp%2Fv2%2Fproduct_cat&post=803"},{"taxonomy":"product_tag","embeddable":true,"href":"https:\/\/almach.pl\/sklep\/index.php?rest_route=%2Fwp%2Fv2%2Fproduct_tag&post=803"}],"curies":[{"name":"wp","href":"https:\/\/api.w.org\/{rel}","templated":true}]}}