 
 {"id":775,"date":"2021-07-07T10:00:00","date_gmt":"2021-07-07T08:00:00","guid":{"rendered":"https:\/\/almach.pl\/sklep\/?post_type=product&#038;p=775"},"modified":"2021-10-13T08:54:46","modified_gmt":"2021-10-13T06:54:46","slug":"wozek-inwalidzki-ze-stopow-lekkich-eclips-x2","status":"publish","type":"product","link":"https:\/\/almach.pl\/sklep\/?product=wozek-inwalidzki-ze-stopow-lekkich-eclips-x2\/","title":{"rendered":"W\u00f3zek inwalidzki ze stop\u00f3w lekkich Eclips X2"},"content":{"rendered":"<h4>Teraz eclipsX2 w nowej ods\u0142onie estetycznej i konstrukcyjnej. Kolor ramy Carbon powoduje , \u017ce w\u00f3zek wygl\u0105da bardziej nowocze\u015bnie i nabiera bardziej dynamicznego charakteru. Czarne ko\u0142a wpisuj\u0105 si\u0119 w aktualny trend estetyczny. Nowo\u015bci\u0105 konstrukcyjn\u0105 jest o\u015b ko\u0142a tylnego w adapterze i\u00a0 aluminiowy widelec ko\u0142a przedniego z wieloma otworami, umo\u017cliwiaj\u0105 zmian\u0119 \u015brodka ci\u0119\u017cko\u015bci i ustawienie siedziska na r\u00f3\u017cnych wysoko\u015bciach.<\/h4>\n<div id=\"view:_id1:repeat5\">\n<div id=\"view:_id1:repeat5:0:inputRichText2\">\n<ul dir=\"ltr\">\n<li>W\u00f3zek wykonany z aluminium,<\/li>\n<li>\u0142amane r\u0105czki do pchania,<\/li>\n<li>hamulce dla osoby towarzysz\u0105cej,<\/li>\n<li>kiesze\u0144 za oparciem,<\/li>\n<li>wygodna poduszka na siedzisko i oparcie,<\/li>\n<li>dwukolorowa tapicerka AirFlow zapewnia lepsz\u0105 wentylacj\u0119,<\/li>\n<li>mo\u017cliwo\u015b\u0107 zmiany \u015brodka ci\u0119\u017cko\u015bci,<\/li>\n<li>opony przednie i tylne bezd\u0119tkowe-KRYPTON,<\/li>\n<li>opcjonalnie mo\u017cna zam\u00f3wi\u0107 ko\u0142a pompowane , ale w kolorze szarym.<\/li>\n<\/ul>\n<p>Wystarczy 2 godzinne siedzenie w bezruchu a ju\u017c dokonuj\u0105 si\u0119 zmiany wewn\u0105trz tkanki mi\u0119kkiej w miejscu wystaj\u0105cych ko\u015bci miednicy w wyniku niedokrwienia. Dlatego bardzo wa\u017cne jest aby zadba\u0107 o profilaktyk\u0119 i wyposa\u017cy\u0107 w\u00f3zek w poduszk\u0119 przeciwodle\u017cynowa pneumatyczn\u0105 wyr\u00f3wnuj\u0105c\u0105 ci\u015bnienie.<\/p>\n<p>Cz\u0119sto osoba towarzysz\u0105ca ma problem z pchaniem w\u00f3zka z pacjentem, szczeg\u00f3lnie przy podjazdach. Poniewa\u017c pacjent wa\u017cy zbyt du\u017co albo z braku si\u0142y. Idealnie sprawdza si\u0119 w takich sytuacjach system V-drive. Zapytaj o szczeg\u00f3\u0142y.<\/p>\n<p>Parametry techniczne:<\/p>\n<p><a href=\"https:\/\/almach.pl\/sklep\/wp-content\/uploads\/2021\/07\/eclipsx2.pdf\" target=\"_blank\" rel=\"noopener\">eclipsx2<\/a><\/p>\n<\/div>\n<\/div>\n","protected":false},"excerpt":{"rendered":"<ul style=\"font-size: 1rem;\">\n<li class=\"transport\"><i class=\"fas fa-dolly\"><\/i> <span style=\"color: #0c7804;\"><strong class=\"transport\"> Darmowa dostawa w Bydgoszczy <\/strong><br \/>\n(przy zam\u00f3wieniu powy\u017cej 100 z\u0142, mo\u017cliwo\u015b\u0107 p\u0142atno\u015bci kart\u0105 przy odbiorze)<\/span><\/li>\n<li class=\"transport\"><i class=\"far fa-eye\"><\/i> Mo\u017cliwo\u015b\u0107 obejrzenia sprz\u0119tu w sklepie stacjonarnym<\/li>\n<li class=\"transport\"><i class=\"fas fa-undo\"><\/i> Mo\u017cliwo\u015b\u0107 zwrotu sprz\u0119tu do <strong>30 dni<\/strong><\/li>\n<li class=\"transport\"><i class=\"far fa-credit-card\"><\/i> <strong> P\u0142atno\u015b\u0107 kart\u0105<\/strong><\/li>\n<\/ul>\n<div class=\"more-link-wrapper\"><a class=\"more-link\" href=\"https:\/\/almach.pl\/sklep\/?product=wozek-inwalidzki-ze-stopow-lekkich-eclips-x2\/\">Read More<span class=\"screen-reader-text\">W\u00f3zek inwalidzki ze stop\u00f3w lekkich Eclips X2<\/span><\/a><\/div>\n","protected":false},"featured_media":776,"comment_status":"closed","ping_status":"closed","template":"","meta":[],"product_cat":[86,87,36],"product_tag":[],"_links":{"self":[{"href":"https:\/\/almach.pl\/sklep\/index.php?rest_route=\/wp\/v2\/product\/775"}],"collection":[{"href":"https:\/\/almach.pl\/sklep\/index.php?rest_route=\/wp\/v2\/product"}],"about":[{"href":"https:\/\/almach.pl\/sklep\/index.php?rest_route=\/wp\/v2\/types\/product"}],"replies":[{"embeddable":true,"href":"https:\/\/almach.pl\/sklep\/index.php?rest_route=%2Fwp%2Fv2%2Fcomments&post=775"}],"wp:featuredmedia":[{"embeddable":true,"href":"https:\/\/almach.pl\/sklep\/index.php?rest_route=\/wp\/v2\/media\/776"}],"wp:attachment":[{"href":"https:\/\/almach.pl\/sklep\/index.php?rest_route=%2Fwp%2Fv2%2Fmedia&parent=775"}],"wp:term":[{"taxonomy":"product_cat","embeddable":true,"href":"https:\/\/almach.pl\/sklep\/index.php?rest_route=%2Fwp%2Fv2%2Fproduct_cat&post=775"},{"taxonomy":"product_tag","embeddable":true,"href":"https:\/\/almach.pl\/sklep\/index.php?rest_route=%2Fwp%2Fv2%2Fproduct_tag&post=775"}],"curies":[{"name":"wp","href":"https:\/\/api.w.org\/{rel}","templated":true}]}}