 
 {"id":711,"date":"2021-06-28T14:09:51","date_gmt":"2021-06-28T12:09:51","guid":{"rendered":"https:\/\/almach.pl\/sklep\/?post_type=product&#038;p=711"},"modified":"2022-08-23T20:27:54","modified_gmt":"2022-08-23T18:27:54","slug":"duzy-stolik-terapeutyczny","status":"publish","type":"product","link":"https:\/\/almach.pl\/sklep\/?product=duzy-stolik-terapeutyczny\/","title":{"rendered":"Du\u017cy stolik terapeutyczny multifunkcjonalny do w\u00f3zka, fotela"},"content":{"rendered":"<div id=\"box_description\" class=\"box tab\">\n<div class=\"innerbox\">\n<div class=\"resetcss\">\n<p>Multifunkcyjny stolik firmy Vermeiren znajduje zastosowanie np: przy w\u00f3zkach inwalidzkich, fotelach geriatrycznych.<\/p>\n<p>Cechy produktu:<\/p>\n<ul>\n<li>drewniany st\u00f3\u0142 z metalow\u0105 ram\u0105<\/li>\n<li>mo\u017cliwo\u015b\u0107 regulacji wysoko\u015bci stolika w zakresie 62 -80 cm,<\/li>\n<li>mo\u017cliwo\u015b\u0107 regulacji nachylenia blatu 0\u00b0 &#8211; 90\u00b0<\/li>\n<li>cztery k\u00f3\u0142ka jezdne z blokad\u0105<\/li>\n<li>Max. ud\u017awig 10 kg<\/li>\n<li>Waga stolika 11,3 kg<\/li>\n<\/ul>\n<\/div>\n<\/div>\n<\/div>\n<div id=\"box_productdata\" class=\"box tab\">\n<div class=\"boxhead tab-head\">\n<h3>Dane techniczne<\/h3>\n<\/div>\n<div class=\"innerbox tab-content product-attributes zebra\">Regulacja wysoko\u015bci: TAK<\/div>\n<div class=\"innerbox tab-content product-attributes zebra\">Wysoko\u015b\u0107: 77 &#8211; 112 cm<\/div>\n<div class=\"innerbox tab-content product-attributes zebra\">Wymiary blatu: 60 x 40 cm<\/div>\n<div class=\"innerbox tab-content product-attributes zebra\">Kolor blatu: buk<\/div>\n<div class=\"innerbox tab-content product-attributes zebra\">Max. obci\u0105\u017cenie: 10 kg<\/div>\n<div class=\"innerbox tab-content product-attributes zebra\">Waga: 9 kg<\/div>\n<\/div>\n","protected":false},"excerpt":{"rendered":"<ul style=\"font-size: 1rem;\">\n<li class=\"transport\"><i class=\"fas fa-dolly\"><\/i> <span style=\"color: #0c7804;\"><strong class=\"transport\"> Darmowa dostawa w Bydgoszczy <\/strong><br \/>\n(przy zam\u00f3wieniu powy\u017cej 100 z\u0142, mo\u017cliwo\u015b\u0107 p\u0142atno\u015bci kart\u0105 przy odbiorze)<\/span><\/li>\n<li class=\"transport\"><i class=\"far fa-eye\"><\/i> Mo\u017cliwo\u015b\u0107 obejrzenia sprz\u0119tu w sklepie stacjonarnym<\/li>\n<li class=\"transport\"><i class=\"fas fa-undo\"><\/i> Mo\u017cliwo\u015b\u0107 zwrotu sprz\u0119tu do <strong>30 dni<\/strong><\/li>\n<li class=\"transport\"><i class=\"far fa-credit-card\"><\/i> <strong> P\u0142atno\u015b\u0107 kart\u0105<\/strong><\/li>\n<\/ul>\n<div class=\"more-link-wrapper\"><a class=\"more-link\" href=\"https:\/\/almach.pl\/sklep\/?product=duzy-stolik-terapeutyczny\/\">Read More<span class=\"screen-reader-text\">Du\u017cy stolik terapeutyczny multifunkcjonalny do w\u00f3zka, fotela<\/span><\/a><\/div>\n","protected":false},"featured_media":712,"comment_status":"closed","ping_status":"closed","template":"","meta":[],"product_cat":[60,15],"product_tag":[],"_links":{"self":[{"href":"https:\/\/almach.pl\/sklep\/index.php?rest_route=\/wp\/v2\/product\/711"}],"collection":[{"href":"https:\/\/almach.pl\/sklep\/index.php?rest_route=\/wp\/v2\/product"}],"about":[{"href":"https:\/\/almach.pl\/sklep\/index.php?rest_route=\/wp\/v2\/types\/product"}],"replies":[{"embeddable":true,"href":"https:\/\/almach.pl\/sklep\/index.php?rest_route=%2Fwp%2Fv2%2Fcomments&post=711"}],"wp:featuredmedia":[{"embeddable":true,"href":"https:\/\/almach.pl\/sklep\/index.php?rest_route=\/wp\/v2\/media\/712"}],"wp:attachment":[{"href":"https:\/\/almach.pl\/sklep\/index.php?rest_route=%2Fwp%2Fv2%2Fmedia&parent=711"}],"wp:term":[{"taxonomy":"product_cat","embeddable":true,"href":"https:\/\/almach.pl\/sklep\/index.php?rest_route=%2Fwp%2Fv2%2Fproduct_cat&post=711"},{"taxonomy":"product_tag","embeddable":true,"href":"https:\/\/almach.pl\/sklep\/index.php?rest_route=%2Fwp%2Fv2%2Fproduct_tag&post=711"}],"curies":[{"name":"wp","href":"https:\/\/api.w.org\/{rel}","templated":true}]}}