 
 {"id":705,"date":"2021-06-28T13:54:25","date_gmt":"2021-06-28T11:54:25","guid":{"rendered":"https:\/\/almach.pl\/sklep\/?post_type=product&#038;p=705"},"modified":"2021-10-13T08:55:49","modified_gmt":"2021-10-13T06:55:49","slug":"poduszka-przeciwodlezynowa-liberty-profile","status":"publish","type":"product","link":"https:\/\/almach.pl\/sklep\/?product=poduszka-przeciwodlezynowa-liberty-profile\/","title":{"rendered":"Poduszka przeciwodle\u017cynowa &#8211; LIBERTY PROFILE"},"content":{"rendered":"<h5><span id=\"view:_id1:label1\">Poduszka przeciwodle\u017cynowa pneumatyczna dla os\u00f3b z niskim ryzykiem odle\u017cynowym oraz problemem wysuwania si\u0119 z w\u00f3zka.<\/span><\/h5>\n<div id=\"view:_id1:repeat5\">\n<div id=\"view:_id1:repeat5:0:inputRichText2\">\n<p dir=\"ltr\">\n<p dir=\"ltr\">Poduszka dedykowana osobom , kt\u00f3re sp\u0119dzaj\u0105 wi\u0119kszo\u015b\u0107 swojego czasu siedz\u0105c np. osoby niepe\u0142nosprawne poruszaj\u0105ce si\u0119 na w\u00f3zkach, kt\u00f3re\u00a0 s\u0105 w stanie zmienia\u0107 pozycj\u0119 siedzenia i maj\u0105 zwi\u0119kszony problem z wysuwaniem si\u0119 z w\u00f3zka. Osoby starsze z problemami zwi\u0105zanymi z narz\u0105dem ruchu. U wszystkich tych os\u00f3b wyst\u0119puje wzrastaj\u0105ce ryzyko powstawania odle\u017cyn. Stosowanie poduszki jest po prostu profilaktyk\u0105 przeciwodle\u017cynow\u0105. LIBERTY PPS sk\u0142ada si\u0119 z poduszki w\u0142a\u015bciwej Liberty ze zintegrowanym stabilizatorem miednicy i pokrowca. Stabilizator miednicy dodatkowo stabilizuje miednic\u0119 i wp\u0142ywa na prawid\u0142ow\u0105 postaw\u0119 siedz\u0105c\u0105. Poduszka zawiera automatyczny \u00a0zaw\u00f3r samoreguluj\u0105cy ci\u015bnienie , kt\u00f3ry pozwala konfigurowa\u0107 kszta\u0142t powierzchni poduszki zgodnie z indywidualnymi cechami fizycznymi u\u017cytkownika.<\/p>\n<p dir=\"ltr\">Odle\u017cyny to przede wszystkim dwa czynniki:<\/p>\n<ol dir=\"ltr\">\n<li>nier\u00f3wnomierne ci\u015bnienie na powierzchni siedzenia i wynikaj\u0105ce z tego powodu naciski punktowe na wystaj\u0105ce ko\u015bci.<\/li>\n<li>si\u0142y \u015bcinaj\u0105ce kt\u00f3re doprowadzaj\u0105 tkanki sk\u00f3ry do deformacji.<\/li>\n<\/ol>\n<p dir=\"ltr\">Poduszki VICAIR dzi\u0119ki swojej innowacyjnej budowie doskonale minimalizuj\u0105 destrukcyjny wp\u0142yw powy\u017cszych czynnik\u00f3w i dodatkowo dzi\u0119ki stabilizatorowi miednicy podnosi skuteczno\u015b\u0107 je\u017celi chodzi o minimalizowanie si\u0142 \u015bcinaj\u0105cych gwarantowanie w\u0142a\u015bciwej postawy siedz\u0105cej.<\/p>\n<p dir=\"ltr\">Do wyboru pokrowce:<\/p>\n<ul dir=\"ltr\">\n<li>AirFlow-elastyczny,<\/li>\n<li>elastyczny,<\/li>\n<li>nieprzemakalny,<\/li>\n<\/ul>\n<p dir=\"ltr\">zalety:<\/p>\n<ul dir=\"ltr\">\n<li>Profilaktyka przeciwodle\u017cynowa,<\/li>\n<li>zabezpiecza przed wysuwaniem si\u0119,<\/li>\n<li>komfort i stabilizacja,<\/li>\n<li>niska waga &#8211; mniej ni\u017c 700 gram\u00f3w,<\/li>\n<li>\u0142atwa w u\u017cyciu,<\/li>\n<li>\u0142atwa w utrzymaniu w czysto\u015bci,<\/li>\n<li>du\u017ca\u00a0 trwa\u0142o\u015b\u0107,<\/li>\n<li><strong>wytrzyma\u0142o\u015b\u0107 do 150 kg.<\/strong><\/li>\n<\/ul>\n<p dir=\"ltr\">rozmiary poduszek:<\/p>\n<p dir=\"ltr\">szeroko\u015b\u0107 x g\u0142\u0119boko\u015b\u0107<\/p>\n<ul dir=\"ltr\">\n<li>40cmx40cm<\/li>\n<li>40cmx45cm<\/li>\n<li>43cmx43cm<\/li>\n<li>45cmx40cm<\/li>\n<li>45cmx45cm<\/li>\n<li>45cmx50cm<\/li>\n<li>50cmx45cm<\/li>\n<li>50cmx50cm<\/li>\n<\/ul>\n<\/div>\n<\/div>\n","protected":false},"excerpt":{"rendered":"<p><img class=\"alignleft\" style=\"margin: 0 0.5rem 0.2rem 0.5rem;\" src=\"https:\/\/almach.pl\/sklep\/wp-content\/uploads\/2021\/06\/nfz-logo.jpg\" alt=\"NFZ\" width=\"70px\" \/> Produkt dost\u0119pny w ramach refundacji<\/p>\n<ul style=\"font-size: 1rem;\">\n<li class=\"transport\"><i class=\"fas fa-dolly\"><\/i> <span style=\"color: #0c7804;\"><strong class=\"transport\"> Darmowa dostawa w Bydgoszczy <\/strong><br \/>\n(przy zam\u00f3wieniu powy\u017cej 100 z\u0142, mo\u017cliwo\u015b\u0107 p\u0142atno\u015bci kart\u0105 przy odbiorze)<\/span><\/li>\n<li class=\"transport\"><i class=\"far fa-eye\"><\/i> Mo\u017cliwo\u015b\u0107 obejrzenia sprz\u0119tu w sklepie stacjonarnym<\/li>\n<li class=\"transport\"><i class=\"fas fa-undo\"><\/i> Mo\u017cliwo\u015b\u0107 zwrotu sprz\u0119tu do <strong>30 dni<\/strong><\/li>\n<li class=\"transport\"><i class=\"far fa-credit-card\"><\/i> <strong> P\u0142atno\u015b\u0107 kart\u0105<\/strong><\/li>\n<\/ul>\n<div class=\"more-link-wrapper\"><a class=\"more-link\" href=\"https:\/\/almach.pl\/sklep\/?product=poduszka-przeciwodlezynowa-liberty-profile\/\">Read More<span class=\"screen-reader-text\">Poduszka przeciwodle\u017cynowa &#8211; LIBERTY PROFILE<\/span><\/a><\/div>\n","protected":false},"featured_media":706,"comment_status":"closed","ping_status":"closed","template":"","meta":[],"product_cat":[67,15],"product_tag":[],"_links":{"self":[{"href":"https:\/\/almach.pl\/sklep\/index.php?rest_route=\/wp\/v2\/product\/705"}],"collection":[{"href":"https:\/\/almach.pl\/sklep\/index.php?rest_route=\/wp\/v2\/product"}],"about":[{"href":"https:\/\/almach.pl\/sklep\/index.php?rest_route=\/wp\/v2\/types\/product"}],"replies":[{"embeddable":true,"href":"https:\/\/almach.pl\/sklep\/index.php?rest_route=%2Fwp%2Fv2%2Fcomments&post=705"}],"wp:featuredmedia":[{"embeddable":true,"href":"https:\/\/almach.pl\/sklep\/index.php?rest_route=\/wp\/v2\/media\/706"}],"wp:attachment":[{"href":"https:\/\/almach.pl\/sklep\/index.php?rest_route=%2Fwp%2Fv2%2Fmedia&parent=705"}],"wp:term":[{"taxonomy":"product_cat","embeddable":true,"href":"https:\/\/almach.pl\/sklep\/index.php?rest_route=%2Fwp%2Fv2%2Fproduct_cat&post=705"},{"taxonomy":"product_tag","embeddable":true,"href":"https:\/\/almach.pl\/sklep\/index.php?rest_route=%2Fwp%2Fv2%2Fproduct_tag&post=705"}],"curies":[{"name":"wp","href":"https:\/\/api.w.org\/{rel}","templated":true}]}}