 
 {"id":697,"date":"2021-06-28T13:48:58","date_gmt":"2021-06-28T11:48:58","guid":{"rendered":"https:\/\/almach.pl\/sklep\/?post_type=product&#038;p=697"},"modified":"2021-10-13T08:56:03","modified_gmt":"2021-10-13T06:56:03","slug":"poduszka-pneumatyczna-przeciwodlezynowo-stabilizacyjna-adjuster-o2","status":"publish","type":"product","link":"https:\/\/almach.pl\/sklep\/?product=poduszka-pneumatyczna-przeciwodlezynowo-stabilizacyjna-adjuster-o2\/","title":{"rendered":"Poduszka pneumatyczna przeciwodle\u017cynowo-stabilizacyjna &#8211; Adjuster O2"},"content":{"rendered":"<h5><span id=\"view:_id1:label1\">Poduszka pneumatyczna przeciwodle\u017cynowo-stabilizacyjna. Do prania w pralce w ca\u0142o\u015bci. Przeznaczona dla os\u00f3b z deformacj\u0105 kr\u0119gos\u0142upa. Dla os\u00f3b z wysokim stopniem ryzyka odle\u017cynowego (IV stopie\u0144 EPUAP).<\/span><\/h5>\n<div id=\"view:_id1:repeat5\">\n<div id=\"view:_id1:repeat5:0:inputRichText2\">\n<p dir=\"ltr\">Uk\u0142ad kom\u00f3r i budowa Adjustera O2 powoduje , \u017ce jest idealna dla os\u00f3b z \u00a0asymetrycznymi postawami i przy amputacjach ko\u0144czyn. Automatycznie koryguje niewielkie skr\u0119cenia miednicy i pozwala na indywidualne dopasowanie powierzchni nawet do ekstremalnych deformacji kr\u0119gos\u0142upa. Kiedy szukasz wysokiego poziomu komfortu, optymalnej ochrony i stabilno\u015bci sk\u00f3ry Adjuster O2 jest zawsze dobrym \u00a0wyborem. Konstrukcja umo\u017cliwia ca\u0142kowite zanurzenie, r\u00f3wnomiernie rozk\u0142ada ci\u015bnienie i zapobiega przesuwaniu si\u0119 do przodu minimalizuj\u0105c si\u0142y \u015bcinaj\u0105ce.<\/p>\n<p dir=\"ltr\"><strong>W CA\u0141O\u015aCI DAJ\u0104CA SI\u0118 PRA\u0106 W PRALCE.<\/strong><\/p>\n<p dir=\"ltr\">Z higienicznego punktu widzenia, bardzo wa\u017cnym jest , \u017ce poduszk\u0119 mo\u017cna wypra\u0107. Zw\u0142aszcza w przypadkach gdzie wyst\u0119puje nie trzymanie moczu. Utrudnieniem jest \u00a0konieczno\u015b\u0107 usuwania zawarto\u015bci poduszki przed praniem. Nowa poduszka\u00a0 ADJUSTER O2 pozwala umie\u015bci\u0107 j\u0105 w pralce w ca\u0142o\u015bci. Kom\u00f3rki \u00a0SmartCells , kt\u00f3re wype\u0142niaj\u0105 poduszk\u0119 nie musz\u0105 by\u0107 usuwane przed praniem. Dlatego poduszka jest idealna do stosowania w domach pomocy spo\u0142ecznej, oraz dla \u00a0ka\u017cdego, kto wymaga maksymalnej czysto\u015bci poduszki. Poduszka ADJUSTER O2 jest pierwsz\u0105 poduszk\u0105 , kt\u00f3r\u0105 mo\u017cna pra\u0107 w ca\u0142o\u015bci w pralkach bez u\u017cywania specjalnych work\u00f3w do prania.<\/p>\n<p dir=\"ltr\"><strong>100% ODDYCHALNO\u015aCI I WENTYLACJI.<\/strong><\/p>\n<p dir=\"ltr\">Otwarta struktura poduszki ADJUSTER O2 zapewnia 100% oddychalno\u015bci i wentylacji. Korzystanie z oddychaj\u0105cej poduszki poprawia kontrol\u0119 temperatury i wilgotno\u015bci, zwi\u0119ksza wygod\u0119 , zmniejsza dzia\u0142anie tarcia i si\u0142 \u015bcinaj\u0105cych na deformowanie tkanki, co zmniejsza ryzyko powstania odle\u017cyn.<\/p>\n<p dir=\"ltr\"><strong>EFEKT\u00a0 PUD\u0141A.<\/strong><\/p>\n<p dir=\"ltr\">Poduszka posiada zamek b\u0142yskawiczny po \u015brodku, To \u00a0pozwala na lepsze zachowanie swojej obj\u0119to\u015b\u0107, co zatem wp\u0142ywa na zwi\u0119kszenie wsparcia i zmniejsza ryzyko wy\u015blizgiwania \u00a0si\u0119 kom\u00f3rek SmartCells\u2122 spod u\u017cytkownika. Efekt Pud\u0142a pozwala r\u00f3wnie\u017c terapeutom dostosowa\u0107 ilo\u015b\u0107 kom\u00f3rek (dosypywanie lub usypywanie, tylko wtedy, gdy jest to konieczne), gdy u\u017cytkownik pozostaje w pozycji siedz\u0105cej na poduszce.<\/p>\n<p dir=\"ltr\"><strong>UNIKALNA KONSTRUKCJA.<\/strong><\/p>\n<p dir=\"ltr\">ADJUSTER O2 sk\u0142ada si\u0119 z\u00a0 5 kom\u00f3r, ka\u017cda spe\u0142niaj\u0105ca w\u0142asn\u0105 funkcj\u0119. Dzi\u0119ki unikalnej konstrukcji, poduszka zapewnia skuteczny rozk\u0142ad ci\u015bnienia, co czyni z niej\u00a0 idealn\u0105 przeciwodle\u017cynow\u0105 poduszk\u0105 ale r\u00f3wnie\u017c korekcyjn\u0105 przy deformacjach. Anatomicznie ukszta\u0142towana powierzchnia siedziska zapewnia wysoki poziom stabilizacji i wspierania optymalnego pozycj\u0119 siedzenia. Kom\u00f3rki SmartCells posiadaj\u0105 specyficzny kszta\u0142t i budow\u0119, kt\u00f3ry w spos\u00f3b optymalny zapewnia skuteczno\u015b\u0107. Od pa\u017adziernika 2017 maj\u0105 do\u017cywotnia gwarancj\u0119 wytrzyma\u0142o\u015bciow\u0105<\/p>\n<p dir=\"ltr\"><strong>WYGODNA P\u0118TELKA DO SUSZENIA.<\/strong><\/p>\n<p dir=\"ltr\">Z ty\u0142u poduszki jest specjalna p\u0119telka. U\u017cywa si\u0119 jej do powieszenia poduszki ADJUSTER O2 w celu wysuszenia po wypraniu. P\u0119telka r\u00f3wnie\u017c pe\u0142ni inn\u0105 dodatkow\u0105 rol\u0119, pozwala na prawid\u0142owe za\u0142o\u017cenie wierzchniego pokrowca na poduszk\u0119 i na orientowanie si\u0119 gdzie jest ty\u0142 poduszki a gdzie prz\u00f3d.<\/p>\n<p dir=\"ltr\"><strong>SPECJALNY POKROWIEC WIERZCHNI O2.<\/strong><\/p>\n<p dir=\"ltr\">Poduszka ADJUSTER O2 jest dostarczana \u00a0z dwoma wierzchnimi pokrowcami. Wykonane s\u0105 z oddychaj\u0105cego , elastycznego materia\u0142u i obejmuj\u0105 tylko g\u00f3rn\u0105 cz\u0119\u015b\u0107 poduszki w\u00f3zka inwalidzkiego. Sp\u00f3d poduszki pozostaje ca\u0142kowicie otwarty, aby umo\u017cliwi\u0107 poduszce przewiewno\u015b\u0107 w spos\u00f3b ci\u0105g\u0142y. Oznacza to optymaln\u0105 wentylacj\u0119 i wygod\u0119 dla u\u017cytkownika. Dostarczane s\u0105 dwa pokrowce &#8211; zawsze jeden b\u0119dzie czysty.<\/p>\n<p dir=\"ltr\">Poduszki ADJUSTER O2 wyst\u0119puj\u0105 w dw\u00f3ch grubo\u015bciach 6 cm i 10 cm.<\/p>\n<p dir=\"ltr\"><span id=\"view:_id1:computedField20\">Dodatkowe zalety:<\/span><\/p>\n<ul dir=\"ltr\">\n<li><span id=\"view:_id1:computedField20\">optymalne zanurzenie i stabilizacja,<\/span><\/li>\n<li><span id=\"view:_id1:computedField20\">wygoda i idealny rozk\u0142ad ci\u015bnienia,<\/span><\/li>\n<li>zapobiega ze\u015blizgiwaniu si\u0119 &#8211; minimalizuje si\u0142y \u015bcinaj\u0105ce,<\/li>\n<li><span id=\"view:_id1:computedField20\">doskona\u0142e pozycjonowanie uda,<\/span><\/li>\n<li><span id=\"view:_id1:computedField20\">doskona\u0142a stabilizacja miednicy ,<\/span><\/li>\n<li><span id=\"view:_id1:computedField20\">niska waga : 534g &#8211; 769g w zale\u017cno\u015bci od rozmiaru,<\/span><\/li>\n<li><span id=\"view:_id1:computedField20\">wytrzyma\u0142o\u015b\u0107 do 250 kg,<\/span><\/li>\n<li><span id=\"view:_id1:computedField20\">\u0142atwa w u\u017cyciu,<\/span><\/li>\n<li><span id=\"view:_id1:computedField20\">\u0142atwa w utrzymaniu w czysto\u015bci, mo\u017cna pra\u0107 w ca\u0142o\u015bci w pralce w\u00a0<\/span>60\u00b0,<\/li>\n<li><span id=\"view:_id1:computedField20\">ogromna trwa\u0142o\u015b\u0107 &#8211; do\u017cywotnia gwarancja na kom\u00f3rki SmartCell,<\/span><\/li>\n<li><span id=\"view:_id1:computedField20\">nie ma konieczno\u015bci dopompowywania i okresowego sprawdzania poziomu ci\u015bnienia.<\/span><\/li>\n<\/ul>\n<\/div>\n<\/div>\n","protected":false},"excerpt":{"rendered":"<p><img class=\"alignleft\" style=\"margin: 0 0.5rem 0.2rem 0.5rem;\" src=\"https:\/\/almach.pl\/sklep\/wp-content\/uploads\/2021\/06\/nfz-logo.jpg\" alt=\"NFZ\" width=\"70px\" \/> Produkt dost\u0119pny w ramach refundacji<\/p>\n<ul style=\"font-size: 1rem;\">\n<li class=\"transport\"><i class=\"fas fa-dolly\"><\/i> <span style=\"color: #0c7804;\"><strong class=\"transport\"> Darmowa dostawa w Bydgoszczy <\/strong><br \/>\n(przy zam\u00f3wieniu powy\u017cej 100 z\u0142, mo\u017cliwo\u015b\u0107 p\u0142atno\u015bci kart\u0105 przy odbiorze)<\/span><\/li>\n<li class=\"transport\"><i class=\"far fa-eye\"><\/i> Mo\u017cliwo\u015b\u0107 obejrzenia sprz\u0119tu w sklepie stacjonarnym<\/li>\n<li class=\"transport\"><i class=\"fas fa-undo\"><\/i> Mo\u017cliwo\u015b\u0107 zwrotu sprz\u0119tu do <strong>30 dni<\/strong><\/li>\n<li class=\"transport\"><i class=\"far fa-credit-card\"><\/i> <strong> P\u0142atno\u015b\u0107 kart\u0105<\/strong><\/li>\n<\/ul>\n<div class=\"more-link-wrapper\"><a class=\"more-link\" href=\"https:\/\/almach.pl\/sklep\/?product=poduszka-pneumatyczna-przeciwodlezynowo-stabilizacyjna-adjuster-o2\/\">Read More<span class=\"screen-reader-text\">Poduszka pneumatyczna przeciwodle\u017cynowo-stabilizacyjna &#8211; Adjuster O2<\/span><\/a><\/div>\n","protected":false},"featured_media":698,"comment_status":"closed","ping_status":"closed","template":"","meta":[],"product_cat":[67,15],"product_tag":[],"_links":{"self":[{"href":"https:\/\/almach.pl\/sklep\/index.php?rest_route=\/wp\/v2\/product\/697"}],"collection":[{"href":"https:\/\/almach.pl\/sklep\/index.php?rest_route=\/wp\/v2\/product"}],"about":[{"href":"https:\/\/almach.pl\/sklep\/index.php?rest_route=\/wp\/v2\/types\/product"}],"replies":[{"embeddable":true,"href":"https:\/\/almach.pl\/sklep\/index.php?rest_route=%2Fwp%2Fv2%2Fcomments&post=697"}],"wp:featuredmedia":[{"embeddable":true,"href":"https:\/\/almach.pl\/sklep\/index.php?rest_route=\/wp\/v2\/media\/698"}],"wp:attachment":[{"href":"https:\/\/almach.pl\/sklep\/index.php?rest_route=%2Fwp%2Fv2%2Fmedia&parent=697"}],"wp:term":[{"taxonomy":"product_cat","embeddable":true,"href":"https:\/\/almach.pl\/sklep\/index.php?rest_route=%2Fwp%2Fv2%2Fproduct_cat&post=697"},{"taxonomy":"product_tag","embeddable":true,"href":"https:\/\/almach.pl\/sklep\/index.php?rest_route=%2Fwp%2Fv2%2Fproduct_tag&post=697"}],"curies":[{"name":"wp","href":"https:\/\/api.w.org\/{rel}","templated":true}]}}