 
 {"id":684,"date":"2021-06-28T10:35:56","date_gmt":"2021-06-28T08:35:56","guid":{"rendered":"https:\/\/almach.pl\/sklep\/?post_type=product&#038;p=684"},"modified":"2021-10-13T08:58:07","modified_gmt":"2021-10-13T06:58:07","slug":"lozko-rehabilitacyjne-opuszczajace-sie-do-poziomu-podlogi_luna-ul-2","status":"publish","type":"product","link":"https:\/\/almach.pl\/sklep\/?product=lozko-rehabilitacyjne-opuszczajace-sie-do-poziomu-podlogi_luna-ul-2\/","title":{"rendered":"\u0141\u00f3\u017cko rehabilitacyjne opuszczaj\u0105ce si\u0119 do poziomu pod\u0142ogi Luna UL 2"},"content":{"rendered":"<p>LUNA UL 2 to \u0142\u00f3\u017cko skierowane szczeg\u00f3lnie dla os\u00f3b cierpi\u0105cych na chorob\u0119 Alzheimera oraz dla os\u00f3b niskiego wzrostu. Le\u017ce obni\u017ca si\u0119 do poziomu pod\u0142ogi. Osoba, kt\u00f3ra nie\u015bwiadomie wstaje podczas snu z \u0142\u00f3\u017cka a to jest cz\u0119stym objawem ludzi z Alzheimerem, nie upadnie na pod\u0142og\u0119 z wysoko\u015bci, kt\u00f3ra spowodowa\u0142by uraz. Natomiast osoby niskiego wzrostu dzi\u0119ki temu modelowi maja u\u0142atwione siadanie i wstawanie z \u0142\u00f3\u017cka.<\/p>\n<div id=\"view:_id1:repeat5\">\n<div id=\"view:_id1:repeat5:0:inputRichText2\">\n<p dir=\"ltr\">Funkcje:<\/p>\n<ul>\n<li>Le\u017ce cztero-segmentowe,<\/li>\n<li>p\u0142ynna regulacja wysoko\u015bci le\u017ca na pilota,<\/li>\n<li>pozycja anty-trendelenburga,<\/li>\n<li>p\u0142ynna regulacja k\u0105ta nachylenia wezg\u0142owia na pilota,<\/li>\n<li>p\u0142ynna regulacja k\u0105ta nachylenia segmentu uda na pilota,<\/li>\n<li>manualna regulacja k\u0105ta nachylenia segmentu \u0142ydki,<\/li>\n<li>si\u0142owniki LINAK,<\/li>\n<li>obudowa skrzynkowa w kolorze drzewa bukowego,<\/li>\n<li>wysi\u0119gnik i barierki na wyposa\u017ceniu,<\/li>\n<li>le\u017ce metalowe lub drewniane,<\/li>\n<li>\u0142\u00f3\u017cko dostarczane na systemie transportowym.<\/li>\n<\/ul>\n<\/div>\n<p>Szeroko\u015b\u0107 le\u017ca: 90 cm<br \/>\nD\u0142ugo\u015b\u0107 le\u017ca: 200 cm<br \/>\nSzeroko\u015b\u0107 ca\u0142kowita: 102 cm<br \/>\nD\u0142ugo\u015b\u0107 ca\u0142kowita: 218 cm<br \/>\nMin. wysoko\u015b\u0107 le\u017ca: 20,5 cm<br \/>\nMax. wysoko\u015b\u0107 le\u017ca: 74,5\/81 cm<br \/>\nK\u0105t nachylenia zag\u0142\u00f3wka: 83\u00b0<br \/>\nK\u0105t nachylenia cz\u0119\u015bci udowej: 32\u00b0<br \/>\nK\u0105t nachylenia \u0142ydki: -15\u00b0<br \/>\nMax. obci\u0105\u017cenie: 165 kg<\/p>\n<\/div>\n","protected":false},"excerpt":{"rendered":"<ul style=\"font-size:1rem;\">\n<li class=\"transport\"><i class=\"fas fa-dolly\"><\/i> <span style=\"color: #0c7804;\"><strong class=\"transport\"> Darmowa dostawa w Bydgoszczy <\/strong><\/span><\/li>\n<li class=\"transport\"><i class=\"far fa-eye\"><\/i> Mo\u017cliwo\u015b\u0107 obejrzenia sprz\u0119tu w sklepie stacjonarnym<\/li>\n<li class=\"transport\"><i class=\"fas fa-undo\"><\/i> Mo\u017cliwo\u015b\u0107 zwrotu sprz\u0119tu do <strong>30 dni<\/strong><\/li>\n<li class=\"transport\"><i class=\"far fa-credit-card\"><\/i> <strong> P\u0142atno\u015b\u0107 kart\u0105<\/strong><\/li>\n<\/ul>\n<div class=\"important-info\"><strong>\u0141\u00f3\u017cko rehabilitacyjne, w\u00f3zki oraz inny sprz\u0119t rehabilitacyjny<\/strong> wysy\u0142any jest do Pa\u0144stwa na palecie.<br \/>\nKurierzy dor\u0119czaj\u0105 przesy\u0142ki paletowe pod dom\/blok.<br \/>\nOrientacyjny czas dostawy przesy\u0142ek paletowych to ok. <strong>24h &#8211; 48h<\/strong>.<\/div>\n<div class=\"more-link-wrapper\"><a class=\"more-link\" href=\"https:\/\/almach.pl\/sklep\/?product=lozko-rehabilitacyjne-opuszczajace-sie-do-poziomu-podlogi_luna-ul-2\/\">Read More<span class=\"screen-reader-text\">\u0141\u00f3\u017cko rehabilitacyjne opuszczaj\u0105ce si\u0119 do poziomu pod\u0142ogi Luna UL 2<\/span><\/a><\/div>\n","protected":false},"featured_media":314,"comment_status":"closed","ping_status":"closed","template":"","meta":[],"product_cat":[62,15],"product_tag":[],"_links":{"self":[{"href":"https:\/\/almach.pl\/sklep\/index.php?rest_route=\/wp\/v2\/product\/684"}],"collection":[{"href":"https:\/\/almach.pl\/sklep\/index.php?rest_route=\/wp\/v2\/product"}],"about":[{"href":"https:\/\/almach.pl\/sklep\/index.php?rest_route=\/wp\/v2\/types\/product"}],"replies":[{"embeddable":true,"href":"https:\/\/almach.pl\/sklep\/index.php?rest_route=%2Fwp%2Fv2%2Fcomments&post=684"}],"wp:featuredmedia":[{"embeddable":true,"href":"https:\/\/almach.pl\/sklep\/index.php?rest_route=\/wp\/v2\/media\/314"}],"wp:attachment":[{"href":"https:\/\/almach.pl\/sklep\/index.php?rest_route=%2Fwp%2Fv2%2Fmedia&parent=684"}],"wp:term":[{"taxonomy":"product_cat","embeddable":true,"href":"https:\/\/almach.pl\/sklep\/index.php?rest_route=%2Fwp%2Fv2%2Fproduct_cat&post=684"},{"taxonomy":"product_tag","embeddable":true,"href":"https:\/\/almach.pl\/sklep\/index.php?rest_route=%2Fwp%2Fv2%2Fproduct_tag&post=684"}],"curies":[{"name":"wp","href":"https:\/\/api.w.org\/{rel}","templated":true}]}}