 
 {"id":683,"date":"2021-06-28T10:00:13","date_gmt":"2021-06-28T08:00:13","guid":{"rendered":"https:\/\/almach.pl\/sklep\/?post_type=product&#038;p=683"},"modified":"2021-10-13T08:58:19","modified_gmt":"2021-10-13T06:58:19","slug":"lozko-rehabilitacyjno-pielegnacyjne_luna","status":"publish","type":"product","link":"https:\/\/almach.pl\/sklep\/?product=lozko-rehabilitacyjno-pielegnacyjne_luna\/","title":{"rendered":"\u0141\u00f3\u017cko rehabilitacyjno piel\u0119gnacyjne LUNA"},"content":{"rendered":"<p>Luna 2 jest rozbudowan\u0105 wersj\u0105 modelu LUNA Basic 2 z zabudowanymi panelami od strony g\u0142owy i n\u00f3g. Jest \u0142\u00f3\u017ckiem do opieki domowej, sterowane pilotem. Le\u017ce mo\u017cna zamontowa\u0107 na dw\u00f3ch wysoko\u015bciach, wy\u017cej b\u0105d\u017a ni\u017cej, bardzo istotna cecha dla os\u00f3b wysokich i niskich. VERMEIREN jest \u015bwiadomym i odpowiedzialnym producentem, kt\u00f3ry przy projektowaniu swoich wyrob\u00f3w ws\u0142uchuje si\u0119 w sugestie i opinie zar\u00f3wno u\u017cytkownik\u00f3w jak r\u00f3wnie\u017c pracownik\u00f3w wypo\u017cyczalni oraz sklep\u00f3w medycznych i dopasowuje je do ich wymaga\u0144. Wysoki standard jako\u015bciowy i funkcjonalny sprawia, \u017ce LUNA jest doskona\u0142ym \u0142\u00f3\u017ckiem wspieraj\u0105cym proces piel\u0119gnacji i rehabilitacji oraz podnosi jako\u015b\u0107 \u017cycia os\u00f3b le\u017c\u0105cych.<\/p>\n<div id=\"view:_id1:repeat5\">\n<div id=\"view:_id1:repeat5:0:inputRichText2\">\n<p dir=\"ltr\">Funkcje:<\/p>\n<ul>\n<li>Dwie wysoko\u015bci zawieszenia le\u017ca, wy\u017cej-ni\u017cej,<\/li>\n<li>le\u017ce cztero-segmentowe,<\/li>\n<li>p\u0142ynna regulacja wysoko\u015bci le\u017ca na pilota,<\/li>\n<li>pozycja anty-trendelenburga,<\/li>\n<li>p\u0142ynna regulacja k\u0105ta nachylenia wezg\u0142owia na pilota,<\/li>\n<li>p\u0142ynna regulacja k\u0105ta nachylenia segmentu uda na pilota,<\/li>\n<li>manualna regulacja k\u0105ta nachylenia segmentu,<\/li>\n<li>si\u0142owniki LINAK,<\/li>\n<li>obudowa skrzynkowa w kolorze drzewa bukowego,<\/li>\n<li>wysi\u0119gnik,<\/li>\n<li>barierki drewniane na ca\u0142ej d\u0142ugo\u015bci,<\/li>\n<li>le\u017ce metalowe,<\/li>\n<li>\u0142\u00f3\u017cko dostarczane na systemie transportowym.<\/li>\n<\/ul>\n<p style=\"text-align: left;\">Wyposa\u017cenie opcjonalne:<br \/>\nLe\u017ce wykonane z listew drewnianych spr\u0119\u017cynuj\u0105cych,<br \/>\nSzczyty \u0142\u00f3\u017cka wykonane z p\u0142yty HPL i drewna,<br \/>\nKo\u0142a jezdne 125 mm z hamulcem z funkcj\u0105 jazdy na wprost i \u0142atwego manewrowania (zwi\u0119ksza si\u0119 wysoko\u015b\u0107 le\u017ca od pod\u0142o\u017ca o 25mm),<br \/>\nKr\u0105\u017cki odbojowe w naro\u017cach \u0142\u00f3\u017cka , chroni\u0105ce \u0142\u00f3\u017cko oraz \u015bciany przed uszkodzeniami mechanicznymi,<br \/>\nWieszak kropl\u00f3wki &#8211; podstawa lakierowana, cz\u0119\u015b\u0107 ruchoma z uchwytami chromowana,<br \/>\nMaterac typu GOFER oraz THERAPY w pokrowcu bawe\u0142nianym lub nieprzemakalnym paro-przepuszczalnym, grubo\u015b\u0107 materaca 12 cm,<br \/>\nBarierki stalowe opuszczane , lakierowane proszkowo,<br \/>\nUchwyt na worek na mocz,<br \/>\nUchwyt na kaczk\u0119,<br \/>\nSzafka przy\u0142\u00f3\u017ckowa drewniana z wysuwanym blatem typu \u201eprzyjaciel\u201d na k\u00f3\u0142kach model 385.<\/p>\n<p>Dane techniczne:<\/p>\n<p>Szeroko\u015b\u0107 le\u017ca: 90 cm<br \/>\nD\u0142ugo\u015b\u0107 le\u017ca: 200 cm<br \/>\nSzeroko\u015b\u0107 ca\u0142kowita: 102 cm<br \/>\nD\u0142ugo\u015b\u0107 ca\u0142kowita: 214 cm<br \/>\nMin. wysoko\u015b\u0107 le\u017ca: 33,5\/40 cm<br \/>\nMax. wysoko\u015b\u0107 le\u017ca: 74,5\/81 cm<br \/>\nK\u0105t nachylenia zag\u0142\u00f3wka: 83\u00b0<br \/>\nK\u0105t nachylenia cz\u0119\u015bci udowej: 32\u00b0<br \/>\nK\u0105t nachylenia \u0142ydki: -15\u00b0<br \/>\nMax. obci\u0105\u017cenie: 200 kg<\/p>\n<\/div>\n<\/div>\n","protected":false},"excerpt":{"rendered":"<ul style=\"font-size: 1rem;\">\n<li class=\"transport\"><i class=\"fas fa-dolly\"><\/i> <span style=\"color: #0c7804;\"><strong class=\"transport\"> Darmowa dostawa w Bydgoszczy <\/strong><\/span><\/li>\n<li class=\"transport\"><i class=\"far fa-eye\"><\/i> Mo\u017cliwo\u015b\u0107 obejrzenia sprz\u0119tu w sklepie stacjonarnym<\/li>\n<li class=\"transport\"><i class=\"fas fa-undo\"><\/i> Mo\u017cliwo\u015b\u0107 zwrotu sprz\u0119tu do <strong>30 dni<\/strong><\/li>\n<li class=\"transport\"><i class=\"far fa-credit-card\"><\/i> <strong> P\u0142atno\u015b\u0107 kart\u0105<\/strong><\/li>\n<\/ul>\n<div class=\"important-info\"><strong>\u0141\u00f3\u017cko rehabilitacyjne, w\u00f3zki oraz inny sprz\u0119t rehabilitacyjny<\/strong> wysy\u0142any jest do Pa\u0144stwa na palecie.<br \/>\nKurierzy dor\u0119czaj\u0105 przesy\u0142ki paletowe pod dom\/blok.<br \/>\nOrientacyjny czas dostawy przesy\u0142ek paletowych to ok. <strong>24h &#8211; 48h<\/strong>.<\/div>\n<div class=\"more-link-wrapper\"><a class=\"more-link\" href=\"https:\/\/almach.pl\/sklep\/?product=lozko-rehabilitacyjno-pielegnacyjne_luna\/\">Read More<span class=\"screen-reader-text\">\u0141\u00f3\u017cko rehabilitacyjno piel\u0119gnacyjne LUNA<\/span><\/a><\/div>\n","protected":false},"featured_media":314,"comment_status":"closed","ping_status":"closed","template":"","meta":[],"product_cat":[62,15],"product_tag":[],"_links":{"self":[{"href":"https:\/\/almach.pl\/sklep\/index.php?rest_route=\/wp\/v2\/product\/683"}],"collection":[{"href":"https:\/\/almach.pl\/sklep\/index.php?rest_route=\/wp\/v2\/product"}],"about":[{"href":"https:\/\/almach.pl\/sklep\/index.php?rest_route=\/wp\/v2\/types\/product"}],"replies":[{"embeddable":true,"href":"https:\/\/almach.pl\/sklep\/index.php?rest_route=%2Fwp%2Fv2%2Fcomments&post=683"}],"wp:featuredmedia":[{"embeddable":true,"href":"https:\/\/almach.pl\/sklep\/index.php?rest_route=\/wp\/v2\/media\/314"}],"wp:attachment":[{"href":"https:\/\/almach.pl\/sklep\/index.php?rest_route=%2Fwp%2Fv2%2Fmedia&parent=683"}],"wp:term":[{"taxonomy":"product_cat","embeddable":true,"href":"https:\/\/almach.pl\/sklep\/index.php?rest_route=%2Fwp%2Fv2%2Fproduct_cat&post=683"},{"taxonomy":"product_tag","embeddable":true,"href":"https:\/\/almach.pl\/sklep\/index.php?rest_route=%2Fwp%2Fv2%2Fproduct_tag&post=683"}],"curies":[{"name":"wp","href":"https:\/\/api.w.org\/{rel}","templated":true}]}}