 
 {"id":64,"date":"2021-04-14T10:08:31","date_gmt":"2021-04-14T08:08:31","guid":{"rendered":"https:\/\/almach.pl\/sklep-alpha-2021\/?post_type=product&#038;p=64"},"modified":"2024-07-09T05:26:52","modified_gmt":"2024-07-09T03:26:52","slug":"stolik-przylozkowy-z-przechylanym-blatem","status":"publish","type":"product","link":"https:\/\/almach.pl\/sklep\/?product=stolik-przylozkowy-z-przechylanym-blatem\/","title":{"rendered":"Stolik przy\u0142\u00f3\u017ckowy z przechylanym blatem"},"content":{"rendered":"<p>Ten przy\u0142\u00f3\u017ckowy stoik z przechylanym blatem to absolutna konieczno\u015b\u0107 dla osoby cz\u0119sto przebywaj\u0105cej w \u0142\u00f3\u017cku lub chorej. Prosty przyrz\u0105d pomocniczy sprawdzi si\u0119 podczas choroby jak i w trakcie rekonwalescencji. Klasyczny stolik przy\u0142\u00f3\u017ckowy, kt\u00f3rego dodatkowa funkcja przechylanego blatu zdecydowanie podnosi jego funkcjonalno\u015b\u0107. Stolik nie tylko ma przechylany blat, ale posiada tak\u017ce regulowan\u0105 wysoko\u015b\u0107 dzi\u0119ki czemu mo\u017cna go idealnie dopasowa\u0107 do oczekiwa\u0144 u\u017cytkownika.<\/p>\n<p>Dla osoby sp\u0119dzaj\u0105cej wi\u0119kszo\u015b\u0107 czasu w \u0142\u00f3\u017cku czy na w\u00f3zku, s\u0142owo &#8222;samodzielno\u015b\u0107&#8221; nabiera nowego wymiaru. W\u0142a\u015bciwie dobrane meble pozwalaj\u0105 chocia\u017c troch\u0119 uniezale\u017cni\u0107 si\u0119 od innych. Stolik &#8222;przyjaciel&#8217; dzi\u0119ki konstrukcji w kszta\u0142cie litery &#8222;C&#8217;; pozwala na maksymalne przysuni\u0119cie do \u0142\u00f3\u017cka, k\u00f3\u0142ka jezdne z blokad\u0105 zabezpieczaj\u0105 przed odjechaniem, a regulacja wysoko\u015bci i k\u0105ta blatu roboczego, pozwala na ustawienie zgodnie z potrzeb\u0105 i rodzajem aktywno\u015bci chorego. W drastycznych przypadkach wyst\u0105pienia problem\u00f3w z oddychaniem, pochylenie chorego do przodu, z oparciem g\u00f3rnej cz\u0119\u015bci cia\u0142a na blacie, mo\u017ce nie tylko pog\u0142\u0119bi\u0107 oddech, ale nawet uratowa\u0107 \u017cycie.<\/p>\n<p>Doskonale sprawdzi si\u0119 jako stolik do jedzenia w \u0142\u00f3\u017cku jak i podczas drobnych czynno\u015bci wymagaj\u0105cych stabilnego pod\u0142o\u017ca. Blat zapewnia komfortow\u0105, regulowan\u0105 pod k\u0105tem przestrze\u0144, kt\u00f3r\u0105 ka\u017cdy mo\u017ce zaaran\u017cowa\u0107 wed\u0142ug w\u0142asnego uznania. Zmieszcz\u0105 si\u0119 na nim ksi\u0105\u017cki, gazety a nawet laptop. Doskona\u0142y pomocnik podczas codziennych, zwyk\u0142ych czynno\u015bci, sprawdzi si\u0119 r\u00f3wnie\u017c jako stolik do zada\u0144 specjalnych gdy potrzebujemy wykona\u0107 drobne naprawy czy po prostu szyde\u0142kowa\u0107. Dodatkowo stolik przy\u0142\u00f3\u017ckowy wyposa\u017cony jest w ma\u0142y blat na kt\u00f3rym doskonale zmie\u015bci si\u0119 telefon lub kasetka z lekami. Idealny pomocnik dla ka\u017cdego.<\/p>\n<p>Wysoko\u015b\u0107: 61-96 cm<br \/>\nD\u0142ugo\u015b\u0107: 92 cm<br \/>\nSzeroko\u015b\u0107: 46 cm<br \/>\nRegulowana wysoko\u015b\u0107: 76 cm<br \/>\nWysoko\u015b\u0107 nad pod\u0142og\u0105: 8 cm<br \/>\nPowierzchnia p\u00f3\u0142ki ma\u0142a: 15 x 40 cm (d\u0142. X szer.)<br \/>\nDu\u017ca powierzchnia p\u00f3\u0142ki: 60 x 40 cm (d\u0142. X szer.)<br \/>\nUd\u017awig : maks. 15 kg<\/p>\n","protected":false},"excerpt":{"rendered":"<ul style=\"font-size: 1rem;\">\n<li class=\"transport\"><i class=\"fas fa-dolly\"><\/i> <span style=\"color: #0c7804;\"><strong class=\"transport\"> Darmowa dostawa w Bydgoszczy <\/strong><br \/>\n(przy zam\u00f3wieniu powy\u017cej 100 z\u0142, mo\u017cliwo\u015b\u0107 p\u0142atno\u015bci kart\u0105 przy odbiorze)<\/span><\/li>\n<li class=\"transport\"><i class=\"far fa-eye\"><\/i> Mo\u017cliwo\u015b\u0107 obejrzenia sprz\u0119tu w sklepie stacjonarnym<\/li>\n<li class=\"transport\"><i class=\"fas fa-undo\"><\/i> Mo\u017cliwo\u015b\u0107 zwrotu sprz\u0119tu do <strong>30 dni<\/strong><\/li>\n<li class=\"transport\"><i class=\"far fa-credit-card\"><\/i> <strong> P\u0142atno\u015b\u0107 kart\u0105<\/strong><\/li>\n<\/ul>\n<div class=\"more-link-wrapper\"><a class=\"more-link\" href=\"https:\/\/almach.pl\/sklep\/?product=stolik-przylozkowy-z-przechylanym-blatem\/\">Read More<span class=\"screen-reader-text\">Stolik przy\u0142\u00f3\u017ckowy z przechylanym blatem<\/span><\/a><\/div>\n","protected":false},"featured_media":398,"comment_status":"open","ping_status":"closed","template":"","meta":[],"product_cat":[60,15],"product_tag":[],"_links":{"self":[{"href":"https:\/\/almach.pl\/sklep\/index.php?rest_route=\/wp\/v2\/product\/64"}],"collection":[{"href":"https:\/\/almach.pl\/sklep\/index.php?rest_route=\/wp\/v2\/product"}],"about":[{"href":"https:\/\/almach.pl\/sklep\/index.php?rest_route=\/wp\/v2\/types\/product"}],"replies":[{"embeddable":true,"href":"https:\/\/almach.pl\/sklep\/index.php?rest_route=%2Fwp%2Fv2%2Fcomments&post=64"}],"wp:featuredmedia":[{"embeddable":true,"href":"https:\/\/almach.pl\/sklep\/index.php?rest_route=\/wp\/v2\/media\/398"}],"wp:attachment":[{"href":"https:\/\/almach.pl\/sklep\/index.php?rest_route=%2Fwp%2Fv2%2Fmedia&parent=64"}],"wp:term":[{"taxonomy":"product_cat","embeddable":true,"href":"https:\/\/almach.pl\/sklep\/index.php?rest_route=%2Fwp%2Fv2%2Fproduct_cat&post=64"},{"taxonomy":"product_tag","embeddable":true,"href":"https:\/\/almach.pl\/sklep\/index.php?rest_route=%2Fwp%2Fv2%2Fproduct_tag&post=64"}],"curies":[{"name":"wp","href":"https:\/\/api.w.org\/{rel}","templated":true}]}}