 
 {"id":559,"date":"2021-06-16T14:10:06","date_gmt":"2021-06-16T12:10:06","guid":{"rendered":"https:\/\/almach.pl\/sklep\/?post_type=product&#038;p=559"},"modified":"2021-06-25T01:17:28","modified_gmt":"2021-06-24T23:17:28","slug":"seni-care-sliniaki-z-kieszonka-100-szt","status":"publish","type":"product","link":"https:\/\/almach.pl\/sklep\/?product=seni-care-sliniaki-z-kieszonka-100-szt\/","title":{"rendered":"Seni Care \u015bliniaki z kieszonk\u0105 100 szt."},"content":{"rendered":"<p>Podczas karmienia os\u00f3b niesamodzielnych oraz higieny jamy ustnej ubrania s\u0105 nara\u017cone na zabrudzenia. U\u017cywanie jednorazowych \u015bliniak\u00f3w ochronnych pozwala unikn\u0105\u0107 cz\u0119stego prania. \u015aliniaki ochronne Seni Care s\u0105 wykonane z wytrzyma\u0142ej podfoliowanej bibu\u0142y celulozowej. Maj\u0105 du\u017c\u0105 powierzchni\u0119, kt\u00f3ra gwarantuje czysto\u015b\u0107 i higien\u0119 zar\u00f3wno podczas karmienia, jak i przy goleniu czy innych czynno\u015bciach piel\u0119gnacyjnych.<\/p>\n","protected":false},"excerpt":{"rendered":"<ul style=\"font-size:1rem;\">\n<li class=\"transport\"><i class=\"fas fa-dolly\"><\/i> <span style=\"color: #0c7804;\"><strong class=\"transport\"> Darmowa dostawa w Bydgoszczy <\/strong><br \/>(przy zam\u00f3wieniu powy\u017cej 100 z\u0142, mo\u017cliwo\u015b\u0107 p\u0142atno\u015bci kart\u0105 przy odbiorze)<\/span><\/li>\n<li class=\"transport\"><i class=\"far fa-eye\"><\/i> Mo\u017cliwo\u015b\u0107 obejrzenia sprz\u0119tu w sklepie stacjonarnym<\/li>\n<li class=\"transport\"><i class=\"fas fa-undo\"><\/i> Mo\u017cliwo\u015b\u0107 zwrotu sprz\u0119tu do <strong>30 dni<\/strong><\/li>\n<li class=\"transport\"><i class=\"far fa-credit-card\"><\/i> <strong> P\u0142atno\u015b\u0107 kart\u0105<\/strong><\/li>\n<\/ul>\n<div class=\"more-link-wrapper\"><a class=\"more-link\" href=\"https:\/\/almach.pl\/sklep\/?product=seni-care-sliniaki-z-kieszonka-100-szt\/\">Read More<span class=\"screen-reader-text\">Seni Care \u015bliniaki z kieszonk\u0105 100 szt.<\/span><\/a><\/div>\n","protected":false},"featured_media":560,"comment_status":"closed","ping_status":"closed","template":"","meta":[],"product_cat":[22],"product_tag":[],"_links":{"self":[{"href":"https:\/\/almach.pl\/sklep\/index.php?rest_route=\/wp\/v2\/product\/559"}],"collection":[{"href":"https:\/\/almach.pl\/sklep\/index.php?rest_route=\/wp\/v2\/product"}],"about":[{"href":"https:\/\/almach.pl\/sklep\/index.php?rest_route=\/wp\/v2\/types\/product"}],"replies":[{"embeddable":true,"href":"https:\/\/almach.pl\/sklep\/index.php?rest_route=%2Fwp%2Fv2%2Fcomments&post=559"}],"wp:featuredmedia":[{"embeddable":true,"href":"https:\/\/almach.pl\/sklep\/index.php?rest_route=\/wp\/v2\/media\/560"}],"wp:attachment":[{"href":"https:\/\/almach.pl\/sklep\/index.php?rest_route=%2Fwp%2Fv2%2Fmedia&parent=559"}],"wp:term":[{"taxonomy":"product_cat","embeddable":true,"href":"https:\/\/almach.pl\/sklep\/index.php?rest_route=%2Fwp%2Fv2%2Fproduct_cat&post=559"},{"taxonomy":"product_tag","embeddable":true,"href":"https:\/\/almach.pl\/sklep\/index.php?rest_route=%2Fwp%2Fv2%2Fproduct_tag&post=559"}],"curies":[{"name":"wp","href":"https:\/\/api.w.org\/{rel}","templated":true}]}}