 
 {"id":555,"date":"2021-06-16T14:06:12","date_gmt":"2021-06-16T12:06:12","guid":{"rendered":"https:\/\/almach.pl\/sklep\/?post_type=product&#038;p=555"},"modified":"2022-12-08T09:47:11","modified_gmt":"2022-12-08T08:47:11","slug":"seni-care-pianka-myjaco-pielegnujaca-500-ml","status":"publish","type":"product","link":"https:\/\/almach.pl\/sklep\/?product=seni-care-pianka-myjaco-pielegnujaca-500-ml\/","title":{"rendered":"Seni Care pianka  myj\u0105co-piel\u0119gnuj\u0105ca 500 ml"},"content":{"rendered":"<p>Do codziennego oczyszczania i piel\u0119gnacji sk\u00f3ry sk\u0142onnej do podra\u017cnie\u0144. Szczeg\u00f3lnie polecana do oczyszczania okolic intymnych podczas zmiany wyrobu ch\u0142onnego w przypadku nietrzymaniu moczu i ka\u0142u.<\/p>\n<p>Dzi\u0119ki delikatnym sk\u0142adnikom myj\u0105cym dok\u0142adnie oczyszcza sk\u00f3r\u0119 z zanieczyszcze\u0144, nie naruszaj\u0105c ochronnej bariery sk\u00f3ry. Zawiera sk\u0142adnik nat\u0142uszczaj\u0105cy z oliwki oraz cukrow\u0105 betain\u0119 o w\u0142a\u015bciwo\u015bciach nawil\u017caj\u0105cych. Dzi\u0119ki zawarto\u015bci pantenolu \u0142agodzi podra\u017cnienia wra\u017cliwej sk\u00f3ry. Pozwala utrzyma\u0107 odpowiednie pH sk\u00f3ry, co jest szczeg\u00f3lnie istotne w miejscach intymnych. Zawiera sk\u0142adnik naturalnego pochodzenia neutralizuj\u0105cy zapach moczu.<\/p>\n<p>Sk\u0142adniki aktywne: SINODOR, pochodna oliwy z oliwek, pantenol, biokompleks lniany, kwas mlekowy<\/p>\n<p>Cechy produktu:<br \/>\n\u2022 skutecznie oczyszcza sk\u00f3r\u0119, m.in. z potu, moczu i ka\u0142u<br \/>\n\u2022 koi sk\u00f3r\u0119, nawil\u017ca j\u0105 i nat\u0142uszcza<br \/>\n\u2022 neutralizuje zapach<br \/>\n\u2022 wygodna aplikacja, bez sp\u0142ukiwania<\/p>\n<p>Efekt:<br \/>\n\u2022 czysta i od\u015bwie\u017cona, zdrowo wygl\u0105daj\u0105ca sk\u00f3ra<br \/>\n\u2022 mi\u0119kka i optymalnie nawil\u017cona sk\u00f3ra<\/p>\n<p>Opinia profesjonalnych opiekun\u00f3w:<br \/>\n98% profesjonalnych opiekun\u00f3w potwierdzi\u0142o efekt niwelowania zapachu przez piank\u0119 Seni Care.*<br \/>\n90% profesjonalnych opiekun\u00f3w uwa\u017ca, \u017ce pianka Seni Care jest niezb\u0119dna w piel\u0119gnacji osoby z nietrzymaniem moczu.*<br \/>\n*Badanie przeprowadzone w instytucjach opieki d\u0142ugoterminowej w Polsce, w 2019 roku na pr\u00f3bie 305 os\u00f3b, przez Europejskie Centrum Opieki D\u0142ugoterminowej<br \/>\npH przyjazne dla sk\u00f3ry.<\/p>\n<p>Produkt wega\u0144ski &#8211; nie zawiera substancji pochodzenia zwierz\u0119cego.<br \/>\nProdukt rekomendowany przez Polskie Towarzystwo Gerontologiczne.<\/p>\n","protected":false},"excerpt":{"rendered":"<ul style=\"font-size:1rem;\">\n<li class=\"transport\"><i class=\"fas fa-dolly\"><\/i> <span style=\"color: #0c7804;\"><strong class=\"transport\"> Darmowa dostawa w Bydgoszczy <\/strong><br \/>(przy zam\u00f3wieniu powy\u017cej 100 z\u0142, mo\u017cliwo\u015b\u0107 p\u0142atno\u015bci kart\u0105 przy odbiorze)<\/span><\/li>\n<li class=\"transport\"><i class=\"far fa-eye\"><\/i> Mo\u017cliwo\u015b\u0107 obejrzenia sprz\u0119tu w sklepie stacjonarnym<\/li>\n<li class=\"transport\"><i class=\"fas fa-undo\"><\/i> Mo\u017cliwo\u015b\u0107 zwrotu sprz\u0119tu do <strong>30 dni<\/strong><\/li>\n<li class=\"transport\"><i class=\"far fa-credit-card\"><\/i> <strong> P\u0142atno\u015b\u0107 kart\u0105<\/strong><\/li>\n<\/ul>\n<div class=\"more-link-wrapper\"><a class=\"more-link\" href=\"https:\/\/almach.pl\/sklep\/?product=seni-care-pianka-myjaco-pielegnujaca-500-ml\/\">Read More<span class=\"screen-reader-text\">Seni Care pianka  myj\u0105co-piel\u0119gnuj\u0105ca 500 ml<\/span><\/a><\/div>\n","protected":false},"featured_media":556,"comment_status":"closed","ping_status":"closed","template":"","meta":[],"product_cat":[22],"product_tag":[],"_links":{"self":[{"href":"https:\/\/almach.pl\/sklep\/index.php?rest_route=\/wp\/v2\/product\/555"}],"collection":[{"href":"https:\/\/almach.pl\/sklep\/index.php?rest_route=\/wp\/v2\/product"}],"about":[{"href":"https:\/\/almach.pl\/sklep\/index.php?rest_route=\/wp\/v2\/types\/product"}],"replies":[{"embeddable":true,"href":"https:\/\/almach.pl\/sklep\/index.php?rest_route=%2Fwp%2Fv2%2Fcomments&post=555"}],"wp:featuredmedia":[{"embeddable":true,"href":"https:\/\/almach.pl\/sklep\/index.php?rest_route=\/wp\/v2\/media\/556"}],"wp:attachment":[{"href":"https:\/\/almach.pl\/sklep\/index.php?rest_route=%2Fwp%2Fv2%2Fmedia&parent=555"}],"wp:term":[{"taxonomy":"product_cat","embeddable":true,"href":"https:\/\/almach.pl\/sklep\/index.php?rest_route=%2Fwp%2Fv2%2Fproduct_cat&post=555"},{"taxonomy":"product_tag","embeddable":true,"href":"https:\/\/almach.pl\/sklep\/index.php?rest_route=%2Fwp%2Fv2%2Fproduct_tag&post=555"}],"curies":[{"name":"wp","href":"https:\/\/api.w.org\/{rel}","templated":true}]}}