 
 {"id":553,"date":"2021-06-16T14:01:25","date_gmt":"2021-06-16T12:01:25","guid":{"rendered":"https:\/\/almach.pl\/sklep\/?post_type=product&#038;p=553"},"modified":"2021-07-21T13:00:51","modified_gmt":"2021-07-21T11:00:51","slug":"krem-ochronny-z-tlenkiem-cynku-200-ml","status":"publish","type":"product","link":"https:\/\/almach.pl\/sklep\/?product=krem-ochronny-z-tlenkiem-cynku-200-ml\/","title":{"rendered":"Seni Care krem ochronny z tlenkiem cynku 200 ml"},"content":{"rendered":"<p>Krem ochronny z tlenkiem cynku do sk\u00f3ry nara\u017conej na odparzenia i odle\u017cyny, szczeg\u00f3lnie u os\u00f3b przewlekle chorych i na sta\u0142e pozostaj\u0105cych w \u0142\u00f3\u017cku, kt\u00f3rych sk\u00f3ra wymaga wyj\u0105tkowo delikatnej piel\u0119gnacji. Doskona\u0142y do zabezpieczania sk\u00f3ry okolic intymnych u os\u00f3b z nietrzymaniem moczu, tak\u017ce w przypadku sk\u0142onno\u015bci do maceracji sk\u00f3ry.<\/p>\n<p>Tworzy na sk\u00f3rze warstw\u0119 ochronn\u0105, zabezpieczaj\u0105c\u0105 przed szkodliwym dzia\u0142aniem sk\u0142adnik\u00f3w dra\u017cni\u0105cych zawartych w moczu i kale. Krem piel\u0119gnuje podra\u017cnion\u0105 sk\u00f3r\u0119, a dzi\u0119ki optymalnej zawarto\u015bci tlenku cynku krem piel\u0119gnuje podra\u017cnion\u0105 sk\u00f3r\u0119 i zabezpiecza przed powstawaniem nowych zmian. Receptura wzbogacona o koj\u0105cy podra\u017cnienia biokompleks lniany oraz nawil\u017caj\u0105cy pantenol i \u0142agodz\u0105cy ekstrakt z rumianku. Zawiera sk\u0142adnik naturalnego pochodzenia neutralizuj\u0105cy zapach moczu.<\/p>\n<p>Sk\u0142adniki aktywne: tlenek cynku, biokompleks lniany, ekstrakt z kwiatu rumianku, pantenol, gliceryna, SINODOR<\/p>\n<p>Cechy produktu:<br \/>\n\u2022 dzia\u0142a \u0142agodz\u0105co i ochronnie na sk\u00f3r\u0119 odparzon\u0105 i podra\u017cnion\u0105<br \/>\n\u2022 przyspiesza regeneracj\u0119 podra\u017cnionej sk\u00f3ry<br \/>\n\u2022 nawil\u017ca miejsca nara\u017cone na odle\u017cyny<br \/>\n\u2022 neutralizuje zapach<\/p>\n<p>Efekt:<br \/>\n\u2022 z\u0142agodzone podra\u017cnienia i odparzenia, co redukuje ryzyko odle\u017cyn<br \/>\n\u2022 sk\u00f3ra zabezpieczona warstw\u0105 ochronn\u0105 przed dzia\u0142aniem substancji dra\u017cni\u0105cych<br \/>\n\u2022 szybsza regeneracja odparzonej sk\u00f3ry<\/p>\n<p>Produkt rekomendowany przez Polskie Towarzystwo Gerontologiczne.<\/p>\n","protected":false},"excerpt":{"rendered":"<ul style=\"font-size: 1rem;\">\n<li class=\"transport\"><i class=\"fas fa-dolly\"><\/i> <span style=\"color: #0c7804;\"><strong class=\"transport\"> Darmowa dostawa w Bydgoszczy <\/strong><br \/>\n(przy zam\u00f3wieniu powy\u017cej 100 z\u0142, mo\u017cliwo\u015b\u0107 p\u0142atno\u015bci kart\u0105 przy odbiorze)<\/span><\/li>\n<li class=\"transport\"><i class=\"far fa-eye\"><\/i> Mo\u017cliwo\u015b\u0107 obejrzenia sprz\u0119tu w sklepie stacjonarnym<\/li>\n<li class=\"transport\"><i class=\"fas fa-undo\"><\/i> Mo\u017cliwo\u015b\u0107 zwrotu sprz\u0119tu do <strong>30 dni<\/strong><\/li>\n<li class=\"transport\"><i class=\"far fa-credit-card\"><\/i> <strong> P\u0142atno\u015b\u0107 kart\u0105<\/strong><\/li>\n<\/ul>\n<div class=\"more-link-wrapper\"><a class=\"more-link\" href=\"https:\/\/almach.pl\/sklep\/?product=krem-ochronny-z-tlenkiem-cynku-200-ml\/\">Read More<span class=\"screen-reader-text\">Seni Care krem ochronny z tlenkiem cynku 200 ml<\/span><\/a><\/div>\n","protected":false},"featured_media":554,"comment_status":"closed","ping_status":"closed","template":"","meta":[],"product_cat":[22],"product_tag":[],"_links":{"self":[{"href":"https:\/\/almach.pl\/sklep\/index.php?rest_route=\/wp\/v2\/product\/553"}],"collection":[{"href":"https:\/\/almach.pl\/sklep\/index.php?rest_route=\/wp\/v2\/product"}],"about":[{"href":"https:\/\/almach.pl\/sklep\/index.php?rest_route=\/wp\/v2\/types\/product"}],"replies":[{"embeddable":true,"href":"https:\/\/almach.pl\/sklep\/index.php?rest_route=%2Fwp%2Fv2%2Fcomments&post=553"}],"wp:featuredmedia":[{"embeddable":true,"href":"https:\/\/almach.pl\/sklep\/index.php?rest_route=\/wp\/v2\/media\/554"}],"wp:attachment":[{"href":"https:\/\/almach.pl\/sklep\/index.php?rest_route=%2Fwp%2Fv2%2Fmedia&parent=553"}],"wp:term":[{"taxonomy":"product_cat","embeddable":true,"href":"https:\/\/almach.pl\/sklep\/index.php?rest_route=%2Fwp%2Fv2%2Fproduct_cat&post=553"},{"taxonomy":"product_tag","embeddable":true,"href":"https:\/\/almach.pl\/sklep\/index.php?rest_route=%2Fwp%2Fv2%2Fproduct_tag&post=553"}],"curies":[{"name":"wp","href":"https:\/\/api.w.org\/{rel}","templated":true}]}}