 
 {"id":551,"date":"2021-06-16T14:01:09","date_gmt":"2021-06-16T12:01:09","guid":{"rendered":"https:\/\/almach.pl\/sklep\/?post_type=product&#038;p=551"},"modified":"2025-04-26T11:31:30","modified_gmt":"2025-04-26T09:31:30","slug":"krem-ochronny-z-arginina","status":"publish","type":"product","link":"https:\/\/almach.pl\/sklep\/?product=krem-ochronny-z-arginina\/","title":{"rendered":"Krem ochronny przeciw odparzeniom z arginin\u0105"},"content":{"rendered":"<p>Do sk\u00f3ry nara\u017conej na odparzenia i odle\u017cyny, szczeg\u00f3lnie u os\u00f3b przewlekle chorych i na sta\u0142e pozostaj\u0105cych w \u0142\u00f3\u017cku, kt\u00f3rych sk\u00f3ra wymaga wyj\u0105tkowo delikatnej piel\u0119gnacji. Doskona\u0142y do zabezpieczania sk\u00f3ry okolic intymnych u os\u00f3b z nietrzymaniem moczu, a tak\u017ce do piel\u0119gnacji miejsc ulegaj\u0105cych cz\u0119stym otarciom &#8211; w fa\u0142dach sk\u00f3ry, na udach, pod biustem.<\/p>\n<p>Ma lekk\u0105 konsystencj\u0119 i \u0142atwo si\u0119 wch\u0142ania. Tworzy na sk\u00f3rze przezroczyst\u0105 warstw\u0119 ochronn\u0105. Arginina zawarta w kremie nawil\u017ca i przyspiesza regeneracj\u0119 nask\u00f3rka, a wraz z olejem canola chroni przed powstawaniem podra\u017cnie\u0144. Receptura wzbogacona o od\u017cywczy, koj\u0105cy i \u0142agodz\u0105cy podra\u017cnienia biokompleks lniany oraz nawil\u017caj\u0105cy pantenol. Zawiera sk\u0142adnik naturalnego pochodzenia neutralizuj\u0105cy zapach moczu.<\/p>\n<p>Sk\u0142adniki aktywne: arginina, alantoina, biokompleks lniany, pantenol, mas\u0142o shea, olej canola, olej z pestek winogron, SINODOR<\/p>\n<p>Cechy produktu:<br \/>\n\u2022 chroni sk\u00f3r\u0119 nara\u017con\u0105 na powstawanie odparze\u0144 i podra\u017cnie\u0144<br \/>\n\u2022 przyspiesza regeneracj\u0119 podra\u017cnionej sk\u00f3ry<br \/>\n\u2022 optymalnie nawil\u017ca<br \/>\n\u2022 neutralizuje zapach<\/p>\n<p>Efekt:<br \/>\n\u2022 zredukowane ryzyko powstania odparze\u0144, podra\u017cnie\u0144 i odle\u017cyn<br \/>\n\u2022 sk\u00f3ra chroniona przezroczyst\u0105 warstw\u0105 przed dzia\u0142aniem substancji dra\u017cni\u0105cych<br \/>\n\u2022 z\u0142agodzone nieprzyjemne objawy sucho\u015bci i napi\u0119cia sk\u00f3ry<\/p>\n<p>Opinia profesjonalnych opiekun\u00f3w:<br \/>\n86% profesjonalnych opiekun\u00f3w uwa\u017ca, \u017ce krem ochronny Seni Care z arginin\u0105 jest niezb\u0119dny w piel\u0119gnacji osoby z nietrzymaniem moczu.*<br \/>\n91% profesjonalnych opiekun\u00f3w zauwa\u017cy\u0142o popraw\u0119 stanu sk\u00f3ry i brak nowo powsta\u0142ych zmian na sk\u00f3rze.*<br \/>\n*Badanie przeprowadzone w instytucjach opieki d\u0142ugoterminowej w Polsce, w 2019 roku na pr\u00f3bie 305 os\u00f3b, przez Europejskie Centrum Opieki D\u0142ugoterminowej.<\/p>\n<p>Produkt wega\u0144ski &#8211; bez substancji pochodzenia zwierz\u0119cego.<br \/>\nProdukt rekomendowany przez Polskie Towarzystwo Gerontologiczne.<\/p>\n","protected":false},"excerpt":{"rendered":"<ul style=\"font-size: 1rem;\">\n<li class=\"transport\"><i class=\"fas fa-dolly\"><\/i> <span style=\"color: #0c7804;\"><strong class=\"transport\"> Darmowa dostawa w Bydgoszczy <\/strong><br \/>\n(przy zam\u00f3wieniu powy\u017cej 100 z\u0142, mo\u017cliwo\u015b\u0107 p\u0142atno\u015bci kart\u0105 przy odbiorze)<\/span><\/li>\n<li class=\"transport\"><i class=\"far fa-eye\"><\/i> Mo\u017cliwo\u015b\u0107 obejrzenia sprz\u0119tu w sklepie stacjonarnym<\/li>\n<li class=\"transport\"><i class=\"fas fa-undo\"><\/i> Mo\u017cliwo\u015b\u0107 zwrotu sprz\u0119tu do <strong>30 dni<\/strong><\/li>\n<li class=\"transport\"><i class=\"far fa-credit-card\"><\/i> <strong> P\u0142atno\u015b\u0107 kart\u0105<\/strong><\/li>\n<\/ul>\n<div class=\"more-link-wrapper\"><a class=\"more-link\" href=\"https:\/\/almach.pl\/sklep\/?product=krem-ochronny-z-arginina\/\">Read More<span class=\"screen-reader-text\">Krem ochronny przeciw odparzeniom z arginin\u0105<\/span><\/a><\/div>\n","protected":false},"featured_media":552,"comment_status":"open","ping_status":"closed","template":"","meta":[],"product_cat":[22],"product_tag":[],"_links":{"self":[{"href":"https:\/\/almach.pl\/sklep\/index.php?rest_route=\/wp\/v2\/product\/551"}],"collection":[{"href":"https:\/\/almach.pl\/sklep\/index.php?rest_route=\/wp\/v2\/product"}],"about":[{"href":"https:\/\/almach.pl\/sklep\/index.php?rest_route=\/wp\/v2\/types\/product"}],"replies":[{"embeddable":true,"href":"https:\/\/almach.pl\/sklep\/index.php?rest_route=%2Fwp%2Fv2%2Fcomments&post=551"}],"wp:featuredmedia":[{"embeddable":true,"href":"https:\/\/almach.pl\/sklep\/index.php?rest_route=\/wp\/v2\/media\/552"}],"wp:attachment":[{"href":"https:\/\/almach.pl\/sklep\/index.php?rest_route=%2Fwp%2Fv2%2Fmedia&parent=551"}],"wp:term":[{"taxonomy":"product_cat","embeddable":true,"href":"https:\/\/almach.pl\/sklep\/index.php?rest_route=%2Fwp%2Fv2%2Fproduct_cat&post=551"},{"taxonomy":"product_tag","embeddable":true,"href":"https:\/\/almach.pl\/sklep\/index.php?rest_route=%2Fwp%2Fv2%2Fproduct_tag&post=551"}],"curies":[{"name":"wp","href":"https:\/\/api.w.org\/{rel}","templated":true}]}}