 
 {"id":549,"date":"2021-06-16T13:58:59","date_gmt":"2021-06-16T11:58:59","guid":{"rendered":"https:\/\/almach.pl\/sklep\/?post_type=product&#038;p=549"},"modified":"2021-06-25T01:20:52","modified_gmt":"2021-06-24T23:20:52","slug":"seni-care-szampon-nawilzajacy-z-mocznikiem-3-500ml","status":"publish","type":"product","link":"https:\/\/almach.pl\/sklep\/?product=seni-care-szampon-nawilzajacy-z-mocznikiem-3-500ml\/","title":{"rendered":"Seni Care szampon nawil\u017caj\u0105cy z mocznikiem 3% 500ml"},"content":{"rendered":"<p>Do delikatnego mycia suchej i wra\u017cliwej sk\u00f3ry g\u0142owy ze sk\u0142onno\u015bci\u0105 do podra\u017cnie\u0144. Do ka\u017cdego rodzaju w\u0142os\u00f3w. Szczeg\u00f3lnie polecany do sk\u00f3ry wymagaj\u0105cej wyj\u0105tkowo delikatnej piel\u0119gnacji, w tym dla os\u00f3b starszych.<\/p>\n<p>\u0141agodna receptura oparta na delikatnym uk\u0142adzie myj\u0105cym sprawia, \u017ce szampon jest dobrze tolerowany przez nawet najbardziej wra\u017cliw\u0105 sk\u00f3r\u0119. Zawiera 3% mocznika, kt\u00f3ry wspiera naturalne z\u0142uszczanie suchego nask\u00f3rka oraz nawil\u017ca sk\u00f3r\u0119 g\u0142owy, pozostawiaj\u0105c j\u0105 g\u0142adk\u0105 i od\u017cywion\u0105. Kompleks witamin poprawia kondycj\u0119 w\u0142os\u00f3w i przywraca im zdrowy wygl\u0105d.<\/p>\n<p>Sk\u0142adniki aktywne: mocznik (urea) 3%, kompleks witamin (B3, B5, B6, C, E), biokompleks lniany, pantenol, wyci\u0105g z kadzid\u0142owca, kwas mlekowy<\/p>\n<p>Cechy produktu:<br \/>\n\u2022 nawil\u017ca, wyg\u0142adza i piel\u0119gnuje<br \/>\n\u2022 od\u017cywia sk\u00f3r\u0119 g\u0142owy<br \/>\n\u2022 lekko si\u0119 pieni i \u0142atwo sp\u0142ukuje<\/p>\n<p>Efekt:<br \/>\n\u2022 widocznie poprawiona kondycja w\u0142os\u00f3w i sk\u00f3ry g\u0142owy<br \/>\n\u2022 zredukowane uczucie sw\u0119dzenia<br \/>\n\u2022 czyste, mi\u0119kkie i zdrowe w\u0142osy<\/p>\n<p>pH przyjazne dla sk\u00f3ry.<\/p>\n","protected":false},"excerpt":{"rendered":"<ul style=\"font-size:1rem;\">\n<li class=\"transport\"><i class=\"fas fa-dolly\"><\/i> <span style=\"color: #0c7804;\"><strong class=\"transport\"> Darmowa dostawa w Bydgoszczy <\/strong><br \/>(przy zam\u00f3wieniu powy\u017cej 100 z\u0142, mo\u017cliwo\u015b\u0107 p\u0142atno\u015bci kart\u0105 przy odbiorze)<\/span><\/li>\n<li class=\"transport\"><i class=\"far fa-eye\"><\/i> Mo\u017cliwo\u015b\u0107 obejrzenia sprz\u0119tu w sklepie stacjonarnym<\/li>\n<li class=\"transport\"><i class=\"fas fa-undo\"><\/i> Mo\u017cliwo\u015b\u0107 zwrotu sprz\u0119tu do <strong>30 dni<\/strong><\/li>\n<li class=\"transport\"><i class=\"far fa-credit-card\"><\/i> <strong> P\u0142atno\u015b\u0107 kart\u0105<\/strong><\/li>\n<\/ul>\n<div class=\"more-link-wrapper\"><a class=\"more-link\" href=\"https:\/\/almach.pl\/sklep\/?product=seni-care-szampon-nawilzajacy-z-mocznikiem-3-500ml\/\">Read More<span class=\"screen-reader-text\">Seni Care szampon nawil\u017caj\u0105cy z mocznikiem 3% 500ml<\/span><\/a><\/div>\n","protected":false},"featured_media":550,"comment_status":"closed","ping_status":"closed","template":"","meta":[],"product_cat":[22],"product_tag":[],"_links":{"self":[{"href":"https:\/\/almach.pl\/sklep\/index.php?rest_route=\/wp\/v2\/product\/549"}],"collection":[{"href":"https:\/\/almach.pl\/sklep\/index.php?rest_route=\/wp\/v2\/product"}],"about":[{"href":"https:\/\/almach.pl\/sklep\/index.php?rest_route=\/wp\/v2\/types\/product"}],"replies":[{"embeddable":true,"href":"https:\/\/almach.pl\/sklep\/index.php?rest_route=%2Fwp%2Fv2%2Fcomments&post=549"}],"wp:featuredmedia":[{"embeddable":true,"href":"https:\/\/almach.pl\/sklep\/index.php?rest_route=\/wp\/v2\/media\/550"}],"wp:attachment":[{"href":"https:\/\/almach.pl\/sklep\/index.php?rest_route=%2Fwp%2Fv2%2Fmedia&parent=549"}],"wp:term":[{"taxonomy":"product_cat","embeddable":true,"href":"https:\/\/almach.pl\/sklep\/index.php?rest_route=%2Fwp%2Fv2%2Fproduct_cat&post=549"},{"taxonomy":"product_tag","embeddable":true,"href":"https:\/\/almach.pl\/sklep\/index.php?rest_route=%2Fwp%2Fv2%2Fproduct_tag&post=549"}],"curies":[{"name":"wp","href":"https:\/\/api.w.org\/{rel}","templated":true}]}}