 
 {"id":542,"date":"2021-06-16T13:46:25","date_gmt":"2021-06-16T11:46:25","guid":{"rendered":"https:\/\/almach.pl\/sklep\/?post_type=product&#038;p=542"},"modified":"2022-12-08T09:49:01","modified_gmt":"2022-12-08T08:49:01","slug":"seni-care-myjki-higieniczne-50-szt","status":"publish","type":"product","link":"https:\/\/almach.pl\/sklep\/?product=seni-care-myjki-higieniczne-50-szt\/","title":{"rendered":"Seni Care myjki higieniczne (50 szt.)"},"content":{"rendered":"<p>Jednorazowe myjki niepodfoliowane z mi\u0119kkiej w\u0142\u00f3kniny, do delikatnego i skutecznego oczyszczania sk\u00f3ry podopiecznego. Polecane do stosowania podczas mycia przy u\u017cyciu wody.<\/p>\n","protected":false},"excerpt":{"rendered":"<ul style=\"font-size:1rem;\">\n<li class=\"transport\"><i class=\"fas fa-dolly\"><\/i> <span style=\"color: #0c7804;\"><strong class=\"transport\"> Darmowa dostawa w Bydgoszczy <\/strong><br \/>(przy zam\u00f3wieniu powy\u017cej 100 z\u0142, mo\u017cliwo\u015b\u0107 p\u0142atno\u015bci kart\u0105 przy odbiorze)<\/span><\/li>\n<li class=\"transport\"><i class=\"far fa-eye\"><\/i> Mo\u017cliwo\u015b\u0107 obejrzenia sprz\u0119tu w sklepie stacjonarnym<\/li>\n<li class=\"transport\"><i class=\"fas fa-undo\"><\/i> Mo\u017cliwo\u015b\u0107 zwrotu sprz\u0119tu do <strong>30 dni<\/strong><\/li>\n<li class=\"transport\"><i class=\"far fa-credit-card\"><\/i> <strong> P\u0142atno\u015b\u0107 kart\u0105<\/strong><\/li>\n<\/ul>\n<div class=\"more-link-wrapper\"><a class=\"more-link\" href=\"https:\/\/almach.pl\/sklep\/?product=seni-care-myjki-higieniczne-50-szt\/\">Read More<span class=\"screen-reader-text\">Seni Care myjki higieniczne (50 szt.)<\/span><\/a><\/div>\n","protected":false},"featured_media":544,"comment_status":"closed","ping_status":"closed","template":"","meta":[],"product_cat":[22],"product_tag":[],"_links":{"self":[{"href":"https:\/\/almach.pl\/sklep\/index.php?rest_route=\/wp\/v2\/product\/542"}],"collection":[{"href":"https:\/\/almach.pl\/sklep\/index.php?rest_route=\/wp\/v2\/product"}],"about":[{"href":"https:\/\/almach.pl\/sklep\/index.php?rest_route=\/wp\/v2\/types\/product"}],"replies":[{"embeddable":true,"href":"https:\/\/almach.pl\/sklep\/index.php?rest_route=%2Fwp%2Fv2%2Fcomments&post=542"}],"wp:featuredmedia":[{"embeddable":true,"href":"https:\/\/almach.pl\/sklep\/index.php?rest_route=\/wp\/v2\/media\/544"}],"wp:attachment":[{"href":"https:\/\/almach.pl\/sklep\/index.php?rest_route=%2Fwp%2Fv2%2Fmedia&parent=542"}],"wp:term":[{"taxonomy":"product_cat","embeddable":true,"href":"https:\/\/almach.pl\/sklep\/index.php?rest_route=%2Fwp%2Fv2%2Fproduct_cat&post=542"},{"taxonomy":"product_tag","embeddable":true,"href":"https:\/\/almach.pl\/sklep\/index.php?rest_route=%2Fwp%2Fv2%2Fproduct_tag&post=542"}],"curies":[{"name":"wp","href":"https:\/\/api.w.org\/{rel}","templated":true}]}}