 
 {"id":523,"date":"2021-06-16T13:29:10","date_gmt":"2021-06-16T11:29:10","guid":{"rendered":"https:\/\/almach.pl\/sklep\/?post_type=product&#038;p=523"},"modified":"2022-05-18T15:23:30","modified_gmt":"2022-05-18T13:23:30","slug":"pieluchomajtki-super-seni-plus-roz-m-30szt","status":"publish","type":"product","link":"https:\/\/almach.pl\/sklep\/?product=pieluchomajtki-super-seni-plus-roz-m-30szt\/","title":{"rendered":"Pieluchomajtki Super Seni Plus roz. M (30szt.)"},"content":{"rendered":"<p>Super Seni Plus (ch\u0142onno\u015b\u0107 7\/9 kropelek) to oddychaj\u0105ce pieluchomajtki dla doros\u0142ych zapinane na rzepy. To drugi z czterech poziom\u00f3w ch\u0142onno\u015bci, tzw. ch\u0142onno\u015b\u0107 dzienna, rekomendowana przy nasilonym nietrzymaniu moczu. Pieluchomajtki Super Seni Plus przeznaczone s\u0105 dla os\u00f3b ze \u015brednim i ci\u0119\u017ckim nietrzymaniem moczu o ograniczonej mobilno\u015bci (na sta\u0142e pozostaj\u0105cych w \u0142\u00f3\u017cku lub poruszaj\u0105cych si\u0119 przy wsparciu opiekuna).<\/p>\n<p>Na noc warto si\u0119gn\u0105\u0107 po pieluchomajtki Super Seni Quatro podwy\u017cszonej ch\u0142onno\u015bci.<\/p>\n<p>Dopasowanie do cia\u0142a \u2013 elastyczne elementy dopasowuj\u0105ce si\u0119 do kszta\u0142tu plec\u00f3w oraz brzucha i dodatkowe os\u0142onki boczne gwarantuj\u0105 ochron\u0119 przed wyciekami i zatrzymuj\u0105 mocz wewn\u0105trz pieluchy.<br \/>\nWysoka ch\u0142onno\u015b\u0107 \u2013 wk\u0142ad ch\u0142onny i specjalna w\u0142\u00f3knina dystrybucyjna sprawiaj\u0105, \u017ce pieluchomajtki Super Seni s\u0105 w stanie wch\u0142on\u0105\u0107 wi\u0119ksz\u0105 ilo\u015b\u0107 moczu i zatrzyma\u0107 go wewn\u0105trz.<br \/>\nKontrola zapachu \u2013 dzi\u0119ki superabsorbentowi zawartemu we wk\u0142adzie ch\u0142onnym pieluchomajtki Super Seni zapewniaj\u0105 nie tylko sucho\u015b\u0107, ale tak\u017ce neutralizacj\u0119 nieprzyjemnego zapachu moczu.<br \/>\nWska\u017anik wilgotno\u015bci \u2013 oznaczenie umieszczone na zewn\u0119trznej stronie pieluchomajtek Super Seni informuje o stopniu nape\u0142nienia pieluchy i konieczno\u015bci jej zmiany.<\/p>\n<p>Produkty Seni rekomendowane s\u0105 przez Polskie Towarzystwo Gerontologiczne.<\/p>\n<p>Cechy:<\/p>\n<p>oddychalno\u015b\u0107<br \/>\nos\u0142onki boczne<br \/>\ndopasowanie do cia\u0142a na ca\u0142ym obwodzie<br \/>\nindykator wilgotno\u015bci<br \/>\nwysoka ch\u0142onno\u015b\u0107<br \/>\nszybkie rozprowadzanie wilgoci<br \/>\nmi\u0119kko\u015b\u0107 i delikatno\u015b\u0107<br \/>\nkontrola zapachu<br \/>\nbez lateksu<br \/>\ntestowane dermatologicznie<br \/>\nPolski Produkt<br \/>\nch\u0142onno\u015b\u0107 7\/9<\/p>\n<p>Spos\u00f3b u\u017cycia:<\/p>\n<p>Pieluchomajtki przed za\u0142o\u017ceniem nale\u017cy aktywowa\u0107. Dzi\u0119ki temu, stan\u0105 si\u0119 bardziej mi\u0119kkie, a wk\u0142ad bardziej ch\u0142onny.<\/p>\n<p>1. Roz\u0142\u00f3\u017c pieluchomajtki, chwy\u0107 je za dwa ko\u0144ce i lekko poci\u0105gnij.<\/p>\n<p>2. Z\u0142\u00f3\u017c pieluchomajtki wzd\u0142u\u017c na p\u00f3\u0142 i lekko rozci\u0105gnij.Roz\u0142\u00f3\u017c pieluch\u0119, chwy\u0107 j\u0105 za dwa ko\u0144ce i lekko poci\u0105gnij.<\/p>\n<p>Z\u0142\u00f3\u017c pieluch\u0119 wzd\u0142u\u017c na p\u00f3\u0142. Umocuj pieluchomajtki za pomoc\u0105 elastycznych przylepcorzep\u00f3w, zaczynaj\u0105c od dolnego zapi\u0119cia, kt\u00f3re przyczep lekko sko\u015bnie do g\u00f3ry. Po umocowaniu dolnych zapi\u0119\u0107, umocuj g\u00f3rne przylepcorzepy, dopasowuj\u0105c pieluchomajtki do talii. Po zapi\u0119ciu pieluchomajtek upewnij si\u0119, czy pielucha dobrze le\u017cy i przylega do cia\u0142a, czy os\u0142onki nie s\u0105 zwini\u0119te i czy w \u017cadnym miejscu pielucha nie wpija si\u0119 w cia\u0142o. Zu\u017cyte pieluchomajtki zwi\u0144 i wyrzu\u0107 do kosza na \u015bmieci. Nie wyrzucaj zu\u017cytego wyrobu do toalety.<\/p>\n","protected":false},"excerpt":{"rendered":"<ul style=\"font-size:1rem;\">\n<li class=\"transport\"><i class=\"fas fa-dolly\"><\/i> <span style=\"color: #0c7804;\"><strong class=\"transport\"> Darmowa dostawa w Bydgoszczy <\/strong><br \/>(przy zam\u00f3wieniu powy\u017cej 100 z\u0142, mo\u017cliwo\u015b\u0107 p\u0142atno\u015bci kart\u0105 przy odbiorze)<\/span><\/li>\n<li class=\"transport\"><i class=\"far fa-eye\"><\/i> Mo\u017cliwo\u015b\u0107 obejrzenia sprz\u0119tu w sklepie stacjonarnym<\/li>\n<li class=\"transport\"><i class=\"fas fa-undo\"><\/i> Mo\u017cliwo\u015b\u0107 zwrotu sprz\u0119tu do <strong>30 dni<\/strong><\/li>\n<li class=\"transport\"><i class=\"far fa-credit-card\"><\/i> <strong> P\u0142atno\u015b\u0107 kart\u0105<\/strong><\/li>\n<\/ul>\n<div class=\"more-link-wrapper\"><a class=\"more-link\" href=\"https:\/\/almach.pl\/sklep\/?product=pieluchomajtki-super-seni-plus-roz-m-30szt\/\">Read More<span class=\"screen-reader-text\">Pieluchomajtki Super Seni Plus roz. M (30szt.)<\/span><\/a><\/div>\n","protected":false},"featured_media":524,"comment_status":"closed","ping_status":"closed","template":"","meta":[],"product_cat":[23],"product_tag":[],"_links":{"self":[{"href":"https:\/\/almach.pl\/sklep\/index.php?rest_route=\/wp\/v2\/product\/523"}],"collection":[{"href":"https:\/\/almach.pl\/sklep\/index.php?rest_route=\/wp\/v2\/product"}],"about":[{"href":"https:\/\/almach.pl\/sklep\/index.php?rest_route=\/wp\/v2\/types\/product"}],"replies":[{"embeddable":true,"href":"https:\/\/almach.pl\/sklep\/index.php?rest_route=%2Fwp%2Fv2%2Fcomments&post=523"}],"wp:featuredmedia":[{"embeddable":true,"href":"https:\/\/almach.pl\/sklep\/index.php?rest_route=\/wp\/v2\/media\/524"}],"wp:attachment":[{"href":"https:\/\/almach.pl\/sklep\/index.php?rest_route=%2Fwp%2Fv2%2Fmedia&parent=523"}],"wp:term":[{"taxonomy":"product_cat","embeddable":true,"href":"https:\/\/almach.pl\/sklep\/index.php?rest_route=%2Fwp%2Fv2%2Fproduct_cat&post=523"},{"taxonomy":"product_tag","embeddable":true,"href":"https:\/\/almach.pl\/sklep\/index.php?rest_route=%2Fwp%2Fv2%2Fproduct_tag&post=523"}],"curies":[{"name":"wp","href":"https:\/\/api.w.org\/{rel}","templated":true}]}}