 
 {"id":484,"date":"2021-06-15T21:24:05","date_gmt":"2021-06-15T19:24:05","guid":{"rendered":"https:\/\/almach.pl\/sklep\/?post_type=product&#038;p=484"},"modified":"2021-06-26T23:01:38","modified_gmt":"2021-06-26T21:01:38","slug":"seni-care-olejek-pielegnacyjny-200-ml","status":"publish","type":"product","link":"https:\/\/almach.pl\/sklep\/?product=seni-care-olejek-pielegnacyjny-200-ml\/","title":{"rendered":"Seni Care Olejek piel\u0119gnacyjny 200 ml"},"content":{"rendered":"<p>Do codziennej piel\u0119gnacji i masa\u017cu suchej, wra\u017cliwej, nara\u017conej na podra\u017cnienia sk\u00f3ry, szczeg\u00f3lnie dla os\u00f3b na sta\u0142e pozostaj\u0105cych w \u0142\u00f3\u017cku, z podwy\u017cszonym ryzykiem powstania odle\u017cyn.<\/p>\n<p>Dzi\u0119ki specjalnie dobranym sk\u0142adnikom olejek pobudza sk\u00f3r\u0119, \u0142agodzi podra\u017cnienia i zapobiega ich powstawaniu. Wzbogacony o \u0142agodz\u0105co-nawil\u017caj\u0105cy ekstrakt z nagietka oraz witamin\u0119 E, zwan\u0105 witamin\u0105 m\u0142odo\u015bci. \u0141atwo si\u0119 rozprowadza. Regularnie stosowany pozwala sk\u00f3rze zachowa\u0107 elastyczno\u015b\u0107 i zdrowy wygl\u0105d.<\/p>\n<p>Sk\u0142adniki aktywne: ekstrakt z nagietka lekarskiego, witamina E<\/p>\n<p>Cechy produktu:<br \/>\n\u2022 skutecznie nat\u0142uszcza, wyg\u0142adza i uj\u0119drnia<br \/>\n\u2022 od\u017cywia sk\u00f3r\u0119<br \/>\n\u2022 chroni przed wysuszeniem<\/p>\n<p>Efekt:<br \/>\n\u2022 mi\u0119kka i przyjemna w dotyku sk\u00f3ra<br \/>\n\u2022 z\u0142agodzone objawy napi\u0119cia nask\u00f3rka<br \/>\n\u2022 odpr\u0119\u017cenie i wyciszenie sk\u00f3ry<\/p>\n<p>Produkt wega\u0144ski &#8211; nie zawiera substancji pochodzenia zwierz\u0119cego.<br \/>\nProdukt rekomendowany przez Polskie Towarzystwo Gerontologiczne.<\/p>\n","protected":false},"excerpt":{"rendered":"<ul style=\"font-size:1rem;\">\n<li class=\"transport\"><i class=\"fas fa-dolly\"><\/i> <span style=\"color: #0c7804;\"><strong class=\"transport\"> Darmowa dostawa w Bydgoszczy <\/strong><br \/>(przy zam\u00f3wieniu powy\u017cej 100 z\u0142, mo\u017cliwo\u015b\u0107 p\u0142atno\u015bci kart\u0105 przy odbiorze)<\/span><\/li>\n<li class=\"transport\"><i class=\"far fa-eye\"><\/i> Mo\u017cliwo\u015b\u0107 obejrzenia sprz\u0119tu w sklepie stacjonarnym<\/li>\n<li class=\"transport\"><i class=\"fas fa-undo\"><\/i> Mo\u017cliwo\u015b\u0107 zwrotu sprz\u0119tu do <strong>30 dni<\/strong><\/li>\n<li class=\"transport\"><i class=\"far fa-credit-card\"><\/i> <strong> P\u0142atno\u015b\u0107 kart\u0105<\/strong><\/li>\n<\/ul>\n<div class=\"more-link-wrapper\"><a class=\"more-link\" href=\"https:\/\/almach.pl\/sklep\/?product=seni-care-olejek-pielegnacyjny-200-ml\/\">Read More<span class=\"screen-reader-text\">Seni Care Olejek piel\u0119gnacyjny 200 ml<\/span><\/a><\/div>\n","protected":false},"featured_media":485,"comment_status":"closed","ping_status":"closed","template":"","meta":[],"product_cat":[22],"product_tag":[],"_links":{"self":[{"href":"https:\/\/almach.pl\/sklep\/index.php?rest_route=\/wp\/v2\/product\/484"}],"collection":[{"href":"https:\/\/almach.pl\/sklep\/index.php?rest_route=\/wp\/v2\/product"}],"about":[{"href":"https:\/\/almach.pl\/sklep\/index.php?rest_route=\/wp\/v2\/types\/product"}],"replies":[{"embeddable":true,"href":"https:\/\/almach.pl\/sklep\/index.php?rest_route=%2Fwp%2Fv2%2Fcomments&post=484"}],"wp:featuredmedia":[{"embeddable":true,"href":"https:\/\/almach.pl\/sklep\/index.php?rest_route=\/wp\/v2\/media\/485"}],"wp:attachment":[{"href":"https:\/\/almach.pl\/sklep\/index.php?rest_route=%2Fwp%2Fv2%2Fmedia&parent=484"}],"wp:term":[{"taxonomy":"product_cat","embeddable":true,"href":"https:\/\/almach.pl\/sklep\/index.php?rest_route=%2Fwp%2Fv2%2Fproduct_cat&post=484"},{"taxonomy":"product_tag","embeddable":true,"href":"https:\/\/almach.pl\/sklep\/index.php?rest_route=%2Fwp%2Fv2%2Fproduct_tag&post=484"}],"curies":[{"name":"wp","href":"https:\/\/api.w.org\/{rel}","templated":true}]}}