 
 {"id":463,"date":"2021-06-15T20:52:39","date_gmt":"2021-06-15T18:52:39","guid":{"rendered":"https:\/\/almach.pl\/sklep\/?post_type=product&#038;p=463"},"modified":"2022-05-17T12:55:51","modified_gmt":"2022-05-17T10:55:51","slug":"majtki-chlonne-seni-active-normal-roz-l-10-szt","status":"publish","type":"product","link":"https:\/\/almach.pl\/sklep\/?product=majtki-chlonne-seni-active-normal-roz-l-10-szt\/","title":{"rendered":"Majtki ch\u0142onne Seni Active Normal roz. L (10 szt.)"},"content":{"rendered":"<p>Jednorazowe majtki ch\u0142onne Seni Active Normal (ch\u0142onno\u015b\u0107 5,5\/7 kropelek) to idealne rozwi\u0105zanie dla os\u00f3b ze \u015brednim nietrzymaniem moczu. Obw\u00f3d w talii 100-135 cm.<\/p>\n<p>To pierwszy z trzech poziom\u00f3w ch\u0142onno\u015bci majtek ch\u0142onnych Seni Active. Majtki ch\u0142onne Seni Active Normal polecane s\u0105 osobom, kt\u00f3re potrzebuj\u0105 pewniejszego zabezpieczenia ni\u017c wk\u0142adki urologiczne.<\/p>\n<p>\u0141atwo\u015b\u0107 u\u017cycia \u2013 majtki ch\u0142onne zak\u0142ada si\u0119 tak samo jak zwyk\u0142\u0105 bielizn\u0119. Aby zdj\u0105\u0107 zu\u017cyty wyr\u00f3b wystarczy rozerwa\u0107 boczne szwy, a specjalna ta\u015bma u\u0142atwi dyskretne i higieniczne wyrzucenie go.<br \/>\nDyskrecja \u2013 wyj\u0105tkowo mi\u0119kki i nieszeleszcz\u0105cy materia\u0142 sprawia, \u017ce majtki ch\u0142onne Seni Active s\u0105 wygodne i dyskretne, a dzi\u0119ki anatomicznemu kszta\u0142towi nie odznaczaj\u0105 si\u0119 pod ubraniem.<br \/>\nWysoka ch\u0142onno\u015b\u0107 \u2013 wk\u0142ad ch\u0142onny i specjalna w\u0142\u00f3knina dystrybucyjna sprawiaj\u0105, \u017ce majtki ch\u0142onne Seni Active s\u0105 w stanie wch\u0142on\u0105\u0107 wi\u0119ksz\u0105 ilo\u015b\u0107 moczu i zatrzyma\u0107 go wewn\u0105trz.<br \/>\nKontrola zapachu \u2013 dzi\u0119ki superabsorbentowi zawartemu we wk\u0142adzie ch\u0142onnym majtki ch\u0142onne Seni Active zapewniaj\u0105 nie tylko sucho\u015b\u0107, ale tak\u017ce neutralizacj\u0119 nieprzyjemnego zapachu moczu.<\/p>\n<p>Majtki ch\u0142onne Seni Active s\u0105 wyrobami oddychaj\u0105cymi, kt\u00f3re zapewniaj\u0105 swobodny dost\u0119p powietrza do sk\u00f3ry, dzi\u0119ki czemu zmniejsza si\u0119 ryzyko powstania odparze\u0144 i podra\u017cnie\u0144 sk\u00f3ry.<\/p>\n<p>Cechy:<\/p>\n<p>oddychalno\u015b\u0107<br \/>\nos\u0142onki boczne<br \/>\nelastyczny \u015bci\u0105gacz taliowy<br \/>\nwysoka ch\u0142onno\u015b\u0107<br \/>\npodw\u00f3jny wk\u0142ad ch\u0142onny<br \/>\nszybkie rozprowadzanie wilgoci<br \/>\nmi\u0119kko\u015b\u0107 i delikatno\u015b\u0107<br \/>\nkontrola zapachu<br \/>\ntasiemka u\u0142atwiaj\u0105ca zwini\u0119cie zu\u017cytego produktu<br \/>\nbez lateksu<br \/>\ntestowane dermatologicznie<br \/>\nPolski Produkt<\/p>\n<p>Spos\u00f3b u\u017cycia:<\/p>\n<p>Majtki ch\u0142onne Seni Active zak\u0142ada si\u0119 jak zwyk\u0142\u0105 bielizn\u0119.<br \/>\nW razie potrzeby, np. podczas korzystania z toalety, mo\u017cna je zdejmowa\u0107 i ponownie zak\u0142ada\u0107.<br \/>\nAby zdj\u0105\u0107 zu\u017cyte majtki ch\u0142onne nale\u017cy rozerwa\u0107 szwy boczne z obu stron majtek, zwin\u0105\u0107 zu\u017cyte majtki ch\u0142onne i wyrzuci\u0107 je do kosza na \u015bmieci.<\/p>\n","protected":false},"excerpt":{"rendered":"<ul style=\"font-size:1rem;\">\n<li class=\"transport\"><i class=\"fas fa-dolly\"><\/i> <span style=\"color: #0c7804;\"><strong class=\"transport\"> Darmowa dostawa w Bydgoszczy <\/strong><br \/>(przy zam\u00f3wieniu powy\u017cej 100 z\u0142, mo\u017cliwo\u015b\u0107 p\u0142atno\u015bci kart\u0105 przy odbiorze)<\/span><\/li>\n<li class=\"transport\"><i class=\"far fa-eye\"><\/i> Mo\u017cliwo\u015b\u0107 obejrzenia sprz\u0119tu w sklepie stacjonarnym<\/li>\n<li class=\"transport\"><i class=\"fas fa-undo\"><\/i> Mo\u017cliwo\u015b\u0107 zwrotu sprz\u0119tu do <strong>30 dni<\/strong><\/li>\n<li class=\"transport\"><i class=\"far fa-credit-card\"><\/i> <strong> P\u0142atno\u015b\u0107 kart\u0105<\/strong><\/li>\n<\/ul>\n<div class=\"more-link-wrapper\"><a class=\"more-link\" href=\"https:\/\/almach.pl\/sklep\/?product=majtki-chlonne-seni-active-normal-roz-l-10-szt\/\">Read More<span class=\"screen-reader-text\">Majtki ch\u0142onne Seni Active Normal roz. L (10 szt.)<\/span><\/a><\/div>\n","protected":false},"featured_media":464,"comment_status":"closed","ping_status":"closed","template":"","meta":[],"product_cat":[23],"product_tag":[],"_links":{"self":[{"href":"https:\/\/almach.pl\/sklep\/index.php?rest_route=\/wp\/v2\/product\/463"}],"collection":[{"href":"https:\/\/almach.pl\/sklep\/index.php?rest_route=\/wp\/v2\/product"}],"about":[{"href":"https:\/\/almach.pl\/sklep\/index.php?rest_route=\/wp\/v2\/types\/product"}],"replies":[{"embeddable":true,"href":"https:\/\/almach.pl\/sklep\/index.php?rest_route=%2Fwp%2Fv2%2Fcomments&post=463"}],"wp:featuredmedia":[{"embeddable":true,"href":"https:\/\/almach.pl\/sklep\/index.php?rest_route=\/wp\/v2\/media\/464"}],"wp:attachment":[{"href":"https:\/\/almach.pl\/sklep\/index.php?rest_route=%2Fwp%2Fv2%2Fmedia&parent=463"}],"wp:term":[{"taxonomy":"product_cat","embeddable":true,"href":"https:\/\/almach.pl\/sklep\/index.php?rest_route=%2Fwp%2Fv2%2Fproduct_cat&post=463"},{"taxonomy":"product_tag","embeddable":true,"href":"https:\/\/almach.pl\/sklep\/index.php?rest_route=%2Fwp%2Fv2%2Fproduct_tag&post=463"}],"curies":[{"name":"wp","href":"https:\/\/api.w.org\/{rel}","templated":true}]}}