 
 {"id":425,"date":"2021-06-10T13:00:29","date_gmt":"2021-06-10T11:00:29","guid":{"rendered":"https:\/\/almach.pl\/sklep-alpha-2021\/?post_type=product&#038;p=425"},"modified":"2021-10-13T09:06:02","modified_gmt":"2021-10-13T07:06:02","slug":"halcamp-krazek-przeciwodlezynowy-z-otworem-15x5cm-otwor-7cm","status":"publish","type":"product","link":"https:\/\/almach.pl\/sklep\/?product=halcamp-krazek-przeciwodlezynowy-z-otworem-15x5cm-otwor-7cm\/","title":{"rendered":"Halcamp kr\u0105\u017cek przeciwodle\u017cynowy z otworem"},"content":{"rendered":"<p>Kr\u0105\u017cek Halcamp do stosowania pod pi\u0119ty i \u0142okcie.<\/p>\n<p>Kr\u0105\u017cek przeciwodle\u017cynowy Halcamp zalecany jest do stosowania miejscowego pod pi\u0119ty, \u0142okcie i nadgarstki.<br \/>\nSpecjalny otw\u00f3r w \u015brodku zapewnia sta\u0142y dost\u0119p powietrza do zagro\u017conej odle\u017cynami powierzchni sk\u00f3ry, dodatkowo odci\u0105\u017ca cz\u0119\u015b\u0107 centraln\u0105 podpieranej ko\u0144czyny.<\/p>\n<p>Przeznaczony do stosowania w szpitalach oraz prywatnie w domu.<\/p>\n<p>Pokrowiec kr\u0105\u017cka jest zapinany na suwak, mo\u017cna go zdejmowa\u0107 i pra\u0107.<\/p>\n<p>Rozmiar \u00d8 15 x 5 cm przeznaczony jest pod pi\u0119ty, \u0142okcie i nadgarstki. Natomiast rozmiar: \u00d8 20 x 6 cm i \u00d8 25 x 7 cm przeznaczone s\u0105 pod g\u0142ow\u0119 i ko\u0144czyny dolne. Najwi\u0119ksze rozmiary tj.: \u00d8 40 x 5 cm i \u00d8 40 x 8 cm s\u0105 odpowiednie do odci\u0105\u017cenia ko\u015bci ogonowej<\/p>\n<p>Opakowanie: 1 sztuka<\/p>\n<p>Produkt posiada 24 miesi\u0105ce (2 lata) gwarancji producenta, tre\u015b\u0107 gwarancji znajduje si\u0119 w pliku poni\u017cej.<\/p>\n","protected":false},"excerpt":{"rendered":"<ul style=\"font-size:1rem;\">\n<li class=\"transport\"><i class=\"fas fa-dolly\"><\/i> <span style=\"color: #0c7804;\"><strong class=\"transport\"> Darmowa dostawa w Bydgoszczy <\/strong><br \/>(przy zam\u00f3wieniu powy\u017cej 100 z\u0142, mo\u017cliwo\u015b\u0107 p\u0142atno\u015bci kart\u0105 przy odbiorze)<\/span><\/li>\n<li class=\"transport\"><i class=\"far fa-eye\"><\/i> Mo\u017cliwo\u015b\u0107 obejrzenia sprz\u0119tu w sklepie stacjonarnym<\/li>\n<li class=\"transport\"><i class=\"fas fa-undo\"><\/i> Mo\u017cliwo\u015b\u0107 zwrotu sprz\u0119tu do <strong>30 dni<\/strong><\/li>\n<li class=\"transport\"><i class=\"far fa-credit-card\"><\/i> <strong> P\u0142atno\u015b\u0107 kart\u0105<\/strong><\/li>\n<\/ul>\n<div class=\"more-link-wrapper\"><a class=\"more-link\" href=\"https:\/\/almach.pl\/sklep\/?product=halcamp-krazek-przeciwodlezynowy-z-otworem-15x5cm-otwor-7cm\/\">Read More<span class=\"screen-reader-text\">Halcamp kr\u0105\u017cek przeciwodle\u017cynowy z otworem<\/span><\/a><\/div>\n","protected":false},"featured_media":426,"comment_status":"closed","ping_status":"closed","template":"","meta":[],"product_cat":[67,15],"product_tag":[],"_links":{"self":[{"href":"https:\/\/almach.pl\/sklep\/index.php?rest_route=\/wp\/v2\/product\/425"}],"collection":[{"href":"https:\/\/almach.pl\/sklep\/index.php?rest_route=\/wp\/v2\/product"}],"about":[{"href":"https:\/\/almach.pl\/sklep\/index.php?rest_route=\/wp\/v2\/types\/product"}],"replies":[{"embeddable":true,"href":"https:\/\/almach.pl\/sklep\/index.php?rest_route=%2Fwp%2Fv2%2Fcomments&post=425"}],"wp:featuredmedia":[{"embeddable":true,"href":"https:\/\/almach.pl\/sklep\/index.php?rest_route=\/wp\/v2\/media\/426"}],"wp:attachment":[{"href":"https:\/\/almach.pl\/sklep\/index.php?rest_route=%2Fwp%2Fv2%2Fmedia&parent=425"}],"wp:term":[{"taxonomy":"product_cat","embeddable":true,"href":"https:\/\/almach.pl\/sklep\/index.php?rest_route=%2Fwp%2Fv2%2Fproduct_cat&post=425"},{"taxonomy":"product_tag","embeddable":true,"href":"https:\/\/almach.pl\/sklep\/index.php?rest_route=%2Fwp%2Fv2%2Fproduct_tag&post=425"}],"curies":[{"name":"wp","href":"https:\/\/api.w.org\/{rel}","templated":true}]}}