 
 {"id":423,"date":"2021-06-10T12:56:44","date_gmt":"2021-06-10T10:56:44","guid":{"rendered":"https:\/\/almach.pl\/sklep-alpha-2021\/?post_type=product&#038;p=423"},"modified":"2021-10-13T09:06:38","modified_gmt":"2021-10-13T07:06:38","slug":"sanity-drabinka-rehabilitacyjna-lozkowa-6-szczebli","status":"publish","type":"product","link":"https:\/\/almach.pl\/sklep\/?product=sanity-drabinka-rehabilitacyjna-lozkowa-6-szczebli\/","title":{"rendered":"Sanity drabinka rehabilitacyjna, \u0142\u00f3\u017ckowa, 6 szczebli"},"content":{"rendered":"<p><strong>Drabinka rehabilitacyjna Sanity<\/strong> to produkt przeznaczony do u\u017cytku przez osoby ob\u0142o\u017cnie chore i le\u017c\u0105ce. Produkt wykonany z lakierowanego drewna, ma za zadanie pomoc w trakcie podnoszenia czy siadania osoby. Dodatkowo mo\u017cna stosowa\u0107 jako przyrz\u0105d do rehabilitacji oraz podnoszenia sprawno\u015bci fizycznej.\u00a0<strong>Sanity<\/strong>\u00a0to produkt przeznaczony do rehabilitacji i wspomagania os\u00f3b chorych, le\u017c\u0105cych. U\u0142atwia podnoszenie si\u0119 i zmian\u0119 pozycji. D\u0142ugo\u015b\u0107 drabinki umo\u017cliwia jej przymocowanie niemal na ka\u017cdym rodzaju \u0142\u00f3\u017cka.<\/p>\n<h3>Cechy produktu:<\/h3>\n<ul>\n<li>umo\u017cliwia skr\u00f3cenie drabinki przez prze\u0142o\u017cenie szczebli przez siebie,<\/li>\n<li>wspomaga codzienn\u0105 piel\u0119gnacj\u0119 pacjenta i jego samodzielne funkcjonowanie,<\/li>\n<li>zwi\u0119ksza mo\u017cliwo\u015bci fizyczne i odci\u0105\u017ca kr\u0119gos\u0142up osoby opiekuj\u0105cej si\u0119 chorym,<\/li>\n<li>wspiera rehabilitacj\u0119 i samopoczucie os\u00f3b chorych, przyspiesza powr\u00f3t do zdrowia i poprawia jako\u015b\u0107 \u017cycia,<\/li>\n<li>w przypadku zabrudzenia drabink\u0119 mo\u017cna umy\u0107 wod\u0105 z myd\u0142em.<\/li>\n<\/ul>\n<p><strong>Specyfikacja produktu:<\/strong><\/p>\n<ul>\n<li>maksymalne obci\u0105\u017cenie: 150 kg,<\/li>\n<li>ilo\u015b\u0107 szczebli: 6 szt.,<\/li>\n<li>\u015brednica szczebli: 2 cm,<\/li>\n<li>szeroko\u015b\u0107 szczebli: 30 cm,<\/li>\n<li>d\u0142ugo\u015b\u0107 ca\u0142kowita: ok. 180 cm,<\/li>\n<li>materia\u0142: szczeble drewniane, lakierowane; lina polipropylenowa.<\/li>\n<\/ul>\n","protected":false},"excerpt":{"rendered":"<ul style=\"font-size: 1rem;\">\n<li class=\"transport\"><i class=\"fas fa-dolly\"><\/i> <span style=\"color: #0c7804;\"><strong class=\"transport\"> Darmowa dostawa w Bydgoszczy <\/strong><br \/>\n(przy zam\u00f3wieniu powy\u017cej 100 z\u0142, mo\u017cliwo\u015b\u0107 p\u0142atno\u015bci kart\u0105 przy odbiorze)<\/span><\/li>\n<li class=\"transport\"><i class=\"far fa-eye\"><\/i> Mo\u017cliwo\u015b\u0107 obejrzenia sprz\u0119tu w sklepie stacjonarnym<\/li>\n<li class=\"transport\"><i class=\"fas fa-undo\"><\/i> Mo\u017cliwo\u015b\u0107 zwrotu sprz\u0119tu do <strong>30 dni<\/strong><\/li>\n<li class=\"transport\"><i class=\"far fa-credit-card\"><\/i> <strong> P\u0142atno\u015b\u0107 kart\u0105<\/strong><\/li>\n<\/ul>\n<div class=\"more-link-wrapper\"><a class=\"more-link\" href=\"https:\/\/almach.pl\/sklep\/?product=sanity-drabinka-rehabilitacyjna-lozkowa-6-szczebli\/\">Read More<span class=\"screen-reader-text\">Sanity drabinka rehabilitacyjna, \u0142\u00f3\u017ckowa, 6 szczebli<\/span><\/a><\/div>\n","protected":false},"featured_media":424,"comment_status":"closed","ping_status":"closed","template":"","meta":[],"product_cat":[15,26],"product_tag":[],"_links":{"self":[{"href":"https:\/\/almach.pl\/sklep\/index.php?rest_route=\/wp\/v2\/product\/423"}],"collection":[{"href":"https:\/\/almach.pl\/sklep\/index.php?rest_route=\/wp\/v2\/product"}],"about":[{"href":"https:\/\/almach.pl\/sklep\/index.php?rest_route=\/wp\/v2\/types\/product"}],"replies":[{"embeddable":true,"href":"https:\/\/almach.pl\/sklep\/index.php?rest_route=%2Fwp%2Fv2%2Fcomments&post=423"}],"wp:featuredmedia":[{"embeddable":true,"href":"https:\/\/almach.pl\/sklep\/index.php?rest_route=\/wp\/v2\/media\/424"}],"wp:attachment":[{"href":"https:\/\/almach.pl\/sklep\/index.php?rest_route=%2Fwp%2Fv2%2Fmedia&parent=423"}],"wp:term":[{"taxonomy":"product_cat","embeddable":true,"href":"https:\/\/almach.pl\/sklep\/index.php?rest_route=%2Fwp%2Fv2%2Fproduct_cat&post=423"},{"taxonomy":"product_tag","embeddable":true,"href":"https:\/\/almach.pl\/sklep\/index.php?rest_route=%2Fwp%2Fv2%2Fproduct_tag&post=423"}],"curies":[{"name":"wp","href":"https:\/\/api.w.org\/{rel}","templated":true}]}}