 
 {"id":419,"date":"2021-06-10T12:53:23","date_gmt":"2021-06-10T10:53:23","guid":{"rendered":"https:\/\/almach.pl\/sklep-alpha-2021\/?post_type=product&#038;p=419"},"modified":"2021-12-14T10:30:28","modified_gmt":"2021-12-14T09:30:28","slug":"mata-po-prysznic-z-efektem-masazu-ze-szczotka-masujaca","status":"publish","type":"product","link":"https:\/\/almach.pl\/sklep\/?product=mata-po-prysznic-z-efektem-masazu-ze-szczotka-masujaca\/","title":{"rendered":"Mata po prysznic z efektem masa\u017cu ze szczotk\u0105 masuj\u0105c\u0105"},"content":{"rendered":"<p><strong>Mata po prysznic z efektem masa\u017cu\u00a0<\/strong>pozwala na bezpieczne korzystanie z prysznica, zabezpieczaj\u0105c przed po\u015blizgni\u0119ciem si\u0119 na mokrej powierzchni. Przyssawki na spodzie sprawiaj\u0105, \u017ce mata pozostaje w miejscu, natomiast przyssawki na wierzchu delikatnie masuj\u0105 stopy.<\/p>\n<h3><strong>Cechy produktu:<\/strong><\/h3>\n<ul>\n<li>Mata wykonana z mi\u0119kkiego PVC<\/li>\n<li>Przyssawki na spodzie maty zapewniaj\u0105 odpowiednie przyleganie do powierzchni<\/li>\n<li>Wierzchnie przyssawki delikatnie masuj\u0105 stopy<\/li>\n<li>Szczotka u\u0142atwia mycie st\u00f3p bez schylania si\u0119<\/li>\n<\/ul>\n<h3><strong>Dane techniczne:<\/strong><\/h3>\n<ul>\n<li><strong>Wymiary maty:<\/strong>\u00a037 x 38 cm<\/li>\n<li><strong>Waga maty:<\/strong>\u00a00,5 kg<\/li>\n<\/ul>\n","protected":false},"excerpt":{"rendered":"<ul style=\"font-size:1rem;\">\n<li class=\"transport\"><i class=\"fas fa-dolly\"><\/i> <span style=\"color: #0c7804;\"><strong class=\"transport\"> Darmowa dostawa w Bydgoszczy <\/strong><br \/>(przy zam\u00f3wieniu powy\u017cej 100 z\u0142, mo\u017cliwo\u015b\u0107 p\u0142atno\u015bci kart\u0105 przy odbiorze)<\/span><\/li>\n<li class=\"transport\"><i class=\"far fa-eye\"><\/i> Mo\u017cliwo\u015b\u0107 obejrzenia sprz\u0119tu w sklepie stacjonarnym<\/li>\n<li class=\"transport\"><i class=\"fas fa-undo\"><\/i> Mo\u017cliwo\u015b\u0107 zwrotu sprz\u0119tu do <strong>30 dni<\/strong><\/li>\n<li class=\"transport\"><i class=\"far fa-credit-card\"><\/i> <strong> P\u0142atno\u015b\u0107 kart\u0105<\/strong><\/li>\n<\/ul>\n<div class=\"more-link-wrapper\"><a class=\"more-link\" href=\"https:\/\/almach.pl\/sklep\/?product=mata-po-prysznic-z-efektem-masazu-ze-szczotka-masujaca\/\">Read More<span class=\"screen-reader-text\">Mata po prysznic z efektem masa\u017cu ze szczotk\u0105 masuj\u0105c\u0105<\/span><\/a><\/div>\n","protected":false},"featured_media":420,"comment_status":"closed","ping_status":"closed","template":"","meta":[],"product_cat":[69,71],"product_tag":[],"_links":{"self":[{"href":"https:\/\/almach.pl\/sklep\/index.php?rest_route=\/wp\/v2\/product\/419"}],"collection":[{"href":"https:\/\/almach.pl\/sklep\/index.php?rest_route=\/wp\/v2\/product"}],"about":[{"href":"https:\/\/almach.pl\/sklep\/index.php?rest_route=\/wp\/v2\/types\/product"}],"replies":[{"embeddable":true,"href":"https:\/\/almach.pl\/sklep\/index.php?rest_route=%2Fwp%2Fv2%2Fcomments&post=419"}],"wp:featuredmedia":[{"embeddable":true,"href":"https:\/\/almach.pl\/sklep\/index.php?rest_route=\/wp\/v2\/media\/420"}],"wp:attachment":[{"href":"https:\/\/almach.pl\/sklep\/index.php?rest_route=%2Fwp%2Fv2%2Fmedia&parent=419"}],"wp:term":[{"taxonomy":"product_cat","embeddable":true,"href":"https:\/\/almach.pl\/sklep\/index.php?rest_route=%2Fwp%2Fv2%2Fproduct_cat&post=419"},{"taxonomy":"product_tag","embeddable":true,"href":"https:\/\/almach.pl\/sklep\/index.php?rest_route=%2Fwp%2Fv2%2Fproduct_tag&post=419"}],"curies":[{"name":"wp","href":"https:\/\/api.w.org\/{rel}","templated":true}]}}