 
 {"id":409,"date":"2021-06-10T12:36:55","date_gmt":"2021-06-10T10:36:55","guid":{"rendered":"https:\/\/almach.pl\/sklep-alpha-2021\/?post_type=product&#038;p=409"},"modified":"2022-10-25T13:04:41","modified_gmt":"2022-10-25T11:04:41","slug":"podporka-pod-plecy","status":"publish","type":"product","link":"https:\/\/almach.pl\/sklep\/?product=podporka-pod-plecy\/","title":{"rendered":"Podp\u00f3rka pod plecy"},"content":{"rendered":"<p><strong>Podp\u00f3rka pod plecy<\/strong>\u00a0to wytrzyma\u0142y produkt z aluminiowej ramy o pi\u0119ciu poziomach wysoko\u015bci oparcia i materia\u0142u zapewniaj\u0105cego \u0142atwe utrzymanie czysto\u015bci. Produkt znajduj\u0105cy zastosowanie dla os\u00f3b le\u017c\u0105cych, maj\u0105cych problem utrzymania si\u0119 w pozycji p\u00f3\u0142siedz\u0105cej, co u\u0142atwia opiek\u0119 nad chorym.<\/p>\n<p>Podp\u00f3rka pod plecy DRVF01 u\u0142atwia czynno\u015bci higieniczne i obs\u0142ugowe pacjent\u00f3w. Umo\u017cliwia utrzymanie pozycji p\u00f3\u0142siedz\u0105cej, zapobiegaj\u0105c skutkom d\u0142ugotrwa\u0142ego unieruchomienia. Znacznie poprawia komfort pacjenta.<\/p>\n<p>Cechy produktu:<\/p>\n<ul>\n<li>Wykonana z wysokiej jako\u015bci, wytrzyma\u0142ej aluminiowej ramy.<\/li>\n<li>Rama pokryta nietoksyczn\u0105 pow\u0142ok\u0105 lakiernicz\u0105.<\/li>\n<li>Prosty system regulacji zapewnia pi\u0119\u0107 r\u00f3\u017cnych wysoko\u015bci u\u0142o\u017cenia pacjenta.<\/li>\n<li>Oparcie wykonane z materia\u0142u u\u0142atwiaj\u0105cego utrzymanie w\u0142a\u015bciwej higieny,<\/li>\n<li>Szeroko\u015b\u0107 podp\u00f3rki: 62cm<\/li>\n<li>Kolor: Niebieski<\/li>\n<\/ul>\n<p>Opakowanie: 1szt.<\/p>\n<p>Produkt posiada 12 miesi\u0119cy (1 rok) gwarancji producenta, tre\u015b\u0107 gwarancji znajduje si\u0119 w pliku poni\u017cej.<\/p>\n","protected":false},"excerpt":{"rendered":"<ul style=\"font-size:1rem;\">\n<li class=\"transport\"><i class=\"fas fa-dolly\"><\/i> <span style=\"color: #0c7804;\"><strong class=\"transport\"> Darmowa dostawa w Bydgoszczy <\/strong><br \/>(przy zam\u00f3wieniu powy\u017cej 100 z\u0142, mo\u017cliwo\u015b\u0107 p\u0142atno\u015bci kart\u0105 przy odbiorze)<\/span><\/li>\n<li class=\"transport\"><i class=\"far fa-eye\"><\/i> Mo\u017cliwo\u015b\u0107 obejrzenia sprz\u0119tu w sklepie stacjonarnym<\/li>\n<li class=\"transport\"><i class=\"fas fa-undo\"><\/i> Mo\u017cliwo\u015b\u0107 zwrotu sprz\u0119tu do <strong>30 dni<\/strong><\/li>\n<li class=\"transport\"><i class=\"far fa-credit-card\"><\/i> <strong> P\u0142atno\u015b\u0107 kart\u0105<\/strong><\/li>\n<\/ul>\n<div class=\"more-link-wrapper\"><a class=\"more-link\" href=\"https:\/\/almach.pl\/sklep\/?product=podporka-pod-plecy\/\">Read More<span class=\"screen-reader-text\">Podp\u00f3rka pod plecy<\/span><\/a><\/div>\n","protected":false},"featured_media":410,"comment_status":"closed","ping_status":"closed","template":"","meta":[],"product_cat":[15,26],"product_tag":[],"_links":{"self":[{"href":"https:\/\/almach.pl\/sklep\/index.php?rest_route=\/wp\/v2\/product\/409"}],"collection":[{"href":"https:\/\/almach.pl\/sklep\/index.php?rest_route=\/wp\/v2\/product"}],"about":[{"href":"https:\/\/almach.pl\/sklep\/index.php?rest_route=\/wp\/v2\/types\/product"}],"replies":[{"embeddable":true,"href":"https:\/\/almach.pl\/sklep\/index.php?rest_route=%2Fwp%2Fv2%2Fcomments&post=409"}],"wp:featuredmedia":[{"embeddable":true,"href":"https:\/\/almach.pl\/sklep\/index.php?rest_route=\/wp\/v2\/media\/410"}],"wp:attachment":[{"href":"https:\/\/almach.pl\/sklep\/index.php?rest_route=%2Fwp%2Fv2%2Fmedia&parent=409"}],"wp:term":[{"taxonomy":"product_cat","embeddable":true,"href":"https:\/\/almach.pl\/sklep\/index.php?rest_route=%2Fwp%2Fv2%2Fproduct_cat&post=409"},{"taxonomy":"product_tag","embeddable":true,"href":"https:\/\/almach.pl\/sklep\/index.php?rest_route=%2Fwp%2Fv2%2Fproduct_tag&post=409"}],"curies":[{"name":"wp","href":"https:\/\/api.w.org\/{rel}","templated":true}]}}