 
 {"id":248,"date":"2021-06-01T23:45:34","date_gmt":"2021-06-01T21:45:34","guid":{"rendered":"https:\/\/almach.pl\/sklep-alpha-2021\/?post_type=product&#038;p=248"},"modified":"2021-10-13T09:10:13","modified_gmt":"2021-10-13T07:10:13","slug":"krag-przeciwodlezynowy-poliuretanowy-duzy-albert","status":"publish","type":"product","link":"https:\/\/almach.pl\/sklep\/?product=krag-przeciwodlezynowy-poliuretanowy-duzy-albert\/","title":{"rendered":"Kr\u0105g przeciwodle\u017cynowy, poliuretanowy, du\u017cy, (Albert)"},"content":{"rendered":"<p>Kr\u0105g przeciwodle\u017cynowy s\u0142u\u017cy do piel\u0119gnacji chorych, zapobiegaj\u0105c powstawaniu odle\u017cyn. Jest niezwykle skuteczny, praktyczny i odporny na intensywne i d\u0142ugotrwa\u0142e obci\u0105\u017cenia.<\/p>\n<div class=\"product-description\">\n<p>Wykonany z pianki poliuretanowej, wyposa\u017cony jest w pokrowiec z dzianiny frotte zapinanej na zamek, co sprawia \u017ce \u0142atwo go \u015bci\u0105gn\u0105\u0107 i wypra\u0107.<\/p>\n<\/div>\n","protected":false},"excerpt":{"rendered":"<ul style=\"font-size:1rem;\">\n<li class=\"transport\"><i class=\"fas fa-dolly\"><\/i> <span style=\"color: #0c7804;\"><strong class=\"transport\"> Darmowa dostawa w Bydgoszczy <\/strong><br \/>(przy zam\u00f3wieniu powy\u017cej 100 z\u0142, mo\u017cliwo\u015b\u0107 p\u0142atno\u015bci kart\u0105 przy odbiorze)<\/span><\/li>\n<li class=\"transport\"><i class=\"far fa-eye\"><\/i> Mo\u017cliwo\u015b\u0107 obejrzenia sprz\u0119tu w sklepie stacjonarnym<\/li>\n<li class=\"transport\"><i class=\"fas fa-undo\"><\/i> Mo\u017cliwo\u015b\u0107 zwrotu sprz\u0119tu do <strong>30 dni<\/strong><\/li>\n<li class=\"transport\"><i class=\"far fa-credit-card\"><\/i> <strong> P\u0142atno\u015b\u0107 kart\u0105<\/strong><\/li>\n<\/ul>\n<div class=\"more-link-wrapper\"><a class=\"more-link\" href=\"https:\/\/almach.pl\/sklep\/?product=krag-przeciwodlezynowy-poliuretanowy-duzy-albert\/\">Read More<span class=\"screen-reader-text\">Kr\u0105g przeciwodle\u017cynowy, poliuretanowy, du\u017cy, (Albert)<\/span><\/a><\/div>\n","protected":false},"featured_media":251,"comment_status":"closed","ping_status":"closed","template":"","meta":[],"product_cat":[67,15],"product_tag":[],"_links":{"self":[{"href":"https:\/\/almach.pl\/sklep\/index.php?rest_route=\/wp\/v2\/product\/248"}],"collection":[{"href":"https:\/\/almach.pl\/sklep\/index.php?rest_route=\/wp\/v2\/product"}],"about":[{"href":"https:\/\/almach.pl\/sklep\/index.php?rest_route=\/wp\/v2\/types\/product"}],"replies":[{"embeddable":true,"href":"https:\/\/almach.pl\/sklep\/index.php?rest_route=%2Fwp%2Fv2%2Fcomments&post=248"}],"wp:featuredmedia":[{"embeddable":true,"href":"https:\/\/almach.pl\/sklep\/index.php?rest_route=\/wp\/v2\/media\/251"}],"wp:attachment":[{"href":"https:\/\/almach.pl\/sklep\/index.php?rest_route=%2Fwp%2Fv2%2Fmedia&parent=248"}],"wp:term":[{"taxonomy":"product_cat","embeddable":true,"href":"https:\/\/almach.pl\/sklep\/index.php?rest_route=%2Fwp%2Fv2%2Fproduct_cat&post=248"},{"taxonomy":"product_tag","embeddable":true,"href":"https:\/\/almach.pl\/sklep\/index.php?rest_route=%2Fwp%2Fv2%2Fproduct_tag&post=248"}],"curies":[{"name":"wp","href":"https:\/\/api.w.org\/{rel}","templated":true}]}}