 
 {"id":244,"date":"2021-06-01T23:21:13","date_gmt":"2021-06-01T21:21:13","guid":{"rendered":"https:\/\/almach.pl\/sklep-alpha-2021\/?post_type=product&#038;p=244"},"modified":"2021-10-13T09:11:00","modified_gmt":"2021-10-13T07:11:00","slug":"dokladny-i-poreczny-pulsoksymetr-do-pomiaru-saturacji-i-tetna-oxy-300","status":"publish","type":"product","link":"https:\/\/almach.pl\/sklep\/?product=dokladny-i-poreczny-pulsoksymetr-do-pomiaru-saturacji-i-tetna-oxy-300\/","title":{"rendered":"Dok\u0142adny i por\u0119czny pulsoksymetr do pomiaru saturacji i t\u0119tna OXY 300"},"content":{"rendered":"<p>Pulsoksymetr opuszkowy Microlife OXY 300 to przeno\u015bne, nieinwazyjne urz\u0105dzenie przeznaczone do kontroli saturacji (SpO2) i cz\u0119sto\u015bci t\u0119tna u doros\u0142ych i dzieci. Nadaje si\u0119 do u\u017cytku prywatnego (w domu lub w podr\u00f3\u017cy), jak r\u00f3wnie\u017c w sektorze medycznym (szpitale, plac\u00f3wki szpitalne).<\/p>\n<p><strong>ZALETY URZ\u0104DZENIA<\/strong><\/p>\n<ul>\n<li>Dwukolorowy wy\u015bwietlacz OLED<\/li>\n<li>6 tryb\u00f3w wy\u015bwietlania<\/li>\n<li>Regulacja jasno\u015bci wy\u015bwietlacza<\/li>\n<li>Dedykowany dzieciom i doros\u0142ym<\/li>\n<li>Automatyczne wy\u0142\u0105czanie zasilania<\/li>\n<li>Gwarancja 2 lata \u201cdoor to door\u201d<\/li>\n<\/ul>\n<p>&nbsp;<\/p>\n<p><strong>SPECYFIKACJA TECHNICZNA<\/strong><\/p>\n<ul>\n<li>Typ: Napalcowy pulsoksymetr OXY 300<\/li>\n<li>Wy\u015bwietlacz: Wy\u015bwietlacz OLED<\/li>\n<li>SpO2: Zakres pomiaru: 70 ~ 100 %<\/li>\n<\/ul>\n<p>Dok\u0142adno\u015b\u0107: 70 ~ 100 %: \u00b12 %<\/p>\n<ul>\n<li>Rozdzielczo\u015b\u0107: 1 %<\/li>\n<li>T\u0119tno: Zakres pomiaru: 30 ~ 250 bpm<\/li>\n<li>Dok\u0142adno\u015b\u0107: 30 ~ 99 bpm: \u00b12 bpm; 100 ~ 250 bpm: \u00b12 %<\/li>\n<li>Rozdzielczo\u015b\u0107: 1 bpm<\/li>\n<li>Warunki pracy: 5 &#8211; 40 \u00b0C \/ 41 &#8211; 104 \u00b0F<\/li>\n<\/ul>\n<p>Maksymalna wilgotno\u015b\u0107 wzgl\u0119dna \u2264 80 %<\/p>\n<p>Warunki przechowywania: -20 &#8211; +55 \u00b0C \/ -4 &#8211; +131 \u00b0F<\/p>\n<ul>\n<li>Maksymalna wilgotno\u015b\u0107 wzgl\u0119dna \u2264 93%<\/li>\n<li>Automatyczne wy\u0142\u0105czanie: Automatyczne wy\u0142\u0105czenie po 8 sekundach, je\u015bli nie zostanie wykryty sygna\u0142 lub sygna\u0142 jest s\u0142aby.<\/li>\n<li>Bateria: 2 x 1,5 V baterie alkaliczne; rozmiar AAA<\/li>\n<li>\u017bywotno\u015b\u0107 baterii: oko\u0142o 30 godzin (u\u017cywaj\u0105c nowych baterii)<\/li>\n<li>Waga: 56 g (z bateriami)<\/li>\n<li>Wymiary: 58 x 32 x 34 mm<\/li>\n<li>Klasa IP: IPX1<\/li>\n<li>Normy: EN ISO10993-1\/-5\/-10; IEC 60601-1; EN 60601-1-2; EN ISO9919; EN 62304; EN 60601-1-6; CE0123<\/li>\n<li>Przewidywana \u017cywotno\u015b\u0107 urz\u0105dzenia: 5 lat (kiedy u\u017cywane 15 razy\/dziennie; 20 minut dla ka\u017cdego pomiaru)<\/li>\n<\/ul>\n<p>&nbsp;<\/p>\n<p>&nbsp;<\/p>\n<p>&nbsp;<\/p>\n","protected":false},"excerpt":{"rendered":"<ul style=\"font-size:1rem;\">\n<li class=\"transport\"><i class=\"fas fa-dolly\"><\/i> <span style=\"color: #0c7804;\"><strong class=\"transport\"> Darmowa dostawa w Bydgoszczy <\/strong><br \/>(przy zam\u00f3wieniu powy\u017cej 100 z\u0142, mo\u017cliwo\u015b\u0107 p\u0142atno\u015bci kart\u0105 przy odbiorze)<\/span><\/li>\n<li class=\"transport\"><i class=\"far fa-eye\"><\/i> Mo\u017cliwo\u015b\u0107 obejrzenia sprz\u0119tu w sklepie stacjonarnym<\/li>\n<li class=\"transport\"><i class=\"fas fa-undo\"><\/i> Mo\u017cliwo\u015b\u0107 zwrotu sprz\u0119tu do <strong>30 dni<\/strong><\/li>\n<li class=\"transport\"><i class=\"far fa-credit-card\"><\/i> <strong> P\u0142atno\u015b\u0107 kart\u0105<\/strong><\/li>\n<\/ul>\n<div class=\"more-link-wrapper\"><a class=\"more-link\" href=\"https:\/\/almach.pl\/sklep\/?product=dokladny-i-poreczny-pulsoksymetr-do-pomiaru-saturacji-i-tetna-oxy-300\/\">Read More<span class=\"screen-reader-text\">Dok\u0142adny i por\u0119czny pulsoksymetr do pomiaru saturacji i t\u0119tna OXY 300<\/span><\/a><\/div>\n","protected":false},"featured_media":308,"comment_status":"closed","ping_status":"closed","template":"","meta":[],"product_cat":[102,31],"product_tag":[],"_links":{"self":[{"href":"https:\/\/almach.pl\/sklep\/index.php?rest_route=\/wp\/v2\/product\/244"}],"collection":[{"href":"https:\/\/almach.pl\/sklep\/index.php?rest_route=\/wp\/v2\/product"}],"about":[{"href":"https:\/\/almach.pl\/sklep\/index.php?rest_route=\/wp\/v2\/types\/product"}],"replies":[{"embeddable":true,"href":"https:\/\/almach.pl\/sklep\/index.php?rest_route=%2Fwp%2Fv2%2Fcomments&post=244"}],"wp:featuredmedia":[{"embeddable":true,"href":"https:\/\/almach.pl\/sklep\/index.php?rest_route=\/wp\/v2\/media\/308"}],"wp:attachment":[{"href":"https:\/\/almach.pl\/sklep\/index.php?rest_route=%2Fwp%2Fv2%2Fmedia&parent=244"}],"wp:term":[{"taxonomy":"product_cat","embeddable":true,"href":"https:\/\/almach.pl\/sklep\/index.php?rest_route=%2Fwp%2Fv2%2Fproduct_cat&post=244"},{"taxonomy":"product_tag","embeddable":true,"href":"https:\/\/almach.pl\/sklep\/index.php?rest_route=%2Fwp%2Fv2%2Fproduct_tag&post=244"}],"curies":[{"name":"wp","href":"https:\/\/api.w.org\/{rel}","templated":true}]}}