 
 {"id":240,"date":"2021-06-01T23:10:22","date_gmt":"2021-06-01T21:10:22","guid":{"rendered":"https:\/\/almach.pl\/sklep-alpha-2021\/?post_type=product&#038;p=240"},"modified":"2021-10-13T09:14:21","modified_gmt":"2021-10-13T07:14:21","slug":"innowacyjny-cisnieniomierz-z-zaawansowana-funkcja-afibsens-bp-b3-afib","status":"publish","type":"product","link":"https:\/\/almach.pl\/sklep\/?product=innowacyjny-cisnieniomierz-z-zaawansowana-funkcja-afibsens-bp-b3-afib\/","title":{"rendered":"Innowacyjny ci\u015bnieniomierz z zaawansowan\u0105 funkcj\u0105 AFIBsens BP B3 AFIB"},"content":{"rendered":"<p>BP B3 AFIB to ci\u015bnieniomierz posiadaj\u0105cy AFIBsens dla wykrywania migotania przedsionk\u00f3w (AF) podczas pomiaru ci\u015bnienia krwi w domu. Migotanie przedsionk\u00f3w jest jedn\u0105 z najcz\u0119stszych przyczyn udaru, ale cz\u0119sto nie ma objaw\u00f3w, kt\u00f3re mog\u0142yby go rozpozna\u0107. AFIB BP B3 jest zatwierdzony klinicznie dla wielu specjalnych grup pacjent\u00f3w i dlatego zapewnia dok\u0142adne pomiary ci\u015bnienia krwi dla ka\u017cdego.<\/p>\n<p>&nbsp;<\/p>\n<p><strong>ZALETY URZ\u0104DZENIA<\/strong><\/p>\n<ul>\n<li>AFIB &#8211; technologia wykrywaj\u0105ca migotanie przedsionk\u00f3w<\/li>\n<li>MAM &#8211; Tryb potr\u00f3jnego pomiaru<\/li>\n<li>Gentle+ &#8211; technologia kontroluj\u0105ca ci\u015bnienie w mankiecie<\/li>\n<li>Bardzo du\u017cy wy\u015bwietlacz<\/li>\n<li>Wygodny mankiet dopasowany do wi\u0119kszo\u015bci rozmiar\u00f3w ramion (22 &#8211; 42 cm)<\/li>\n<li>Pami\u0119\u0107 99 wynik\u00f3w pomiaru i \u015brednia ze wszystkich odczyt\u00f3w<\/li>\n<li>Czytelna klasyfikacja wynik\u00f3w pomiaru ci\u015bnienia dzi\u0119ki kolorowemu wska\u017anikowi<\/li>\n<li>Kontrola dopasowania mankietu<\/li>\n<li>Wska\u017anik ruchu ramienia<\/li>\n<li>Wska\u017anik niskiego poziomu baterii<\/li>\n<li>Etui do transportu<\/li>\n<li>Zasilacz gratis<\/li>\n<li>Walidacja kliniczna BIHS: A\/A<\/li>\n<li>Gwarancja 5 lat \u201cdoor to door\u201d<\/li>\n<\/ul>\n<p>&nbsp;<\/p>\n<p><strong>SPECYFIKACJA TECHNICZNA<\/strong><\/p>\n<ul>\n<li>Warunki pracy: 10 \u2013 40 \u00b0C \/ 50 \u2013 104 \u00b0F<\/li>\n<li>Maksymalna wilgotno\u015b\u0107 wzgl\u0119dna 15 \u2013 95 %<\/li>\n<li>Warunki przechowywania: -20 \u2013 +55 \u00b0C \/ -4 \u2013 +131 \u00b0F<\/li>\n<li>Maksymalna wilgotno\u015b\u0107 wzgl\u0119dna 15 \u2013 95 %<\/li>\n<li>Waga: 402 g (z bateriami)<\/li>\n<li>Wymiary: 138 x 94,5 x 62,5 mm<\/li>\n<li>Spos\u00f3b pomiaru: oscylometryczny, odpowiadaj\u0105cy metodzie Korotkoff\u2019a:<\/li>\n<\/ul>\n<p>faza I skurczowa, faza V rozkurczowa<\/p>\n<ul>\n<li>Zakres pomiaru: 20 \u2013 280 mmHg \u2013 ci\u015bnienie krwi<\/li>\n<li>40 \u2013 200 uderze\u0144 na minut\u0119 \u2013 t\u0119tno<\/li>\n<li>Zakres wy\u015bwietlania ci\u015bnienia w mankiecie: 0 \u2013 299 mmHg<\/li>\n<li>Rozdzielczo\u015b\u0107: 1 mmHg<\/li>\n<li>Dok\u0142adno\u015b\u0107 statyczna: ci\u015bnienie w zakresie \u00b1 3 mmHg<\/li>\n<li>Dok\u0142adno\u015b\u0107 pomiaru t\u0119tna: \u00b15 % warto\u015bci odczytu<\/li>\n<li>\u0179r\u00f3d\u0142o napi\u0119cia: 4 x 1,5 V baterie alkaliczne; AAA<\/li>\n<li>Zasilacz 6 V DC; 600 mA (opcja)<\/li>\n<li>\u017bywotno\u015b\u0107 baterii: Oko\u0142o 920 pomiar\u00f3w (nowe)<\/li>\n<li>Klasa IP: IP20<\/li>\n<li>Normy: EN 1060-1 \/-3 \/-4; IEC 60601-1; IEC 60601-1-2 (EMC); IEC 60601-1-11<\/li>\n<\/ul>\n<p>&nbsp;<\/p>\n","protected":false},"excerpt":{"rendered":"<ul style=\"font-size:1rem;\">\n<li class=\"transport\"><i class=\"fas fa-dolly\"><\/i> <span style=\"color: #0c7804;\"><strong class=\"transport\"> Darmowa dostawa w Bydgoszczy <\/strong><br \/>(przy zam\u00f3wieniu powy\u017cej 100 z\u0142, mo\u017cliwo\u015b\u0107 p\u0142atno\u015bci kart\u0105 przy odbiorze)<\/span><\/li>\n<li class=\"transport\"><i class=\"far fa-eye\"><\/i> Mo\u017cliwo\u015b\u0107 obejrzenia sprz\u0119tu w sklepie stacjonarnym<\/li>\n<li class=\"transport\"><i class=\"fas fa-undo\"><\/i> Mo\u017cliwo\u015b\u0107 zwrotu sprz\u0119tu do <strong>30 dni<\/strong><\/li>\n<li class=\"transport\"><i class=\"far fa-credit-card\"><\/i> <strong> P\u0142atno\u015b\u0107 kart\u0105<\/strong><\/li>\n<\/ul>\n<div class=\"more-link-wrapper\"><a class=\"more-link\" href=\"https:\/\/almach.pl\/sklep\/?product=innowacyjny-cisnieniomierz-z-zaawansowana-funkcja-afibsens-bp-b3-afib\/\">Read More<span class=\"screen-reader-text\">Innowacyjny ci\u015bnieniomierz z zaawansowan\u0105 funkcj\u0105 AFIBsens BP B3 AFIB<\/span><\/a><\/div>\n","protected":false},"featured_media":284,"comment_status":"closed","ping_status":"closed","template":"","meta":[],"product_cat":[100,31],"product_tag":[],"_links":{"self":[{"href":"https:\/\/almach.pl\/sklep\/index.php?rest_route=\/wp\/v2\/product\/240"}],"collection":[{"href":"https:\/\/almach.pl\/sklep\/index.php?rest_route=\/wp\/v2\/product"}],"about":[{"href":"https:\/\/almach.pl\/sklep\/index.php?rest_route=\/wp\/v2\/types\/product"}],"replies":[{"embeddable":true,"href":"https:\/\/almach.pl\/sklep\/index.php?rest_route=%2Fwp%2Fv2%2Fcomments&post=240"}],"wp:featuredmedia":[{"embeddable":true,"href":"https:\/\/almach.pl\/sklep\/index.php?rest_route=\/wp\/v2\/media\/284"}],"wp:attachment":[{"href":"https:\/\/almach.pl\/sklep\/index.php?rest_route=%2Fwp%2Fv2%2Fmedia&parent=240"}],"wp:term":[{"taxonomy":"product_cat","embeddable":true,"href":"https:\/\/almach.pl\/sklep\/index.php?rest_route=%2Fwp%2Fv2%2Fproduct_cat&post=240"},{"taxonomy":"product_tag","embeddable":true,"href":"https:\/\/almach.pl\/sklep\/index.php?rest_route=%2Fwp%2Fv2%2Fproduct_tag&post=240"}],"curies":[{"name":"wp","href":"https:\/\/api.w.org\/{rel}","templated":true}]}}