 
 {"id":231,"date":"2021-06-01T21:40:53","date_gmt":"2021-06-01T19:40:53","guid":{"rendered":"https:\/\/almach.pl\/sklep-alpha-2021\/?post_type=product&#038;p=231"},"modified":"2021-10-13T14:23:33","modified_gmt":"2021-10-13T12:23:33","slug":"wozek-reczny","status":"publish","type":"product","link":"https:\/\/almach.pl\/sklep\/?product=wozek-reczny\/","title":{"rendered":"W\u00f3zek r\u0119czny JazzS50 B69"},"content":{"rendered":"<p>Jest to odmiana modelu JazzS50 ale z dodatkowym wyposa\u017ceniem , kt\u00f3re podnosi standard na wy\u017cszy poziom funkcjonalny.<\/p>\n<div id=\"view:_id1:repeat5\">\n<div id=\"view:_id1:repeat5:0:inputRichText2\">\n<p dir=\"ltr\">Wyposa\u017cenie modelu JazzS50(WD)B69 :<\/p>\n<p dir=\"ltr\">\u2022 R\u0105czki oparcia \u0142amane w po\u0142owie &#8211; w\u00f3zek zajmuje w transporcie jeszcze mniej miejsca.<\/p>\n<p dir=\"ltr\">\u2022 Hamulce dla osoby towarzysz\u0105cej &#8211; bardzo istotna funkcja zwi\u0105zana z bezpiecze\u0144stwem dla os\u00f3b , kt\u00f3re pchaj\u0105 w\u00f3zek na pochyleniach i nie tylko. Taki hamulec powoduje pe\u0142n\u0105 kontrol\u0119 nad w\u00f3zkiem podczas przewo\u017cenia os\u00f3b.<\/p>\n<p dir=\"ltr\">\u2022 Kiesze\u0144 za oparciem na podr\u0119czne rzeczy.<\/p>\n<p dir=\"ltr\">\u2022 Wygodna poduszka na siedzisko i oparcie.<\/p>\n<p dir=\"ltr\">\u2022 Dwukolorowa tapicerka z materia\u0142u AirFlow. Zapewnia odpowiedni\u0105 wentylacj\u0119.<\/p>\n<\/div>\n<\/div>\n","protected":false},"excerpt":{"rendered":"<ul style=\"font-size:1rem;\">\n<li class=\"transport\"><i class=\"fas fa-dolly\"><\/i> <span style=\"color: #0c7804;\"><strong class=\"transport\"> Darmowa dostawa w Bydgoszczy <\/strong><br \/>(przy zam\u00f3wieniu powy\u017cej 100 z\u0142, mo\u017cliwo\u015b\u0107 p\u0142atno\u015bci kart\u0105 przy odbiorze)<\/span><\/li>\n<li class=\"transport\"><i class=\"far fa-eye\"><\/i> Mo\u017cliwo\u015b\u0107 obejrzenia sprz\u0119tu w sklepie stacjonarnym<\/li>\n<li class=\"transport\"><i class=\"fas fa-undo\"><\/i> Mo\u017cliwo\u015b\u0107 zwrotu sprz\u0119tu do <strong>30 dni<\/strong><\/li>\n<li class=\"transport\"><i class=\"far fa-credit-card\"><\/i> <strong> P\u0142atno\u015b\u0107 kart\u0105<\/strong><\/li>\n<\/ul>\n<div class=\"more-link-wrapper\"><a class=\"more-link\" href=\"https:\/\/almach.pl\/sklep\/?product=wozek-reczny\/\">Read More<span class=\"screen-reader-text\">W\u00f3zek r\u0119czny JazzS50 B69<\/span><\/a><\/div>\n","protected":false},"featured_media":388,"comment_status":"closed","ping_status":"closed","template":"","meta":[],"product_cat":[15],"product_tag":[],"_links":{"self":[{"href":"https:\/\/almach.pl\/sklep\/index.php?rest_route=\/wp\/v2\/product\/231"}],"collection":[{"href":"https:\/\/almach.pl\/sklep\/index.php?rest_route=\/wp\/v2\/product"}],"about":[{"href":"https:\/\/almach.pl\/sklep\/index.php?rest_route=\/wp\/v2\/types\/product"}],"replies":[{"embeddable":true,"href":"https:\/\/almach.pl\/sklep\/index.php?rest_route=%2Fwp%2Fv2%2Fcomments&post=231"}],"wp:featuredmedia":[{"embeddable":true,"href":"https:\/\/almach.pl\/sklep\/index.php?rest_route=\/wp\/v2\/media\/388"}],"wp:attachment":[{"href":"https:\/\/almach.pl\/sklep\/index.php?rest_route=%2Fwp%2Fv2%2Fmedia&parent=231"}],"wp:term":[{"taxonomy":"product_cat","embeddable":true,"href":"https:\/\/almach.pl\/sklep\/index.php?rest_route=%2Fwp%2Fv2%2Fproduct_cat&post=231"},{"taxonomy":"product_tag","embeddable":true,"href":"https:\/\/almach.pl\/sklep\/index.php?rest_route=%2Fwp%2Fv2%2Fproduct_tag&post=231"}],"curies":[{"name":"wp","href":"https:\/\/api.w.org\/{rel}","templated":true}]}}