 
 {"id":224,"date":"2021-06-01T21:19:04","date_gmt":"2021-06-01T19:19:04","guid":{"rendered":"https:\/\/almach.pl\/sklep-alpha-2021\/?post_type=product&#038;p=224"},"modified":"2021-10-13T14:23:47","modified_gmt":"2021-10-13T12:23:47","slug":"kula-pachowa","status":"publish","type":"product","link":"https:\/\/almach.pl\/sklep\/?product=kula-pachowa\/","title":{"rendered":"Kula pachowa (para)"},"content":{"rendered":"<p>Kula pachowa<\/p>\n<p>d\u0142uga\/\u015brednia (regulowana d\u0142ugo\u015b\u0107)<br \/>\nwysoko\u015b\u0107 od 1140 mm do 1340 mm (\u015brednia)<br \/>\nwysoko\u015b\u0107 od 1340 mm do 1540 mm (d\u0142uga)<br \/>\nmax. obci\u0105\u017cenie: 120 kg<\/p>\n","protected":false},"excerpt":{"rendered":"<ul style=\"font-size:1rem;\">\n<li class=\"transport\"><i class=\"fas fa-dolly\"><\/i> <span style=\"color: #0c7804;\"><strong class=\"transport\"> Darmowa dostawa w Bydgoszczy <\/strong><br \/>(przy zam\u00f3wieniu powy\u017cej 100 z\u0142, mo\u017cliwo\u015b\u0107 p\u0142atno\u015bci kart\u0105 przy odbiorze)<\/span><\/li>\n<li class=\"transport\"><i class=\"far fa-eye\"><\/i> Mo\u017cliwo\u015b\u0107 obejrzenia sprz\u0119tu w sklepie stacjonarnym<\/li>\n<li class=\"transport\"><i class=\"fas fa-undo\"><\/i> Mo\u017cliwo\u015b\u0107 zwrotu sprz\u0119tu do <strong>30 dni<\/strong><\/li>\n<li class=\"transport\"><i class=\"far fa-credit-card\"><\/i> <strong> P\u0142atno\u015b\u0107 kart\u0105<\/strong><\/li>\n<\/ul>\n<div class=\"more-link-wrapper\"><a class=\"more-link\" href=\"https:\/\/almach.pl\/sklep\/?product=kula-pachowa\/\">Read More<span class=\"screen-reader-text\">Kula pachowa (para)<\/span><\/a><\/div>\n","protected":false},"featured_media":333,"comment_status":"closed","ping_status":"closed","template":"","meta":[],"product_cat":[82,80],"product_tag":[],"_links":{"self":[{"href":"https:\/\/almach.pl\/sklep\/index.php?rest_route=\/wp\/v2\/product\/224"}],"collection":[{"href":"https:\/\/almach.pl\/sklep\/index.php?rest_route=\/wp\/v2\/product"}],"about":[{"href":"https:\/\/almach.pl\/sklep\/index.php?rest_route=\/wp\/v2\/types\/product"}],"replies":[{"embeddable":true,"href":"https:\/\/almach.pl\/sklep\/index.php?rest_route=%2Fwp%2Fv2%2Fcomments&post=224"}],"wp:featuredmedia":[{"embeddable":true,"href":"https:\/\/almach.pl\/sklep\/index.php?rest_route=\/wp\/v2\/media\/333"}],"wp:attachment":[{"href":"https:\/\/almach.pl\/sklep\/index.php?rest_route=%2Fwp%2Fv2%2Fmedia&parent=224"}],"wp:term":[{"taxonomy":"product_cat","embeddable":true,"href":"https:\/\/almach.pl\/sklep\/index.php?rest_route=%2Fwp%2Fv2%2Fproduct_cat&post=224"},{"taxonomy":"product_tag","embeddable":true,"href":"https:\/\/almach.pl\/sklep\/index.php?rest_route=%2Fwp%2Fv2%2Fproduct_tag&post=224"}],"curies":[{"name":"wp","href":"https:\/\/api.w.org\/{rel}","templated":true}]}}