 
 {"id":217,"date":"2021-06-01T21:09:38","date_gmt":"2021-06-01T19:09:38","guid":{"rendered":"https:\/\/almach.pl\/sklep-alpha-2021\/?post_type=product&#038;p=217"},"modified":"2021-10-13T14:24:05","modified_gmt":"2021-10-13T12:24:05","slug":"balkonik-czterokolowy-stalowy","status":"publish","type":"product","link":"https:\/\/almach.pl\/sklep\/?product=balkonik-czterokolowy-stalowy\/","title":{"rendered":"Balkonik czteroko\u0142owy &#8211; stalowy"},"content":{"rendered":"<p><span style=\"font-size: 16px;\">Stalowy balkonik do poruszania si\u0119 w spos\u00f3b bezpieczny i komfortowy. Odpowiednio du\u017cy rozmiar k\u00f3\u0142 przednich umo\u017cliwi w \u0142atwy spos\u00f3b pokonywanie r\u00f3\u017cnej wysoko\u015bci kraw\u0119\u017cnik\u00f3w i prog\u00f3w. Balkonik kompensuje brak odpowiedniego wsparcia przez nogi, dzi\u0119ki mo\u017cliwo\u015bci oparcia si\u0119 na balkoniku lub poruszania wraz z nimi, korzystaj\u0105c z si\u0142y r\u0105k i klatki piersiowej. Balkonik zapewnia lepsz\u0105 stabilno\u015b\u0107, wsparcie i bezpiecze\u0144stwo podczas chodzenia. Balkonik mo\u017ce by\u0107 u\u017cywany na zewn\u0105trz i wewn\u0105trz pomieszcze\u0144.<\/span><\/p>\n<div id=\"view:_id1:repeat5\">\n<div id=\"view:_id1:repeat5:0:inputRichText2\">\n<ul>\n<li>P\u00f3\u0142ka do siedzenia<\/li>\n<li>Tacka<\/li>\n<li>Uchwyty ergonomiczne<\/li>\n<li>Regulacja wysoko\u015bci r\u0105czek<\/li>\n<li>Koszyk na zakupy<\/li>\n<\/ul>\n<p>Dane techniczne:<\/p>\n<p>Maksymalna masa u\u017cytkownika 130 kg<br \/>\n\u0141\u0105czna d\u0142ugo\u015b\u0107 680 mm<br \/>\nD\u0142ugo\u015b\u0107 po z\u0142o\u017ceniu 270 mm<br \/>\n\u0141\u0105czna szeroko\u015b\u0107 600 mm<br \/>\nSzeroko\u015b\u0107 po z\u0142o\u017ceniu 600 mm<br \/>\n\u0141\u0105czna wysoko\u015b\u0107 780 &#8211; 990 mm<br \/>\nOdleg\u0142o\u015b\u0107 mi\u0119dzy r\u0105czkami 45 mm<br \/>\nWysoko\u015b\u0107 siedziska 560 mm<br \/>\nSzeroko\u015b\u0107 siedziska 420 mm<br \/>\nG\u0142\u0119boko\u015b\u0107 siedziska 160 mm<br \/>\nMasa \u0142\u0105czna &#8211; z koszykiem i tacka 9,85 kg<br \/>\n\u015arednica ko\u0142a 190 mm<br \/>\nHamulce jezdne i postojowe<br \/>\nMaksymalne obci\u0105\u017cenie koszyka 5 kg<br \/>\nTemperatura przechowywania +5\u00b0C &#8211; +41\u00b0C<\/p>\n<\/div>\n<\/div>\n","protected":false},"excerpt":{"rendered":"<ul style=\"font-size:1rem;\">\n<li class=\"transport\"><i class=\"fas fa-dolly\"><\/i> <span style=\"color: #0c7804;\"><strong class=\"transport\"> Darmowa dostawa w Bydgoszczy <\/strong><br \/>(przy zam\u00f3wieniu powy\u017cej 100 z\u0142, mo\u017cliwo\u015b\u0107 p\u0142atno\u015bci kart\u0105 przy odbiorze)<\/span><\/li>\n<li class=\"transport\"><i class=\"far fa-eye\"><\/i> Mo\u017cliwo\u015b\u0107 obejrzenia sprz\u0119tu w sklepie stacjonarnym<\/li>\n<li class=\"transport\"><i class=\"fas fa-undo\"><\/i> Mo\u017cliwo\u015b\u0107 zwrotu sprz\u0119tu do <strong>30 dni<\/strong><\/li>\n<li class=\"transport\"><i class=\"far fa-credit-card\"><\/i> <strong> P\u0142atno\u015b\u0107 kart\u0105<\/strong><\/li>\n<\/ul>\n<div class=\"more-link-wrapper\"><a class=\"more-link\" href=\"https:\/\/almach.pl\/sklep\/?product=balkonik-czterokolowy-stalowy\/\">Read More<span class=\"screen-reader-text\">Balkonik czteroko\u0142owy &#8211; stalowy<\/span><\/a><\/div>\n","protected":false},"featured_media":338,"comment_status":"closed","ping_status":"closed","template":"","meta":[],"product_cat":[91,86],"product_tag":[],"_links":{"self":[{"href":"https:\/\/almach.pl\/sklep\/index.php?rest_route=\/wp\/v2\/product\/217"}],"collection":[{"href":"https:\/\/almach.pl\/sklep\/index.php?rest_route=\/wp\/v2\/product"}],"about":[{"href":"https:\/\/almach.pl\/sklep\/index.php?rest_route=\/wp\/v2\/types\/product"}],"replies":[{"embeddable":true,"href":"https:\/\/almach.pl\/sklep\/index.php?rest_route=%2Fwp%2Fv2%2Fcomments&post=217"}],"wp:featuredmedia":[{"embeddable":true,"href":"https:\/\/almach.pl\/sklep\/index.php?rest_route=\/wp\/v2\/media\/338"}],"wp:attachment":[{"href":"https:\/\/almach.pl\/sklep\/index.php?rest_route=%2Fwp%2Fv2%2Fmedia&parent=217"}],"wp:term":[{"taxonomy":"product_cat","embeddable":true,"href":"https:\/\/almach.pl\/sklep\/index.php?rest_route=%2Fwp%2Fv2%2Fproduct_cat&post=217"},{"taxonomy":"product_tag","embeddable":true,"href":"https:\/\/almach.pl\/sklep\/index.php?rest_route=%2Fwp%2Fv2%2Fproduct_tag&post=217"}],"curies":[{"name":"wp","href":"https:\/\/api.w.org\/{rel}","templated":true}]}}