 
 {"id":203,"date":"2021-06-01T20:37:55","date_gmt":"2021-06-01T18:37:55","guid":{"rendered":"https:\/\/almach.pl\/sklep-alpha-2021\/?post_type=product&#038;p=203"},"modified":"2022-08-16T21:02:18","modified_gmt":"2022-08-16T19:02:18","slug":"balkonik-aluminiowy-czterokolowy-quava","status":"publish","type":"product","link":"https:\/\/almach.pl\/sklep\/?product=balkonik-aluminiowy-czterokolowy-quava\/","title":{"rendered":"Balkonik aluminiowy czteroko\u0142owy &#8211; Quava"},"content":{"rendered":"<p>QUAVA zapewnia bezpieczne i swobodne poruszanie si\u0119 osobom starszym. Funkcjonalno\u015b\u0107 i nowoczesny wygl\u0105d uzupe\u0142niaj\u0105 si\u0119 wzajemnie. Odpowiednio du\u017cy rozmiar k\u00f3\u0142 przednich umo\u017cliwi w \u0142atwy spos\u00f3b pokonywanie r\u00f3\u017cnej wysoko\u015bci kraw\u0119\u017cnik\u00f3w i prog\u00f3w. QUAVA jest projektem spe\u0142niaj\u0105cym wymagania ergonomii, trwa\u0142o\u015bci, funkcjonalno\u015bci oraz komfortu. Aluminiowa lekka konstrukcja i \u0142atwo\u015b\u0107 sk\u0142adania, wystarczy przycisn\u0105\u0107 przycisk, z\u0142o\u017cy\u0107 do rozmiaru transportowego czy wygodnego przechowywania w domu. Przy niewielkiej wadze 7,25 kg QUAVA gwarantuje olbrzymi\u0105 wytrzyma\u0142o\u015b\u0107 do 130 kg.<\/p>\n<div id=\"view:_id1:repeat5\">\n<div id=\"view:_id1:repeat5:0:inputRichText2\">\n<div id=\"view:_id1:repeat5\" dir=\"ltr\">\n<div id=\"view:_id1:repeat5:0:inputRichText2\">\n<ul>\n<li><span id=\"view:_id1:computedField20\">Sk\u0142adany na p\u0142asko,<\/span><\/li>\n<li><span id=\"view:_id1:computedField20\">uchwyt na kule,<\/span><\/li>\n<li><span id=\"view:_id1:computedField20\">siedzisko,<\/span><\/li>\n<li><span id=\"view:_id1:computedField20\">uchwyty ergonomiczne,<\/span><\/li>\n<li><span id=\"view:_id1:computedField20\">regulacja wysoko\u015bci r\u0105czek,<\/span><\/li>\n<li><span id=\"view:_id1:computedField20\">koszyk na zakupy,<\/span><\/li>\n<li><span id=\"view:_id1:computedField20\">blokada sk\u0142adania<\/span><\/li>\n<\/ul>\n<p>Dane techniczne:<\/p>\n<p>szeroko\u015b\u0107: 655 mm<br \/>\nwysoko\u015b\u0107: 805- 955 mm<br \/>\nd\u0142ugo\u015b\u0107: 710 mm<br \/>\nwys. siedziska: 540 mm<br \/>\nszer. siedziska: 450 mm<br \/>\nwaga : 7,7 kg<br \/>\nmax. obci\u0105\u017cenie: 136 kg<br \/>\nko\u0142a \u00f8 200&#215;35 mm<\/p>\n<p>Balkonik wyst\u0119puje w dw\u00f3ch wersjach koloru ramy.<\/p>\n<\/div>\n<\/div>\n<\/div>\n<\/div>\n","protected":false},"excerpt":{"rendered":"<ul style=\"font-size:1rem;\">\n<li class=\"transport\"><i class=\"fas fa-dolly\"><\/i> <span style=\"color: #0c7804;\"><strong class=\"transport\"> Darmowa dostawa w Bydgoszczy <\/strong><br \/>(przy zam\u00f3wieniu powy\u017cej 100 z\u0142, mo\u017cliwo\u015b\u0107 p\u0142atno\u015bci kart\u0105 przy odbiorze)<\/span><\/li>\n<li class=\"transport\"><i class=\"far fa-eye\"><\/i> Mo\u017cliwo\u015b\u0107 obejrzenia sprz\u0119tu w sklepie stacjonarnym<\/li>\n<li class=\"transport\"><i class=\"fas fa-undo\"><\/i> Mo\u017cliwo\u015b\u0107 zwrotu sprz\u0119tu do <strong>30 dni<\/strong><\/li>\n<li class=\"transport\"><i class=\"far fa-credit-card\"><\/i> <strong> P\u0142atno\u015b\u0107 kart\u0105<\/strong><\/li>\n<\/ul>\n<div class=\"more-link-wrapper\"><a class=\"more-link\" href=\"https:\/\/almach.pl\/sklep\/?product=balkonik-aluminiowy-czterokolowy-quava\/\">Read More<span class=\"screen-reader-text\">Balkonik aluminiowy czteroko\u0142owy &#8211; Quava<\/span><\/a><\/div>\n","protected":false},"featured_media":341,"comment_status":"closed","ping_status":"closed","template":"","meta":[],"product_cat":[91,86],"product_tag":[],"_links":{"self":[{"href":"https:\/\/almach.pl\/sklep\/index.php?rest_route=\/wp\/v2\/product\/203"}],"collection":[{"href":"https:\/\/almach.pl\/sklep\/index.php?rest_route=\/wp\/v2\/product"}],"about":[{"href":"https:\/\/almach.pl\/sklep\/index.php?rest_route=\/wp\/v2\/types\/product"}],"replies":[{"embeddable":true,"href":"https:\/\/almach.pl\/sklep\/index.php?rest_route=%2Fwp%2Fv2%2Fcomments&post=203"}],"wp:featuredmedia":[{"embeddable":true,"href":"https:\/\/almach.pl\/sklep\/index.php?rest_route=\/wp\/v2\/media\/341"}],"wp:attachment":[{"href":"https:\/\/almach.pl\/sklep\/index.php?rest_route=%2Fwp%2Fv2%2Fmedia&parent=203"}],"wp:term":[{"taxonomy":"product_cat","embeddable":true,"href":"https:\/\/almach.pl\/sklep\/index.php?rest_route=%2Fwp%2Fv2%2Fproduct_cat&post=203"},{"taxonomy":"product_tag","embeddable":true,"href":"https:\/\/almach.pl\/sklep\/index.php?rest_route=%2Fwp%2Fv2%2Fproduct_tag&post=203"}],"curies":[{"name":"wp","href":"https:\/\/api.w.org\/{rel}","templated":true}]}}