 
 {"id":199,"date":"2021-06-01T20:32:41","date_gmt":"2021-06-01T18:32:41","guid":{"rendered":"https:\/\/almach.pl\/sklep-alpha-2021\/?post_type=product&#038;p=199"},"modified":"2021-10-13T09:19:10","modified_gmt":"2021-10-13T07:19:10","slug":"balkonik-aluminiowy-quadri-light","status":"publish","type":"product","link":"https:\/\/almach.pl\/sklep\/?product=balkonik-aluminiowy-quadri-light\/","title":{"rendered":"Balkonik aluminiowy &#8211; QUADRI Light"},"content":{"rendered":"<p>Nasz balkonik pozwala poczu\u0107 w pe\u0142ni swobod\u0119 jak\u0105 daje mo\u017cliwo\u015b\u0107 poruszania si\u0119 w spos\u00f3b bezpieczny i komfortowy. Funkcjonalno\u015b\u0107 i nowoczesny design id\u0105 w parze. Odpowiednio du\u017cy rozmiar k\u00f3\u0142 przednich umo\u017cliwi w \u0142atwy spos\u00f3b pokonywanie r\u00f3\u017cnej wysoko\u015bci kraw\u0119\u017cnik\u00f3w i prog\u00f3w. 4light jest projektem spe\u0142niaj\u0105cym wymagania ergonomii, trwa\u0142o\u015bci, funkcjonalno\u015bci oraz komfortu. Aluminiowa lekka konstrukcja i \u0142atwo\u015b\u0107 sk\u0142adania wprowadza wygod\u0119 w przechowywaniu oraz przewo\u017cenie nawet w ma\u0142ych autach. Przy niewielkiej wadze 7,25 kg 4light gwarantuje olbrzymi\u0105 wytrzyma\u0142o\u015b\u0107 do 130 kg.<\/p>\n<div id=\"view:_id1:repeat5\">\n<div id=\"view:_id1:repeat5:0:inputRichText2\">\n<ul>\n<li>Sk\u0142adany na p\u0142asko,<\/li>\n<li>uchwyt na kule,<\/li>\n<li>siedzisko,<\/li>\n<li>uchwyty ergonomiczne,<\/li>\n<li>regulacja wysoko\u015bci r\u0105czek,<\/li>\n<li>koszyk na zakupy,<\/li>\n<li>blokada sk\u0142adania.<\/li>\n<\/ul>\n<p>Dane techniczne:<\/p>\n<p>szeroko\u015b\u0107: 650 mm<br \/>\nwysoko\u015b\u0107: 805 &#8211; 930 mm<br \/>\nd\u0142ugo\u015b\u0107: 700 mm<br \/>\nwys. siedziska: 610 mm<br \/>\nszer. siedziska: 450 mm<br \/>\nwaga : 7,25 kg<br \/>\nmax. obci\u0105\u017cenie: 130 kg<\/p>\n<p>Balkonik wyst\u0119puje w dw\u00f3ch wersjach koloru ramy.<\/p>\n<\/div>\n<\/div>\n","protected":false},"excerpt":{"rendered":"<ul style=\"font-size:1rem;\">\n<li class=\"transport\"><i class=\"fas fa-dolly\"><\/i> <span style=\"color: #0c7804;\"><strong class=\"transport\"> Darmowa dostawa w Bydgoszczy <\/strong><br \/>(przy zam\u00f3wieniu powy\u017cej 100 z\u0142, mo\u017cliwo\u015b\u0107 p\u0142atno\u015bci kart\u0105 przy odbiorze)<\/span><\/li>\n<li class=\"transport\"><i class=\"far fa-eye\"><\/i> Mo\u017cliwo\u015b\u0107 obejrzenia sprz\u0119tu w sklepie stacjonarnym<\/li>\n<li class=\"transport\"><i class=\"fas fa-undo\"><\/i> Mo\u017cliwo\u015b\u0107 zwrotu sprz\u0119tu do <strong>30 dni<\/strong><\/li>\n<li class=\"transport\"><i class=\"far fa-credit-card\"><\/i> <strong> P\u0142atno\u015b\u0107 kart\u0105<\/strong><\/li>\n<\/ul>\n<div class=\"more-link-wrapper\"><a class=\"more-link\" href=\"https:\/\/almach.pl\/sklep\/?product=balkonik-aluminiowy-quadri-light\/\">Read More<span class=\"screen-reader-text\">Balkonik aluminiowy &#8211; QUADRI Light<\/span><\/a><\/div>\n","protected":false},"featured_media":346,"comment_status":"closed","ping_status":"closed","template":"","meta":[],"product_cat":[91,86],"product_tag":[],"_links":{"self":[{"href":"https:\/\/almach.pl\/sklep\/index.php?rest_route=\/wp\/v2\/product\/199"}],"collection":[{"href":"https:\/\/almach.pl\/sklep\/index.php?rest_route=\/wp\/v2\/product"}],"about":[{"href":"https:\/\/almach.pl\/sklep\/index.php?rest_route=\/wp\/v2\/types\/product"}],"replies":[{"embeddable":true,"href":"https:\/\/almach.pl\/sklep\/index.php?rest_route=%2Fwp%2Fv2%2Fcomments&post=199"}],"wp:featuredmedia":[{"embeddable":true,"href":"https:\/\/almach.pl\/sklep\/index.php?rest_route=\/wp\/v2\/media\/346"}],"wp:attachment":[{"href":"https:\/\/almach.pl\/sklep\/index.php?rest_route=%2Fwp%2Fv2%2Fmedia&parent=199"}],"wp:term":[{"taxonomy":"product_cat","embeddable":true,"href":"https:\/\/almach.pl\/sklep\/index.php?rest_route=%2Fwp%2Fv2%2Fproduct_cat&post=199"},{"taxonomy":"product_tag","embeddable":true,"href":"https:\/\/almach.pl\/sklep\/index.php?rest_route=%2Fwp%2Fv2%2Fproduct_tag&post=199"}],"curies":[{"name":"wp","href":"https:\/\/api.w.org\/{rel}","templated":true}]}}