 
 {"id":197,"date":"2021-06-01T20:25:41","date_gmt":"2021-06-01T18:25:41","guid":{"rendered":"https:\/\/almach.pl\/sklep-alpha-2021\/?post_type=product&#038;p=197"},"modified":"2021-10-18T13:06:02","modified_gmt":"2021-10-18T11:06:02","slug":"balkonik-aluminiowy","status":"publish","type":"product","link":"https:\/\/almach.pl\/sklep\/?product=balkonik-aluminiowy\/","title":{"rendered":"Balkonik aluminiowy czteroko\u0142owy Eco Light"},"content":{"rendered":"<p>Eco Light \u00a0umo\u017cliwia poruszania si\u0119 w spos\u00f3b bezpieczny i komfortowy. Odpowiednio du\u017cy rozmiar k\u00f3\u0142 przednich umo\u017cliwi w \u0142atwy spos\u00f3b pokonywanie r\u00f3\u017cnej wysoko\u015bci kraw\u0119\u017cnik\u00f3w i prog\u00f3w. Trwa\u0142o\u015b\u0107, ergonomia, funkcjonalno\u015bci oraz komfortu. Aluminiowa lekka konstrukcja i \u0142atwo\u015b\u0107 sk\u0142adania wprowadza wygod\u0119 w przechowywaniu.<\/p>\n<div id=\"view:_id1:repeat5\">\n<div id=\"view:_id1:repeat5:0:inputRichText2\">\n<ul>\n<li>P\u00f3\u0142ka do siedzenia<\/li>\n<li>Oparcie plec\u00f3w<\/li>\n<li>Uchwyty ergonomiczne.<\/li>\n<li>Regulacja wysoko\u015bci r\u0105czek<\/li>\n<li>Koszyk na zakupy<\/li>\n<li>Uchwyt na kule<\/li>\n<\/ul>\n<p>Dane techniczne:<\/p>\n<p>szeroko\u015b\u0107: 600 mm<br \/>\nwysoko\u015b\u0107: 835 &#8211; 965 mm<br \/>\nd\u0142ugo\u015b\u0107: 610 mm<br \/>\nwys. siedziska: 545 mm<br \/>\nszer. siedziska: 340 mm<br \/>\nwaga: 6,6 kg<br \/>\nmax. obci\u0105\u017cenie: 120 kg<\/p>\n<\/div>\n<\/div>\n","protected":false},"excerpt":{"rendered":"<ul style=\"font-size:1rem;\">\n<li class=\"transport\"><i class=\"fas fa-dolly\"><\/i> <span style=\"color: #0c7804;\"><strong class=\"transport\"> Darmowa dostawa w Bydgoszczy <\/strong><br \/>(przy zam\u00f3wieniu powy\u017cej 100 z\u0142, mo\u017cliwo\u015b\u0107 p\u0142atno\u015bci kart\u0105 przy odbiorze)<\/span><\/li>\n<li class=\"transport\"><i class=\"far fa-eye\"><\/i> Mo\u017cliwo\u015b\u0107 obejrzenia sprz\u0119tu w sklepie stacjonarnym<\/li>\n<li class=\"transport\"><i class=\"fas fa-undo\"><\/i> Mo\u017cliwo\u015b\u0107 zwrotu sprz\u0119tu do <strong>30 dni<\/strong><\/li>\n<li class=\"transport\"><i class=\"far fa-credit-card\"><\/i> <strong> P\u0142atno\u015b\u0107 kart\u0105<\/strong><\/li>\n<\/ul>\n<div class=\"more-link-wrapper\"><a class=\"more-link\" href=\"https:\/\/almach.pl\/sklep\/?product=balkonik-aluminiowy\/\">Read More<span class=\"screen-reader-text\">Balkonik aluminiowy czteroko\u0142owy Eco Light<\/span><\/a><\/div>\n","protected":false},"featured_media":349,"comment_status":"closed","ping_status":"closed","template":"","meta":[],"product_cat":[91,86],"product_tag":[],"_links":{"self":[{"href":"https:\/\/almach.pl\/sklep\/index.php?rest_route=\/wp\/v2\/product\/197"}],"collection":[{"href":"https:\/\/almach.pl\/sklep\/index.php?rest_route=\/wp\/v2\/product"}],"about":[{"href":"https:\/\/almach.pl\/sklep\/index.php?rest_route=\/wp\/v2\/types\/product"}],"replies":[{"embeddable":true,"href":"https:\/\/almach.pl\/sklep\/index.php?rest_route=%2Fwp%2Fv2%2Fcomments&post=197"}],"wp:featuredmedia":[{"embeddable":true,"href":"https:\/\/almach.pl\/sklep\/index.php?rest_route=\/wp\/v2\/media\/349"}],"wp:attachment":[{"href":"https:\/\/almach.pl\/sklep\/index.php?rest_route=%2Fwp%2Fv2%2Fmedia&parent=197"}],"wp:term":[{"taxonomy":"product_cat","embeddable":true,"href":"https:\/\/almach.pl\/sklep\/index.php?rest_route=%2Fwp%2Fv2%2Fproduct_cat&post=197"},{"taxonomy":"product_tag","embeddable":true,"href":"https:\/\/almach.pl\/sklep\/index.php?rest_route=%2Fwp%2Fv2%2Fproduct_tag&post=197"}],"curies":[{"name":"wp","href":"https:\/\/api.w.org\/{rel}","templated":true}]}}