 
 {"id":192,"date":"2021-06-01T20:21:53","date_gmt":"2021-06-01T18:21:53","guid":{"rendered":"https:\/\/almach.pl\/sklep-alpha-2021\/?post_type=product&#038;p=192"},"modified":"2021-10-13T09:19:35","modified_gmt":"2021-10-13T07:19:35","slug":"balkonik-aluminiowy-czterokolowy","status":"publish","type":"product","link":"https:\/\/almach.pl\/sklep\/?product=balkonik-aluminiowy-czterokolowy\/","title":{"rendered":"Balkonik aluminiowy czteroko\u0142owy CADEO"},"content":{"rendered":"<p>CADEO \u00a0umo\u017cliwia poruszania si\u0119 w spos\u00f3b bezpieczny i komfortowy w pomieszczeniach zamkni\u0119tych (DPS-y, mieszkania, szpitale itp.). Odpowiednio rozmiar k\u00f3\u0142 110 mm\u00a0sprawia, \u017ce balkonik jest bardzo zwrotny. Niewielka waga, z torb\u0105 to 5,5 kg, \u00a0pozwala podnie\u015b\u0107 go nawet osobie bardzo s\u0142abej. Specyficzny mechanizm dociskowy na tylnych ko\u0142ach umo\u017cliwia hamowanie tylko poprzez oparcie si\u0119 o r\u0105czki do pchania, nie potrzeba u\u017cywa\u0107 tradycyjnych hamulc\u00f3w. Dla os\u00f3b w podesz\u0142ym wieku jest to du\u017co bardziej bezpieczne rozwi\u0105zanie.<\/p>\n<div id=\"view:_id1:repeat5\">\n<div id=\"view:_id1:repeat5:0:inputRichText2\">\n<ul>\n<li>P\u00f3\u0142ka do siedzenia.<\/li>\n<li>Oparcie plec\u00f3w.<\/li>\n<li>Uchwyty ergonomiczne.<\/li>\n<li>Regulacja wysoko\u015bci r\u0105czek.<\/li>\n<li>Koszyk na zakupy.<\/li>\n<\/ul>\n<p dir=\"ltr\">Dane techniczne:<\/p>\n<ul>\n<li>szeroko\u015b\u0107 590 mm<\/li>\n<li>d\u0142ugo\u015b\u0107 600 mm<\/li>\n<li>ca\u0142kowita wysoko\u015b\u0107 800 &#8211; 910 mm<\/li>\n<li>g\u0142\u0119boko\u015b\u0107 siedziska 300 mm<\/li>\n<li>szeroko\u015b\u0107 siedziska 300 mm<\/li>\n<li>wysoko\u015b\u0107 siedziska 540 mm<\/li>\n<li>waga z torb\u0105 5,5 kg<\/li>\n<li>maksymalne obci\u0105\u017cenie 90 kg<\/li>\n<li>ko\u0142a \u00f8 110 mm<\/li>\n<\/ul>\n<\/div>\n<\/div>\n","protected":false},"excerpt":{"rendered":"<ul style=\"font-size:1rem;\">\n<li class=\"transport\"><i class=\"fas fa-dolly\"><\/i> <span style=\"color: #0c7804;\"><strong class=\"transport\"> Darmowa dostawa w Bydgoszczy <\/strong><br \/>(przy zam\u00f3wieniu powy\u017cej 100 z\u0142, mo\u017cliwo\u015b\u0107 p\u0142atno\u015bci kart\u0105 przy odbiorze)<\/span><\/li>\n<li class=\"transport\"><i class=\"far fa-eye\"><\/i> Mo\u017cliwo\u015b\u0107 obejrzenia sprz\u0119tu w sklepie stacjonarnym<\/li>\n<li class=\"transport\"><i class=\"fas fa-undo\"><\/i> Mo\u017cliwo\u015b\u0107 zwrotu sprz\u0119tu do <strong>30 dni<\/strong><\/li>\n<li class=\"transport\"><i class=\"far fa-credit-card\"><\/i> <strong> P\u0142atno\u015b\u0107 kart\u0105<\/strong><\/li>\n<\/ul>\n<div class=\"more-link-wrapper\"><a class=\"more-link\" href=\"https:\/\/almach.pl\/sklep\/?product=balkonik-aluminiowy-czterokolowy\/\">Read More<span class=\"screen-reader-text\">Balkonik aluminiowy czteroko\u0142owy CADEO<\/span><\/a><\/div>\n","protected":false},"featured_media":350,"comment_status":"closed","ping_status":"closed","template":"","meta":[],"product_cat":[91,86],"product_tag":[],"_links":{"self":[{"href":"https:\/\/almach.pl\/sklep\/index.php?rest_route=\/wp\/v2\/product\/192"}],"collection":[{"href":"https:\/\/almach.pl\/sklep\/index.php?rest_route=\/wp\/v2\/product"}],"about":[{"href":"https:\/\/almach.pl\/sklep\/index.php?rest_route=\/wp\/v2\/types\/product"}],"replies":[{"embeddable":true,"href":"https:\/\/almach.pl\/sklep\/index.php?rest_route=%2Fwp%2Fv2%2Fcomments&post=192"}],"wp:featuredmedia":[{"embeddable":true,"href":"https:\/\/almach.pl\/sklep\/index.php?rest_route=\/wp\/v2\/media\/350"}],"wp:attachment":[{"href":"https:\/\/almach.pl\/sklep\/index.php?rest_route=%2Fwp%2Fv2%2Fmedia&parent=192"}],"wp:term":[{"taxonomy":"product_cat","embeddable":true,"href":"https:\/\/almach.pl\/sklep\/index.php?rest_route=%2Fwp%2Fv2%2Fproduct_cat&post=192"},{"taxonomy":"product_tag","embeddable":true,"href":"https:\/\/almach.pl\/sklep\/index.php?rest_route=%2Fwp%2Fv2%2Fproduct_tag&post=192"}],"curies":[{"name":"wp","href":"https:\/\/api.w.org\/{rel}","templated":true}]}}