 
 {"id":179,"date":"2021-06-01T19:40:47","date_gmt":"2021-06-01T17:40:47","guid":{"rendered":"https:\/\/almach.pl\/sklep-alpha-2021\/?post_type=product&#038;p=179"},"modified":"2022-01-21T08:33:35","modified_gmt":"2022-01-21T07:33:35","slug":"aluminiowe-skladane-krzeslo-prysznicowe","status":"publish","type":"product","link":"https:\/\/almach.pl\/sklep\/?product=aluminiowe-skladane-krzeslo-prysznicowe\/","title":{"rendered":"Aluminiowe sk\u0142adane krzes\u0142o prysznicowe Laly"},"content":{"rendered":"<p>U\u017cyteczno\u015b\u0107 w po\u0142\u0105czeniu z funkcjonalnym wzornictwem. Wszystkie powierzchnie siedziska s\u0105 wyposa\u017cone w specjaln\u0105 warstw\u0119 strukturalnie ukszta\u0142towan\u0105, kt\u00f3ra dzia\u0142a antypo\u015blizgowo. Dodatkowo siedzisko jest z wci\u0119ciem, kt\u00f3re pe\u0142ni dodatkow\u0105 funkcj\u0119 sanitarn\u0105.<\/p>\n<div id=\"view:_id1:repeat5\">\n<div id=\"view:_id1:repeat5:0:inputRichText2\">\n<ul>\n<li>Szeroko\u015b\u0107: 51 cm,<\/li>\n<li>g\u0142\u0119boko\u015b\u0107: 57 cm,<\/li>\n<li>wysoko\u015b\u0107: 88-100 cm,<\/li>\n<li>wysoko\u015b\u0107 oparcia: 500 cm,<\/li>\n<li>szer. siedziska: 42 cm,<\/li>\n<li>wys. siedziska: 37-53 cm,<\/li>\n<li>g\u0142\u0119boko\u015b\u0107 siedziska: 40 cm,<\/li>\n<li>waga: 3,8 kg,<\/li>\n<li>obci\u0105\u017cenie: 130 kg.<\/li>\n<\/ul>\n<\/div>\n<\/div>\n","protected":false},"excerpt":{"rendered":"<ul style=\"font-size: 1rem;\">\n<li class=\"transport\"><i class=\"fas fa-dolly\"><\/i> <span style=\"color: #0c7804;\"><strong class=\"transport\"> Darmowa dostawa w Bydgoszczy <\/strong><br \/>\n(przy zam\u00f3wieniu powy\u017cej 100 z\u0142, mo\u017cliwo\u015b\u0107 p\u0142atno\u015bci kart\u0105 przy odbiorze)<\/span><\/li>\n<li class=\"transport\"><i class=\"far fa-eye\"><\/i> Mo\u017cliwo\u015b\u0107 obejrzenia sprz\u0119tu w sklepie stacjonarnym<\/li>\n<li class=\"transport\"><i class=\"fas fa-undo\"><\/i> Mo\u017cliwo\u015b\u0107 zwrotu sprz\u0119tu do <strong>30 dni<\/strong><\/li>\n<li class=\"transport\"><i class=\"far fa-credit-card\"><\/i> <strong> P\u0142atno\u015b\u0107 kart\u0105<\/strong><\/li>\n<\/ul>\n<div class=\"more-link-wrapper\"><a class=\"more-link\" href=\"https:\/\/almach.pl\/sklep\/?product=aluminiowe-skladane-krzeslo-prysznicowe\/\">Read More<span class=\"screen-reader-text\">Aluminiowe sk\u0142adane krzes\u0142o prysznicowe Laly<\/span><\/a><\/div>\n","protected":false},"featured_media":360,"comment_status":"closed","ping_status":"closed","template":"","meta":[],"product_cat":[72,69],"product_tag":[],"_links":{"self":[{"href":"https:\/\/almach.pl\/sklep\/index.php?rest_route=\/wp\/v2\/product\/179"}],"collection":[{"href":"https:\/\/almach.pl\/sklep\/index.php?rest_route=\/wp\/v2\/product"}],"about":[{"href":"https:\/\/almach.pl\/sklep\/index.php?rest_route=\/wp\/v2\/types\/product"}],"replies":[{"embeddable":true,"href":"https:\/\/almach.pl\/sklep\/index.php?rest_route=%2Fwp%2Fv2%2Fcomments&post=179"}],"wp:featuredmedia":[{"embeddable":true,"href":"https:\/\/almach.pl\/sklep\/index.php?rest_route=\/wp\/v2\/media\/360"}],"wp:attachment":[{"href":"https:\/\/almach.pl\/sklep\/index.php?rest_route=%2Fwp%2Fv2%2Fmedia&parent=179"}],"wp:term":[{"taxonomy":"product_cat","embeddable":true,"href":"https:\/\/almach.pl\/sklep\/index.php?rest_route=%2Fwp%2Fv2%2Fproduct_cat&post=179"},{"taxonomy":"product_tag","embeddable":true,"href":"https:\/\/almach.pl\/sklep\/index.php?rest_route=%2Fwp%2Fv2%2Fproduct_tag&post=179"}],"curies":[{"name":"wp","href":"https:\/\/api.w.org\/{rel}","templated":true}]}}