 
 {"id":169,"date":"2021-06-01T19:22:34","date_gmt":"2021-06-01T17:22:34","guid":{"rendered":"https:\/\/almach.pl\/sklep-alpha-2021\/?post_type=product&#038;p=169"},"modified":"2021-10-13T09:22:01","modified_gmt":"2021-10-13T07:22:01","slug":"rotor-do-cwiczen-konczyn-dolnych","status":"publish","type":"product","link":"https:\/\/almach.pl\/sklep\/?product=rotor-do-cwiczen-konczyn-dolnych\/","title":{"rendered":"Rotor do \u0107wicze\u0144 ko\u0144czyn dolnych"},"content":{"rendered":"<p>Ruszaj si\u0119 w domu z rotorem. Miernik cyfrowy pokazuje spalone kalorie. Ca\u0142kowicie sk\u0142adany w celu \u0142atwego przechowywania.<\/p>\n<p>szeroko\u015b\u0107: 400 mm<br \/>\nwysoko\u015b\u0107: 300 mm<br \/>\nd\u0142ugo\u015b\u0107: 500 mm<br \/>\nwysoko\u015b\u0107 po zdemontowaniu:<br \/>\n170 mm<br \/>\nwaga: 2,3 kg<br \/>\nmax. obci\u0105\u017cenieg: 50 kg<\/p>\n","protected":false},"excerpt":{"rendered":"<ul style=\"font-size:1rem;\">\n<li class=\"transport\"><i class=\"fas fa-dolly\"><\/i> <span style=\"color: #0c7804;\"><strong class=\"transport\"> Darmowa dostawa w Bydgoszczy <\/strong><br \/>(przy zam\u00f3wieniu powy\u017cej 100 z\u0142, mo\u017cliwo\u015b\u0107 p\u0142atno\u015bci kart\u0105 przy odbiorze)<\/span><\/li>\n<li class=\"transport\"><i class=\"far fa-eye\"><\/i> Mo\u017cliwo\u015b\u0107 obejrzenia sprz\u0119tu w sklepie stacjonarnym<\/li>\n<li class=\"transport\"><i class=\"fas fa-undo\"><\/i> Mo\u017cliwo\u015b\u0107 zwrotu sprz\u0119tu do <strong>30 dni<\/strong><\/li>\n<li class=\"transport\"><i class=\"far fa-credit-card\"><\/i> <strong> P\u0142atno\u015b\u0107 kart\u0105<\/strong><\/li>\n<\/ul>\n<div class=\"more-link-wrapper\"><a class=\"more-link\" href=\"https:\/\/almach.pl\/sklep\/?product=rotor-do-cwiczen-konczyn-dolnych\/\">Read More<span class=\"screen-reader-text\">Rotor do \u0107wicze\u0144 ko\u0144czyn dolnych<\/span><\/a><\/div>\n","protected":false},"featured_media":365,"comment_status":"closed","ping_status":"closed","template":"","meta":[],"product_cat":[95,26],"product_tag":[],"_links":{"self":[{"href":"https:\/\/almach.pl\/sklep\/index.php?rest_route=\/wp\/v2\/product\/169"}],"collection":[{"href":"https:\/\/almach.pl\/sklep\/index.php?rest_route=\/wp\/v2\/product"}],"about":[{"href":"https:\/\/almach.pl\/sklep\/index.php?rest_route=\/wp\/v2\/types\/product"}],"replies":[{"embeddable":true,"href":"https:\/\/almach.pl\/sklep\/index.php?rest_route=%2Fwp%2Fv2%2Fcomments&post=169"}],"wp:featuredmedia":[{"embeddable":true,"href":"https:\/\/almach.pl\/sklep\/index.php?rest_route=\/wp\/v2\/media\/365"}],"wp:attachment":[{"href":"https:\/\/almach.pl\/sklep\/index.php?rest_route=%2Fwp%2Fv2%2Fmedia&parent=169"}],"wp:term":[{"taxonomy":"product_cat","embeddable":true,"href":"https:\/\/almach.pl\/sklep\/index.php?rest_route=%2Fwp%2Fv2%2Fproduct_cat&post=169"},{"taxonomy":"product_tag","embeddable":true,"href":"https:\/\/almach.pl\/sklep\/index.php?rest_route=%2Fwp%2Fv2%2Fproduct_tag&post=169"}],"curies":[{"name":"wp","href":"https:\/\/api.w.org\/{rel}","templated":true}]}}