 
 {"id":1595,"date":"2022-09-27T08:16:43","date_gmt":"2022-09-27T06:16:43","guid":{"rendered":"https:\/\/almach.pl\/sklep\/?post_type=product&#038;p=1595\/"},"modified":"2022-09-27T08:18:34","modified_gmt":"2022-09-27T06:18:34","slug":"halcamp-przescieradlo-nieprzemakalne-pnsk-z-gumkami-90x200cm-mietowy","status":"publish","type":"product","link":"https:\/\/almach.pl\/sklep\/?product=halcamp-przescieradlo-nieprzemakalne-pnsk-z-gumkami-90x200cm-mietowy\/","title":{"rendered":"Halcamp prze\u015bcierad\u0142o nieprzemakalne PNSK z gumkami 90x200cm, mi\u0119towy"},"content":{"rendered":"<p><strong>Prze\u015bcierad\u0142o nieprzemakalne marki Halcamp<\/strong>\u00a0to wielokrotnego u\u017cytku dodatkowe zabezpieczenie przed wilgoci\u0105. Wykonane z frott\u00e9 i folii nieprzemakalnej PCV. Posiada gumki zabezpieczaj\u0105ce przed przesuwaniem si\u0119 prze\u015bcierad\u0142a. Odporne na p\u0142yny i s\u0142abe kwasy. Polecane osobom z nietrzymaniem moczu.<\/p>\n<h2>HALCAMP Prze\u015bcierad\u0142o PNSK z gumkami (frotte+PCV)<\/h2>\n<p>Nieprzemakalne prze\u015bcierad\u0142o Halcamp chroni\u0105 materac przed zabrudzeniem i zamoczeniem.<\/p>\n<p>W\u0142a\u015bciwo\u015bci produktu:<\/p>\n<ul>\n<li>Odporne na p\u0142yny i s\u0142abe kwasy.<\/li>\n<li>Produkt antyalergiczny &#8211; nie powoduje uczule\u0144.<\/li>\n<li>Na naro\u017cnikach posiada wszyte gumy, kt\u00f3re zabezpieczaj\u0105c\u0105 prze\u015bcierad\u0142o przed przesuwaniem.<\/li>\n<li>Produkt wielokrotnego u\u017cytku.<\/li>\n<\/ul>\n<p>&nbsp;<\/p>\n<p>Prze\u015bcierad\u0142o przeznaczone do u\u017cytku dla dzieci i doros\u0142ych. U\u017cywane przez s\u0142u\u017cby zdrowia, sanatoria, hotele i inne o\u015brodki.<\/p>\n<p>Produkt posiada 24 miesi\u0105ce (2 lata) gwarancji producenta.<\/p>\n","protected":false},"excerpt":{"rendered":"<ul style=\"font-size: 1rem;\">\n<li class=\"transport\"><i class=\"fas fa-dolly\"><\/i> <span style=\"color: #0c7804;\"><strong class=\"transport\"> Darmowa dostawa w Bydgoszczy <\/strong><br \/>\n(przy zam\u00f3wieniu powy\u017cej 100 z\u0142, mo\u017cliwo\u015b\u0107 p\u0142atno\u015bci kart\u0105 przy odbiorze)<\/span><\/li>\n<li class=\"transport\"><i class=\"far fa-eye\"><\/i> Mo\u017cliwo\u015b\u0107 obejrzenia sprz\u0119tu w sklepie stacjonarnym<\/li>\n<li class=\"transport\"><i class=\"fas fa-undo\"><\/i> Mo\u017cliwo\u015b\u0107 zwrotu sprz\u0119tu do <strong>30 dni<\/strong><\/li>\n<li class=\"transport\"><i class=\"far fa-credit-card\"><\/i> <strong> P\u0142atno\u015b\u0107 kart\u0105<\/strong><\/li>\n<\/ul>\n<div class=\"more-link-wrapper\"><a class=\"more-link\" href=\"https:\/\/almach.pl\/sklep\/?product=halcamp-przescieradlo-nieprzemakalne-pnsk-z-gumkami-90x200cm-mietowy\/\">Read More<span class=\"screen-reader-text\">Halcamp prze\u015bcierad\u0142o nieprzemakalne PNSK z gumkami 90x200cm, mi\u0119towy<\/span><\/a><\/div>\n","protected":false},"featured_media":418,"comment_status":"closed","ping_status":"closed","template":"","meta":[],"product_cat":[66,15],"product_tag":[],"_links":{"self":[{"href":"https:\/\/almach.pl\/sklep\/index.php?rest_route=\/wp\/v2\/product\/1595"}],"collection":[{"href":"https:\/\/almach.pl\/sklep\/index.php?rest_route=\/wp\/v2\/product"}],"about":[{"href":"https:\/\/almach.pl\/sklep\/index.php?rest_route=\/wp\/v2\/types\/product"}],"replies":[{"embeddable":true,"href":"https:\/\/almach.pl\/sklep\/index.php?rest_route=%2Fwp%2Fv2%2Fcomments&post=1595"}],"wp:featuredmedia":[{"embeddable":true,"href":"https:\/\/almach.pl\/sklep\/index.php?rest_route=\/wp\/v2\/media\/418"}],"wp:attachment":[{"href":"https:\/\/almach.pl\/sklep\/index.php?rest_route=%2Fwp%2Fv2%2Fmedia&parent=1595"}],"wp:term":[{"taxonomy":"product_cat","embeddable":true,"href":"https:\/\/almach.pl\/sklep\/index.php?rest_route=%2Fwp%2Fv2%2Fproduct_cat&post=1595"},{"taxonomy":"product_tag","embeddable":true,"href":"https:\/\/almach.pl\/sklep\/index.php?rest_route=%2Fwp%2Fv2%2Fproduct_tag&post=1595"}],"curies":[{"name":"wp","href":"https:\/\/api.w.org\/{rel}","templated":true}]}}