 
 {"id":157,"date":"2021-04-28T13:17:42","date_gmt":"2021-04-28T11:17:42","guid":{"rendered":"https:\/\/almach.pl\/sklep-alpha-2021\/?post_type=product&#038;p=157"},"modified":"2021-11-16T14:25:02","modified_gmt":"2021-11-16T13:25:02","slug":"materac-przeciwodlezynowy-pasywny-profilaktyka-do-ii-stopnia","status":"publish","type":"product","link":"https:\/\/almach.pl\/sklep\/?product=materac-przeciwodlezynowy-pasywny-profilaktyka-do-ii-stopnia\/","title":{"rendered":"Materac przeciwodle\u017cynowy pasywny &#8211; profilaktyka do II stopnia"},"content":{"rendered":"<h4><span id=\"view:_id1:Product\">MATERAC THERAPY<\/span><\/h4>\n<div id=\"view:_id1:repeat5\">\n<div id=\"view:_id1:repeat5:0:inputRichText2\">\n<ul>\n<li>Materac wykonany z g\u0105bki o wysokiej g\u0119sto\u015bci.<\/li>\n<li>Wymiary: 200cmx90cmx12cm<\/li>\n<li>Rekomendowany dla os\u00f3b z niskim ryzykiem odle\u017cynowym,<\/li>\n<li>rekomendowany dla os\u00f3b, kt\u00f3re z r\u00f3\u017cnych przyczyn nie mog\u0105 stosowa\u0107 materacy zmiennoci\u015bnieniowych jak np. nadwra\u017cliwo\u015b\u0107 na b\u00f3l,<\/li>\n<li>zapobiega odle\u017cynom do II stopnia w\u0142\u0105cznie,<\/li>\n<li>pianka wyci\u0119ta w specjalny wz\u00f3r, kt\u00f3ry polepsza redystrybucj\u0119 ci\u015bnienia oraz cyrkulacj\u0119 powietrza,<\/li>\n<li>materac mo\u017ce by\u0107 w pokrowcu z grubo plecionej bawe\u0142ny lub materia\u0142u SANMED C460. Jest to materia\u0142 , kt\u00f3ry spe\u0142nia wszelkie wymogi stawiane zasadniczym wyrobom medycznym r\u00f3\u017cnego przeznaczenia zgodnie z Rozporz\u0105dzeniem Ministra Zdrowia z dnia 3 listopada 2004r. oraz wymaganiami zawartymi w za\u0142\u0105czniku nr I Dyrektywy Rady 93\/42\/EWG z dnia 14 czerwca 1993r. dotycz\u0105cej wyrob\u00f3w medycznych, wdro\u017conej Ustaw\u0105 z dnia 30 kwietnia 2004r. o wyrobach medycznych (Dz. U. nr 93 z 2004r., poz. 896). Dodatkowym atutem materia\u0142u jest jego paroprzepuszczalno\u015b\u0107 i wodoszczelno\u015b\u0107. Sanmed C460 stosuje si\u0119 do produkcji nie przemakalnych, oddychaj\u0105cych, antyodle\u017cynowych pokrowc\u00f3w na materace dla s\u0142u\u017cby zdrowia.<\/li>\n<\/ul>\n<\/div>\n<\/div>\n","protected":false},"excerpt":{"rendered":"<ul style=\"font-size: 1rem;\">\n<li class=\"transport\"><i class=\"fas fa-dolly\"><\/i> <span style=\"color: #0c7804;\"><strong class=\"transport\"> Darmowa dostawa w Bydgoszczy <\/strong><br \/>\n(przy zam\u00f3wieniu powy\u017cej 100 z\u0142, mo\u017cliwo\u015b\u0107 p\u0142atno\u015bci kart\u0105 przy odbiorze)<\/span><\/li>\n<li class=\"transport\"><i class=\"far fa-eye\"><\/i> Mo\u017cliwo\u015b\u0107 obejrzenia sprz\u0119tu w sklepie stacjonarnym<\/li>\n<li class=\"transport\"><i class=\"fas fa-undo\"><\/i> Mo\u017cliwo\u015b\u0107 zwrotu sprz\u0119tu do <strong>30 dni<\/strong><\/li>\n<li class=\"transport\"><i class=\"far fa-credit-card\"><\/i> <strong> P\u0142atno\u015b\u0107 kart\u0105<\/strong><\/li>\n<\/ul>\n<div class=\"more-link-wrapper\"><a class=\"more-link\" href=\"https:\/\/almach.pl\/sklep\/?product=materac-przeciwodlezynowy-pasywny-profilaktyka-do-ii-stopnia\/\">Read More<span class=\"screen-reader-text\">Materac przeciwodle\u017cynowy pasywny &#8211; profilaktyka do II stopnia<\/span><\/a><\/div>\n","protected":false},"featured_media":368,"comment_status":"closed","ping_status":"closed","template":"","meta":[],"product_cat":[64,15,24],"product_tag":[],"_links":{"self":[{"href":"https:\/\/almach.pl\/sklep\/index.php?rest_route=\/wp\/v2\/product\/157"}],"collection":[{"href":"https:\/\/almach.pl\/sklep\/index.php?rest_route=\/wp\/v2\/product"}],"about":[{"href":"https:\/\/almach.pl\/sklep\/index.php?rest_route=\/wp\/v2\/types\/product"}],"replies":[{"embeddable":true,"href":"https:\/\/almach.pl\/sklep\/index.php?rest_route=%2Fwp%2Fv2%2Fcomments&post=157"}],"wp:featuredmedia":[{"embeddable":true,"href":"https:\/\/almach.pl\/sklep\/index.php?rest_route=\/wp\/v2\/media\/368"}],"wp:attachment":[{"href":"https:\/\/almach.pl\/sklep\/index.php?rest_route=%2Fwp%2Fv2%2Fmedia&parent=157"}],"wp:term":[{"taxonomy":"product_cat","embeddable":true,"href":"https:\/\/almach.pl\/sklep\/index.php?rest_route=%2Fwp%2Fv2%2Fproduct_cat&post=157"},{"taxonomy":"product_tag","embeddable":true,"href":"https:\/\/almach.pl\/sklep\/index.php?rest_route=%2Fwp%2Fv2%2Fproduct_tag&post=157"}],"curies":[{"name":"wp","href":"https:\/\/api.w.org\/{rel}","templated":true}]}}