 
 {"id":1547,"date":"2022-05-31T11:28:53","date_gmt":"2022-05-31T09:28:53","guid":{"rendered":"https:\/\/almach.pl\/sklep\/?post_type=product&#038;p=1547\/"},"modified":"2022-05-31T11:33:14","modified_gmt":"2022-05-31T09:33:14","slug":"laska-inwalidzka-aluminiowa-regulowana-czarna-brazowa","status":"publish","type":"product","link":"https:\/\/almach.pl\/sklep\/?product=laska-inwalidzka-aluminiowa-regulowana-czarna-brazowa\/","title":{"rendered":"Laska inwalidzka aluminiowa, regulowana &#8211; czarna \/ br\u0105zowa"},"content":{"rendered":"<div id=\"description\" class=\"card-product__pane \">\n<p><em><strong>Laska inwalidzka aluminiowa, regulowana<\/strong><\/em>\u00a0s\u0142u\u017cy do zwi\u0119kszenia powierzchni pola podparcia u os\u00f3b o obni\u017conej sprawno\u015bci ruchowej. Zalecana jest osobom wymagaj\u0105cym asekuracji oraz podparcia podczas chodzenia, a tak\u017ce do utrzymania r\u00f3wnowagi po urazie ko\u0144czyn dolnych lub tu\u0142owia.<\/p>\n<p><strong><em>Cechy produktu:<\/em><br \/>\n<\/strong><\/p>\n<ul>\n<li>uchwyt z tworzywa sztucznego;<\/li>\n<li>pasek na r\u0119k\u0119;<\/li>\n<li>regulacja wysoko\u015bci;<\/li>\n<\/ul>\n<ul>\n<li>lekki aluminiowy trzon z gumowa nasadk\u0105.<\/li>\n<\/ul>\n<p>&nbsp;<\/p>\n<\/div>\n<div id=\"data-product\" class=\"card-product__pane\">\n<h3>Dane techniczne<\/h3>\n<p><strong><em>Regulacja wysoko\u015bci: 69 &#8211; 92 cm<\/em><\/strong><\/p>\n<p><strong><em>Maksymalne obci\u0105\u017cenie: 90 kg<\/em><\/strong><\/p>\n<p><strong><em>Waga: 0,3 kg<\/em><\/strong><\/p>\n<p><strong><em>Kolor: czarny, br\u0105zowy<\/em><\/strong><\/p>\n<p><strong><em>+\/- 0,5 &#8211; 1 cm<\/em><\/strong><\/p>\n<\/div>\n","protected":false},"excerpt":{"rendered":"<ul style=\"font-size: 1rem;\">\n<li class=\"transport\"><i class=\"fas fa-dolly\"><\/i> <span style=\"color: #0c7804;\"><strong class=\"transport\"> Darmowa dostawa w Bydgoszczy <\/strong><br \/>\n(przy zam\u00f3wieniu powy\u017cej 100 z\u0142, mo\u017cliwo\u015b\u0107 p\u0142atno\u015bci kart\u0105 przy odbiorze)<\/span><\/li>\n<li class=\"transport\"><i class=\"far fa-eye\"><\/i> Mo\u017cliwo\u015b\u0107 obejrzenia produktu w sklepie stacjonarnym<\/li>\n<li class=\"transport\"><i class=\"fas fa-undo\"><\/i> Mo\u017cliwo\u015b\u0107 zwrotu produktu do <strong>30 dni<\/strong><\/li>\n<li class=\"transport\"><i class=\"far fa-credit-card\"><\/i> <strong> P\u0142atno\u015b\u0107 kart\u0105<\/strong><\/li>\n<\/ul>\n<div class=\"more-link-wrapper\"><a class=\"more-link\" href=\"https:\/\/almach.pl\/sklep\/?product=laska-inwalidzka-aluminiowa-regulowana-czarna-brazowa\/\">Read More<span class=\"screen-reader-text\">Laska inwalidzka aluminiowa, regulowana &#8211; czarna \/ br\u0105zowa<\/span><\/a><\/div>\n","protected":false},"featured_media":1548,"comment_status":"closed","ping_status":"closed","template":"","meta":[],"product_cat":[80,81],"product_tag":[],"_links":{"self":[{"href":"https:\/\/almach.pl\/sklep\/index.php?rest_route=\/wp\/v2\/product\/1547"}],"collection":[{"href":"https:\/\/almach.pl\/sklep\/index.php?rest_route=\/wp\/v2\/product"}],"about":[{"href":"https:\/\/almach.pl\/sklep\/index.php?rest_route=\/wp\/v2\/types\/product"}],"replies":[{"embeddable":true,"href":"https:\/\/almach.pl\/sklep\/index.php?rest_route=%2Fwp%2Fv2%2Fcomments&post=1547"}],"wp:featuredmedia":[{"embeddable":true,"href":"https:\/\/almach.pl\/sklep\/index.php?rest_route=\/wp\/v2\/media\/1548"}],"wp:attachment":[{"href":"https:\/\/almach.pl\/sklep\/index.php?rest_route=%2Fwp%2Fv2%2Fmedia&parent=1547"}],"wp:term":[{"taxonomy":"product_cat","embeddable":true,"href":"https:\/\/almach.pl\/sklep\/index.php?rest_route=%2Fwp%2Fv2%2Fproduct_cat&post=1547"},{"taxonomy":"product_tag","embeddable":true,"href":"https:\/\/almach.pl\/sklep\/index.php?rest_route=%2Fwp%2Fv2%2Fproduct_tag&post=1547"}],"curies":[{"name":"wp","href":"https:\/\/api.w.org\/{rel}","templated":true}]}}