 
 {"id":1496,"date":"2021-12-13T10:28:38","date_gmt":"2021-12-13T09:28:38","guid":{"rendered":"https:\/\/almach.pl\/sklep\/?post_type=product&#038;p=1496\/"},"modified":"2024-05-31T09:15:29","modified_gmt":"2024-05-31T07:15:29","slug":"seniordesk","status":"publish","type":"product","link":"https:\/\/almach.pl\/sklep\/?product=seniordesk\/","title":{"rendered":"SeniorDesk"},"content":{"rendered":"<p>Praktyczny stolik nak\u0142adany na barierki \u0142\u00f3\u017cka rehabilitacyjnego u\u0142atwi wykonywanie wielu czynno\u015bci w trakcie d\u0142ugotrwa\u0142ego przebywania w \u0142\u00f3\u017cku rehabilitacyjnym.<\/p>\n<p>Stolik posiada frezy idealnie dopasowane do barierek \u0142\u00f3\u017cka o szeroko\u015bci 97 cm. Rozstaw barierek posiada ujednolicony rozmiar i we wszystkich standardowych \u0142\u00f3\u017ckach wynosi 97 cm.<\/p>\n<p>Dzi\u0119ki uchwytom na kubek osoba mo\u017ce mie\u0107 w zasi\u0119gu r\u0119ki przygotowany nap\u00f3j (np. kaw\u0119, herbat\u0119) nie obawiaj\u0105c si\u0119 str\u0105cenia, wylania go do \u0142\u00f3\u017cka.\u00a0 Obustronny uchwyt daje takie same mo\u017cliwo\u015bci osobom z prawostronnym lub lewostronnym niedow\u0142adem. Do uchwytu pasuje kubek, szklanka lub butelka o pojemno\u015bci do 1 litra.<\/p>\n<p>Uchylny blat w \u015brodkowej cz\u0119\u015bci zdecydowanie u\u0142atwi czytanie gazety lub ksi\u0105\u017cki, idealnie pasuje do tabletu lub nawet laptopa.\u00a0 W p\u0142askiej pozycji stolik idealnie nadaje si\u0119 do spo\u017cywania posi\u0142k\u00f3w.<\/p>\n<p>Miejsca po prawej i lewej stronie\u00a0 z antypo\u015blizgow\u0105 wk\u0142adk\u0105 \u015bwietnie nadaj\u0105 si\u0119 na np. telefon, okulary, kasetk\u0119 na leki lub d\u0142ugopis.<\/p>\n<p>Boczne paski na rzep zapinane do barierek zabezpieczaj\u0105 przed przypadkowym str\u0105ceniem stolika z barierek.<\/p>\n<p>Stolik dzi\u0119ki specjalnej konstrukcji posiada nisk\u0105 wag\u0119 (3 kg), poradz\u0105 sobie z jego za\u0142o\u017ceniem i zdj\u0119ciem osoby w podesz\u0142ym wieku.<\/p>\n<p>Gdy stolik nie jest potrzebny np. w trakcie drzemki, z \u0142atwo\u015bci\u0105 mo\u017cna go odsun\u0105\u0107 na barierkach w d\u00f3\u0142 \u0142\u00f3\u017cka.<\/p>\n<p><iframe loading=\"lazy\" title=\"Multifunkcyjny stolik na \u0142\u00f3\u017cko rehabilitacyjne\" width=\"500\" height=\"281\" src=\"https:\/\/www.youtube.com\/embed\/auYcfa_ui_g?feature=oembed\" frameborder=\"0\" allow=\"accelerometer; autoplay; clipboard-write; encrypted-media; gyroscope; picture-in-picture\" allowfullscreen><\/iframe><\/p>\n<p>Wymiary:<\/p>\n<p>D\u0142ugo\u015b\u0107: 102,5 cm<\/p>\n<p>Szeroko\u015b\u0107: 44 cm<\/p>\n<p>Waga: 3 kg<\/p>\n<p>Wymiary cz\u0119\u015bci uchylnej:<\/p>\n<p>D\u0142ugo\u015b\u0107: 40 cm<\/p>\n<p>Szeroko\u015b\u0107: 44 cm<\/p>\n<p>&nbsp;<\/p>\n","protected":false},"excerpt":{"rendered":"<ul style=\"font-size: 1rem;\">\n<li class=\"transport\"><i class=\"fas fa-dolly\"><\/i> <span style=\"color: #0c7804;\"><strong class=\"transport\"> Darmowa dostawa w Bydgoszczy <\/strong><br \/>\n(przy zam\u00f3wieniu powy\u017cej 100 z\u0142, mo\u017cliwo\u015b\u0107 p\u0142atno\u015bci kart\u0105 przy odbiorze)<\/span><\/li>\n<li class=\"transport\"><i class=\"far fa-eye\"><\/i> Mo\u017cliwo\u015b\u0107 obejrzenia sprz\u0119tu w sklepie stacjonarnym<\/li>\n<li class=\"transport\"><i class=\"fas fa-undo\"><\/i> Mo\u017cliwo\u015b\u0107 zwrotu sprz\u0119tu do <strong>30 dni<\/strong><\/li>\n<\/ul>\n<div class=\"more-link-wrapper\"><a class=\"more-link\" href=\"https:\/\/almach.pl\/sklep\/?product=seniordesk\/\">Read More<span class=\"screen-reader-text\">SeniorDesk<\/span><\/a><\/div>\n","protected":false},"featured_media":1504,"comment_status":"closed","ping_status":"closed","template":"","meta":[],"product_cat":[15,60],"product_tag":[],"_links":{"self":[{"href":"https:\/\/almach.pl\/sklep\/index.php?rest_route=\/wp\/v2\/product\/1496"}],"collection":[{"href":"https:\/\/almach.pl\/sklep\/index.php?rest_route=\/wp\/v2\/product"}],"about":[{"href":"https:\/\/almach.pl\/sklep\/index.php?rest_route=\/wp\/v2\/types\/product"}],"replies":[{"embeddable":true,"href":"https:\/\/almach.pl\/sklep\/index.php?rest_route=%2Fwp%2Fv2%2Fcomments&post=1496"}],"wp:featuredmedia":[{"embeddable":true,"href":"https:\/\/almach.pl\/sklep\/index.php?rest_route=\/wp\/v2\/media\/1504"}],"wp:attachment":[{"href":"https:\/\/almach.pl\/sklep\/index.php?rest_route=%2Fwp%2Fv2%2Fmedia&parent=1496"}],"wp:term":[{"taxonomy":"product_cat","embeddable":true,"href":"https:\/\/almach.pl\/sklep\/index.php?rest_route=%2Fwp%2Fv2%2Fproduct_cat&post=1496"},{"taxonomy":"product_tag","embeddable":true,"href":"https:\/\/almach.pl\/sklep\/index.php?rest_route=%2Fwp%2Fv2%2Fproduct_tag&post=1496"}],"curies":[{"name":"wp","href":"https:\/\/api.w.org\/{rel}","templated":true}]}}