 
 {"id":1486,"date":"2021-11-18T11:15:59","date_gmt":"2021-11-18T10:15:59","guid":{"rendered":"https:\/\/almach.pl\/sklep\/?post_type=product&#038;p=1486\/"},"modified":"2021-11-18T11:20:28","modified_gmt":"2021-11-18T10:20:28","slug":"kruszarka-do-tabletek","status":"publish","type":"product","link":"https:\/\/almach.pl\/sklep\/?product=kruszarka-do-tabletek\/","title":{"rendered":"Kruszarka do tabletek El-comp"},"content":{"rendered":"<p>Kruszarka do tabletek do codziennego u\u017cytku, przeznaczony dla os\u00f3b z problemem po\u0142ykania zbyt du\u017cych tabletek. Produkt umo\u017cliwia rozkruszenie tabletki, kt\u00f3ra jest przechowywana w specjalnym pojemniczku.<\/p>\n","protected":false},"excerpt":{"rendered":"<ul style=\"font-size: 1rem;\">\n<li class=\"transport\"><i class=\"fas fa-dolly\"><\/i> <span style=\"color: #0c7804;\"><strong class=\"transport\"> Darmowa dostawa w Bydgoszczy <\/strong><br \/>\n(przy zam\u00f3wieniu powy\u017cej 100 z\u0142, mo\u017cliwo\u015b\u0107 p\u0142atno\u015bci kart\u0105 przy odbiorze)<\/span><\/li>\n<li class=\"transport\"><i class=\"far fa-eye\"><\/i> Mo\u017cliwo\u015b\u0107 obejrzenia sprz\u0119tu w sklepie stacjonarnym<\/li>\n<li class=\"transport\"><i class=\"fas fa-undo\"><\/i> Mo\u017cliwo\u015b\u0107 zwrotu sprz\u0119tu do <strong>30 dni<\/strong><\/li>\n<li class=\"transport\"><i class=\"far fa-credit-card\"><\/i> <strong> P\u0142atno\u015b\u0107 kart\u0105<\/strong><\/li>\n<\/ul>\n<div class=\"more-link-wrapper\"><a class=\"more-link\" href=\"https:\/\/almach.pl\/sklep\/?product=kruszarka-do-tabletek\/\">Read More<span class=\"screen-reader-text\">Kruszarka do tabletek El-comp<\/span><\/a><\/div>\n","protected":false},"featured_media":1487,"comment_status":"closed","ping_status":"closed","template":"","meta":[],"product_cat":[104,105],"product_tag":[],"_links":{"self":[{"href":"https:\/\/almach.pl\/sklep\/index.php?rest_route=\/wp\/v2\/product\/1486"}],"collection":[{"href":"https:\/\/almach.pl\/sklep\/index.php?rest_route=\/wp\/v2\/product"}],"about":[{"href":"https:\/\/almach.pl\/sklep\/index.php?rest_route=\/wp\/v2\/types\/product"}],"replies":[{"embeddable":true,"href":"https:\/\/almach.pl\/sklep\/index.php?rest_route=%2Fwp%2Fv2%2Fcomments&post=1486"}],"wp:featuredmedia":[{"embeddable":true,"href":"https:\/\/almach.pl\/sklep\/index.php?rest_route=\/wp\/v2\/media\/1487"}],"wp:attachment":[{"href":"https:\/\/almach.pl\/sklep\/index.php?rest_route=%2Fwp%2Fv2%2Fmedia&parent=1486"}],"wp:term":[{"taxonomy":"product_cat","embeddable":true,"href":"https:\/\/almach.pl\/sklep\/index.php?rest_route=%2Fwp%2Fv2%2Fproduct_cat&post=1486"},{"taxonomy":"product_tag","embeddable":true,"href":"https:\/\/almach.pl\/sklep\/index.php?rest_route=%2Fwp%2Fv2%2Fproduct_tag&post=1486"}],"curies":[{"name":"wp","href":"https:\/\/api.w.org\/{rel}","templated":true}]}}