 
 {"id":1482,"date":"2021-11-18T10:53:00","date_gmt":"2021-11-18T09:53:00","guid":{"rendered":"https:\/\/almach.pl\/sklep\/?post_type=product&#038;p=1482\/"},"modified":"2021-11-18T10:57:16","modified_gmt":"2021-11-18T09:57:16","slug":"kasetka-na-leki-dzienna-mini-4-pory-dnia","status":"publish","type":"product","link":"https:\/\/almach.pl\/sklep\/?product=kasetka-na-leki-dzienna-mini-4-pory-dnia\/","title":{"rendered":"Kasetka na leki dzienna Mini, 4 pory dnia"},"content":{"rendered":"<p>Uporz\u0105dkuj swoje leki i zapewnij sobie bezpieczne dawkowanie. Ka\u017cda z przegr\u00f3dek ma indywidualne zamkni\u0119cie, zapobiegaj\u0105ce wypadaniu tabletek z innych kom\u00f3r.<\/p>\n<p>W celu umieszczenia tabletek w kasetce, nale\u017cy otworzy\u0107 przegr\u00f3dki\u00a0 i rozplanowa\u0107 je zgodnie z ich zalecanym dawkowaniem.<\/p>\n<p>Kasetka na leki na 4 pory dnia &#8211; rano, po\u0142udnie, wiecz\u00f3r, noc.<\/p>\n<p>&nbsp;<\/p>\n","protected":false},"excerpt":{"rendered":"<ul style=\"font-size: 1rem;\">\n<li class=\"transport\"><i class=\"fas fa-dolly\"><\/i> <span style=\"color: #0c7804;\"><strong class=\"transport\"> Darmowa dostawa w Bydgoszczy <\/strong><br \/>\n(przy zam\u00f3wieniu powy\u017cej 100 z\u0142, mo\u017cliwo\u015b\u0107 p\u0142atno\u015bci kart\u0105 przy odbiorze)<\/span><\/li>\n<li class=\"transport\"><i class=\"far fa-eye\"><\/i> Mo\u017cliwo\u015b\u0107 obejrzenia sprz\u0119tu w sklepie stacjonarnym<\/li>\n<li class=\"transport\"><i class=\"fas fa-undo\"><\/i> Mo\u017cliwo\u015b\u0107 zwrotu sprz\u0119tu do <strong>30 dni<\/strong><\/li>\n<li class=\"transport\"><i class=\"far fa-credit-card\"><\/i> <strong> P\u0142atno\u015b\u0107 kart\u0105<\/strong><\/li>\n<\/ul>\n<div class=\"more-link-wrapper\"><a class=\"more-link\" href=\"https:\/\/almach.pl\/sklep\/?product=kasetka-na-leki-dzienna-mini-4-pory-dnia\/\">Read More<span class=\"screen-reader-text\">Kasetka na leki dzienna Mini, 4 pory dnia<\/span><\/a><\/div>\n","protected":false},"featured_media":1483,"comment_status":"closed","ping_status":"closed","template":"","meta":[],"product_cat":[104,105],"product_tag":[],"_links":{"self":[{"href":"https:\/\/almach.pl\/sklep\/index.php?rest_route=\/wp\/v2\/product\/1482"}],"collection":[{"href":"https:\/\/almach.pl\/sklep\/index.php?rest_route=\/wp\/v2\/product"}],"about":[{"href":"https:\/\/almach.pl\/sklep\/index.php?rest_route=\/wp\/v2\/types\/product"}],"replies":[{"embeddable":true,"href":"https:\/\/almach.pl\/sklep\/index.php?rest_route=%2Fwp%2Fv2%2Fcomments&post=1482"}],"wp:featuredmedia":[{"embeddable":true,"href":"https:\/\/almach.pl\/sklep\/index.php?rest_route=\/wp\/v2\/media\/1483"}],"wp:attachment":[{"href":"https:\/\/almach.pl\/sklep\/index.php?rest_route=%2Fwp%2Fv2%2Fmedia&parent=1482"}],"wp:term":[{"taxonomy":"product_cat","embeddable":true,"href":"https:\/\/almach.pl\/sklep\/index.php?rest_route=%2Fwp%2Fv2%2Fproduct_cat&post=1482"},{"taxonomy":"product_tag","embeddable":true,"href":"https:\/\/almach.pl\/sklep\/index.php?rest_route=%2Fwp%2Fv2%2Fproduct_tag&post=1482"}],"curies":[{"name":"wp","href":"https:\/\/api.w.org\/{rel}","templated":true}]}}