 
 {"id":1478,"date":"2021-11-18T10:40:40","date_gmt":"2021-11-18T09:40:40","guid":{"rendered":"https:\/\/almach.pl\/sklep\/?post_type=product&#038;p=1478\/"},"modified":"2021-11-18T10:44:39","modified_gmt":"2021-11-18T09:44:39","slug":"kasetka-do-lekow-tygodniowa-el-comp-3-komorowa","status":"publish","type":"product","link":"https:\/\/almach.pl\/sklep\/?product=kasetka-do-lekow-tygodniowa-el-comp-3-komorowa\/","title":{"rendered":"Kasetka do lek\u00f3w tygodniowa El-comp, 3-komorowa"},"content":{"rendered":"<p>Uporz\u0105dkuj swoje leki i zapewnij sobie bezpieczne dawkowanie na 7 dni.<\/p>\n<p>W celu umieszczenia tabletek w kasetce, nale\u017cy otworzy\u0107 przegr\u00f3dki na ka\u017cdy dzie\u0144 tygodnia i rozplanowa\u0107 je zgodnie z ich zalecanym dawkowaniem. Ka\u017cda z 7 kasetek posiada 3 komory &#8211; \u015bniadanie, obiad, kolacja.<\/p>\n","protected":false},"excerpt":{"rendered":"<ul style=\"font-size: 1rem;\">\n<li class=\"transport\"><i class=\"fas fa-dolly\"><\/i> <span style=\"color: #0c7804;\"><strong class=\"transport\"> Darmowa dostawa w Bydgoszczy <\/strong><br \/>\n(przy zam\u00f3wieniu powy\u017cej 100 z\u0142, mo\u017cliwo\u015b\u0107 p\u0142atno\u015bci kart\u0105 przy odbiorze)<\/span><\/li>\n<li class=\"transport\"><i class=\"far fa-eye\"><\/i> Mo\u017cliwo\u015b\u0107 obejrzenia sprz\u0119tu w sklepie stacjonarnym<\/li>\n<li class=\"transport\"><i class=\"fas fa-undo\"><\/i> Mo\u017cliwo\u015b\u0107 zwrotu sprz\u0119tu do <strong>30 dni<\/strong><\/li>\n<li class=\"transport\"><i class=\"far fa-credit-card\"><\/i> <strong> P\u0142atno\u015b\u0107 kart\u0105<\/strong><\/li>\n<\/ul>\n<div class=\"more-link-wrapper\"><a class=\"more-link\" href=\"https:\/\/almach.pl\/sklep\/?product=kasetka-do-lekow-tygodniowa-el-comp-3-komorowa\/\">Read More<span class=\"screen-reader-text\">Kasetka do lek\u00f3w tygodniowa El-comp, 3-komorowa<\/span><\/a><\/div>\n","protected":false},"featured_media":1479,"comment_status":"closed","ping_status":"closed","template":"","meta":[],"product_cat":[104,105],"product_tag":[],"_links":{"self":[{"href":"https:\/\/almach.pl\/sklep\/index.php?rest_route=\/wp\/v2\/product\/1478"}],"collection":[{"href":"https:\/\/almach.pl\/sklep\/index.php?rest_route=\/wp\/v2\/product"}],"about":[{"href":"https:\/\/almach.pl\/sklep\/index.php?rest_route=\/wp\/v2\/types\/product"}],"replies":[{"embeddable":true,"href":"https:\/\/almach.pl\/sklep\/index.php?rest_route=%2Fwp%2Fv2%2Fcomments&post=1478"}],"wp:featuredmedia":[{"embeddable":true,"href":"https:\/\/almach.pl\/sklep\/index.php?rest_route=\/wp\/v2\/media\/1479"}],"wp:attachment":[{"href":"https:\/\/almach.pl\/sklep\/index.php?rest_route=%2Fwp%2Fv2%2Fmedia&parent=1478"}],"wp:term":[{"taxonomy":"product_cat","embeddable":true,"href":"https:\/\/almach.pl\/sklep\/index.php?rest_route=%2Fwp%2Fv2%2Fproduct_cat&post=1478"},{"taxonomy":"product_tag","embeddable":true,"href":"https:\/\/almach.pl\/sklep\/index.php?rest_route=%2Fwp%2Fv2%2Fproduct_tag&post=1478"}],"curies":[{"name":"wp","href":"https:\/\/api.w.org\/{rel}","templated":true}]}}