 
 {"id":1445,"date":"2021-11-08T10:41:29","date_gmt":"2021-11-08T09:41:29","guid":{"rendered":"https:\/\/almach.pl\/sklep\/?post_type=product&#038;p=1445\/"},"modified":"2021-11-10T09:23:50","modified_gmt":"2021-11-10T08:23:50","slug":"pionizator","status":"publish","type":"product","link":"https:\/\/almach.pl\/sklep\/?product=pionizator\/","title":{"rendered":"Pionizator ALBATROS"},"content":{"rendered":"<p>Albatros to urz\u0105dzenie do pionizacji. Podnosi pacjenta z pozycji siedz\u0105cej do wyprostowanej. Pozycja wyprostowana jest naturaln\u0105 postaw\u0105 cz\u0142owieka , podczas kt\u00f3rej narz\u0105dy wewn\u0119trzne cz\u0142owieka pracuj\u0105 najwydajniej. Urz\u0105dzenie wykorzystywane jest r\u00f3wnie\u017c do transferu os\u00f3b z w\u00f3zka lub \u0142\u00f3\u017cka do toalety w pozycji wyprostowanej. Albatros wspiera personel medyczny w codziennych sytuacjach i skutecznie odci\u0105\u017ca kr\u0119gos\u0142up podczas transferu os\u00f3b niepe\u0142nosprawnych zmniejszaj\u0105c w ten spos\u00f3b ryzyko uraz\u00f3w mi\u0119\u015bniowo-szkieletowych. Dzi\u0119ki takiemu urz\u0105dzeniu jest mo\u017cliwe wykonywanie takich czynno\u015bci tylko przez jednego opiekuna. Nosid\u0142o pe\u0142ni rol\u0119 specjalnej uprz\u0119\u017cy s\u0142u\u017c\u0105cej do unoszenia g\u00f3rnej cz\u0119\u015bci tu\u0142owia, jest tak zaprojektowana aby nie uwiera\u0142a pacjent\u00f3w pod pachami w miejscu gdzie wyst\u0119puj\u0105 najwi\u0119ksze uciski i gwarantowa\u0142a maksymalny komfort. Po spionizowaniu pacjenta mo\u017cna jej u\u017cy\u0107 do stabilizacji bioder przewieszaj\u0105c j\u0105 na zaczepy umieszczone na uchwytach do pchania. Albatros gwarantuje bezpieczne , komfortowe i ergonomiczne spionizowanie pacjent\u00f3w.<\/p>\n<div id=\"view:_id1:repeat5\">\n<div id=\"view:_id1:repeat5:0:inputRichText2\">\n<p dir=\"ltr\">Dwucz\u0119\u015bciowy system steruj\u0105cy : kontroler oraz bateria oddzielnie . Pozwala to na zaopatrzenie si\u0119 w dodatkow\u0105 bateri\u0119 oraz zewn\u0119trzn\u0105 \u0142adowark\u0119. Taki system zwi\u0119ksza bezpiecze\u0144stwo ci\u0105g\u0142o\u015bci pracy pionizatora , szczeg\u00f3lnie korzystna cecha w jednostkach lecznictwa zbiorowego typu szpitale , DPS-y itp. Podczas u\u017cywania jednej baterii , kt\u00f3ra uleg\u0142a roz\u0142adowania nie ma konieczno\u015bci oczekiwania a\u017c ponownie si\u0119 j\u0105 na\u0142aduje tylko wymienia si\u0119 na drug\u0105 a w tym czasie t\u0105 roz\u0142adowana poddaje si\u0119 procesowi \u0142adowania.<\/p>\n<ul dir=\"ltr\">\n<li>Odpowiednia platforma na stopy wyposa\u017cona w antypo\u015blizgowe wk\u0142adki oraz prawid\u0142owe wsparcie kolan z psem zabezpieczaj\u0105cym \u0142ydki doskonale stabilizuje nogi. Je\u017celi jest wymagana wi\u0119ksza stabilizacja st\u00f3p mo\u017cna zastosowa\u0107 specjalne korytka na stopy z paskami stabilizacyjnymi.<\/li>\n<li>Cztery punkty podparcia : stopy, kolana, biodra, klatka piersiowa.<\/li>\n<li>Ca\u0142y system steruj\u0105cy i nap\u0119dowy oparty na technologii firmy LINAK.<\/li>\n<li>Konstrukcja umo\u017cliwia \u0142atwe i szybkie sk\u0142adanie do transportu bez u\u017cywania jakichkolwiek narz\u0119dzi.<\/li>\n<li>Modele wyposa\u017cone w k\u00f3\u0142ka z blokad\u0105 .<\/li>\n<li>Rama jezdna jest ruchoma i umo\u017cliwia p\u0142ynn\u0105 regulacj\u0119 rozstawu dla osi\u0105gni\u0119cia maksymalnej stabilno\u015bci.<\/li>\n<li>Nosid\u0142o typu kamizelka wykonane z szarego poliestru.<\/li>\n<\/ul>\n<p>Dane techniczne:<\/p>\n<table class=\"table\">\n<tbody>\n<tr>\n<td><center><span id=\"view:_id1:repeat2:0:computedField9\"><img src=\"https:\/\/www.vermeiren.pl\/product\/technicaldetails.nsf\/O\/0CF44E65C7EF1C31C1257E7B00468B6D\/$FILE\/Patient%20Hoist%20total%20length.jpg\" \/><\/span><\/center><\/td>\n<td><\/td>\n<td><center><span id=\"view:_id1:repeat2:1:computedField9\"><img src=\"https:\/\/www.vermeiren.pl\/product\/technicaldetails.nsf\/O\/87B068D27610FD86C1257E7B0046853D\/$FILE\/Patient%20Hoist%20total%20height.jpg\" \/><\/span><\/center><\/td>\n<td><\/td>\n<td><center><span id=\"view:_id1:repeat2:2:computedField9\"><img src=\"https:\/\/www.vermeiren.pl\/product\/technicaldetails.nsf\/O\/805D4BA100B1005EC1257E7B00469E15\/$FILE\/Patient%20Hoist%20total%20width%20legs%20open.jpg\" \/><\/span><\/center><\/td>\n<td><\/td>\n<td><center><span id=\"view:_id1:repeat2:3:computedField9\"><img src=\"https:\/\/www.vermeiren.pl\/product\/technicaldetails.nsf\/O\/F0376D2D057CA55CC1257E7B00469755\/$FILE\/Patient%20Hoist%20total%20width%20legs%20closed.jpg\" \/><\/span><\/center><\/td>\n<td><\/td>\n<td><center><span id=\"view:_id1:repeat2:4:computedField9\"><img src=\"https:\/\/www.vermeiren.pl\/product\/technicaldetails.nsf\/O\/151C882E7115E28AC1257E7B00466B4E\/$FILE\/Patient%20Hoist%20folded%20height.jpg\" \/><\/span><\/center><\/td>\n<td><\/td>\n<td><center><span id=\"view:_id1:repeat2:5:computedField9\"><img src=\"https:\/\/www.vermeiren.pl\/product\/technicaldetails.nsf\/O\/18CE5CEEB1960569C1257E7B004677B6\/$FILE\/Patient%20Hoist%20leg%20-%20frame%20height.jpg\" \/><\/span><\/center><\/td>\n<td><\/td>\n<td><center><span id=\"view:_id1:repeat2:6:computedField9\"><img src=\"https:\/\/www.vermeiren.pl\/product\/technicaldetails.nsf\/O\/BB25E3C47F4C4EB8C1257E7B0046A415\/$FILE\/Patient%20Hoist%20turning%20diameter.jpg\" \/><\/span><\/center><\/td>\n<td><\/td>\n<td><center><span id=\"view:_id1:repeat2:7:computedField9\"><img src=\"https:\/\/www.vermeiren.pl\/product\/technicaldetails.nsf\/O\/64DD921104DF94B4C1257E7B00465ECF\/$FILE\/Patient%20Hoist%20batteries.jpg\" \/><\/span><\/center><\/td>\n<td><\/td>\n<td><center><span id=\"view:_id1:repeat2:8:computedField9\"><img src=\"https:\/\/www.vermeiren.pl\/product\/technicaldetails.nsf\/O\/89A5586E1B3BF2E5C1257E7B00469170\/$FILE\/Patient%20Hoist%20total%20weight.jpg\" \/><\/span><\/center><\/td>\n<td><\/td>\n<td><center><span id=\"view:_id1:repeat2:9:computedField9\"><img src=\"https:\/\/www.vermeiren.pl\/product\/technicaldetails.nsf\/O\/F38D36078C0BB4C5C1257E7B00467E74\/$FILE\/Patient%20Hoist%20max%20load.jpg\" \/><\/span><\/center><\/td>\n<td><\/td>\n<\/tr>\n<tr>\n<td>&nbsp;<\/p>\n<div id=\"view:_id1:repeat3:0:inputRichText1\">\n<p dir=\"ltr\">1115<\/p>\n<\/div>\n<p>&nbsp;<\/td>\n<td><\/td>\n<td>&nbsp;<\/p>\n<div id=\"view:_id1:repeat3:1:inputRichText1\">\n<p dir=\"ltr\">1380-1687<\/p>\n<\/div>\n<p>&nbsp;<\/td>\n<td><\/td>\n<td>&nbsp;<\/p>\n<div id=\"view:_id1:repeat3:2:inputRichText1\">\n<p dir=\"ltr\">945<\/p>\n<\/div>\n<p>&nbsp;<\/td>\n<td><\/td>\n<td>&nbsp;<\/p>\n<div id=\"view:_id1:repeat3:3:inputRichText1\">\n<p dir=\"ltr\">584<\/p>\n<\/div>\n<p>&nbsp;<\/td>\n<td><\/td>\n<td>&nbsp;<\/p>\n<div id=\"view:_id1:repeat3:4:inputRichText1\">\n<p dir=\"ltr\">500<\/p>\n<\/div>\n<p>&nbsp;<\/td>\n<td><\/td>\n<td>&nbsp;<\/p>\n<div id=\"view:_id1:repeat3:5:inputRichText1\">\n<p dir=\"ltr\">117<\/p>\n<\/div>\n<p>&nbsp;<\/td>\n<td><\/td>\n<td>&nbsp;<\/p>\n<div id=\"view:_id1:repeat3:6:inputRichText1\">\n<p dir=\"ltr\">1160<\/p>\n<\/div>\n<p>&nbsp;<\/td>\n<td><\/td>\n<td>&nbsp;<\/p>\n<div id=\"view:_id1:repeat3:7:inputRichText1\">\n<p dir=\"ltr\">24V<\/p>\n<\/div>\n<p>&nbsp;<\/td>\n<td><\/td>\n<td>&nbsp;<\/p>\n<div id=\"view:_id1:repeat3:8:inputRichText1\">\n<p dir=\"ltr\">50,60<\/p>\n<\/div>\n<p>&nbsp;<\/td>\n<td><\/td>\n<td>&nbsp;<\/p>\n<div id=\"view:_id1:repeat3:9:inputRichText1\">\n<p dir=\"ltr\">150<\/p>\n<\/div>\n<p>&nbsp;<\/td>\n<\/tr>\n<\/tbody>\n<\/table>\n<\/div>\n<\/div>\n","protected":false},"excerpt":{"rendered":"<ul style=\"font-size: 1rem;\">\n<li class=\"transport\"><i class=\"fas fa-dolly\"><\/i> <span style=\"color: #0c7804;\"><strong class=\"transport\"> Darmowa dostawa w Bydgoszczy <\/strong><br \/>\n(przy zam\u00f3wieniu powy\u017cej 100 z\u0142, mo\u017cliwo\u015b\u0107 p\u0142atno\u015bci kart\u0105 przy odbiorze)<\/span><\/li>\n<li class=\"transport\"><i class=\"far fa-eye\"><\/i> Mo\u017cliwo\u015b\u0107 obejrzenia sprz\u0119tu w sklepie stacjonarnym<\/li>\n<li class=\"transport\"><i class=\"fas fa-undo\"><\/i> Mo\u017cliwo\u015b\u0107 zwrotu sprz\u0119tu do <strong>30 dni<\/strong><\/li>\n<li class=\"transport\"><i class=\"far fa-credit-card\"><\/i> <strong> P\u0142atno\u015b\u0107 kart\u0105<\/strong><\/li>\n<\/ul>\n<p>Czas dostawy: 2-3 tygodnie<\/p>\n<div class=\"more-link-wrapper\"><a class=\"more-link\" href=\"https:\/\/almach.pl\/sklep\/?product=pionizator\/\">Read More<span class=\"screen-reader-text\">Pionizator ALBATROS<\/span><\/a><\/div>\n","protected":false},"featured_media":1456,"comment_status":"closed","ping_status":"closed","template":"","meta":[],"product_cat":[80,83],"product_tag":[],"_links":{"self":[{"href":"https:\/\/almach.pl\/sklep\/index.php?rest_route=\/wp\/v2\/product\/1445"}],"collection":[{"href":"https:\/\/almach.pl\/sklep\/index.php?rest_route=\/wp\/v2\/product"}],"about":[{"href":"https:\/\/almach.pl\/sklep\/index.php?rest_route=\/wp\/v2\/types\/product"}],"replies":[{"embeddable":true,"href":"https:\/\/almach.pl\/sklep\/index.php?rest_route=%2Fwp%2Fv2%2Fcomments&post=1445"}],"wp:featuredmedia":[{"embeddable":true,"href":"https:\/\/almach.pl\/sklep\/index.php?rest_route=\/wp\/v2\/media\/1456"}],"wp:attachment":[{"href":"https:\/\/almach.pl\/sklep\/index.php?rest_route=%2Fwp%2Fv2%2Fmedia&parent=1445"}],"wp:term":[{"taxonomy":"product_cat","embeddable":true,"href":"https:\/\/almach.pl\/sklep\/index.php?rest_route=%2Fwp%2Fv2%2Fproduct_cat&post=1445"},{"taxonomy":"product_tag","embeddable":true,"href":"https:\/\/almach.pl\/sklep\/index.php?rest_route=%2Fwp%2Fv2%2Fproduct_tag&post=1445"}],"curies":[{"name":"wp","href":"https:\/\/api.w.org\/{rel}","templated":true}]}}