 
 {"id":1436,"date":"2021-11-08T10:23:56","date_gmt":"2021-11-08T09:23:56","guid":{"rendered":"https:\/\/almach.pl\/sklep\/?post_type=product&#038;p=1436\/"},"modified":"2021-11-08T10:31:45","modified_gmt":"2021-11-08T09:31:45","slug":"nosidlo-do-podnosnika-hygienic","status":"publish","type":"product","link":"https:\/\/almach.pl\/sklep\/?product=nosidlo-do-podnosnika-hygienic\/","title":{"rendered":"Nosid\u0142o do podno\u015bnika HYGIENIC"},"content":{"rendered":"<p><span style=\"color: #00489b; font-family: helvetica, sans-serif;\"><span style=\"color: #000000;\">Nosid\u0142o Hygienic jest \u00a0zaprojektowane w spos\u00f3b, kt\u00f3ry u\u0142atwia u\u017cytkownikowi higien\u0119 osobist\u0105<\/span>. <\/span>Nosid\u0142o wyst\u0119puje w r\u00f3\u017cnych rozmiarach.<\/p>\n<div id=\"view:_id1:repeat5\">\n<div>Do wyboru s\u0105 dwa rodzaje materia\u0142\u00f3w:<\/div>\n<\/div>\n<div><\/div>\n<div><\/div>\n<div>NET \u2013 materia\u0142 siatkowy przepuszczaj\u0105cy wod\u0119, skuteczny przy k\u0105pieli.<\/div>\n<div id=\"view:_id1:repeat5\">\n<div><\/div>\n<div id=\"view:_id1:repeat5:0:inputRichText2\"><img loading=\"lazy\" class=\"alignnone size-full wp-image-1434\" src=\"https:\/\/almach.pl\/sklep\/wp-content\/uploads\/2021\/11\/620_net_1612509223480.png\" alt=\"\" width=\"250\" height=\"247\" srcset=\"https:\/\/almach.pl\/sklep\/wp-content\/uploads\/2021\/11\/620_net_1612509223480.png 250w, https:\/\/almach.pl\/sklep\/wp-content\/uploads\/2021\/11\/620_net_1612509223480-100x100.png 100w\" sizes=\"(max-width: 250px) 100vw, 250px\" \/><\/div>\n<\/div>\n<div><\/div>\n<div>POLIESTER \u2013 materia\u0142 mi\u0142y i przyjazny dla cia\u0142a ale nie nadaj\u0105cy si\u0119 do k\u0105pieli.<\/div>\n<div id=\"view:_id1:repeat5\">\n<div><img loading=\"lazy\" class=\"alignnone size-full wp-image-1435\" src=\"https:\/\/almach.pl\/sklep\/wp-content\/uploads\/2021\/11\/620_poliester_1612509261991.png\" alt=\"\" width=\"255\" height=\"252\" srcset=\"https:\/\/almach.pl\/sklep\/wp-content\/uploads\/2021\/11\/620_poliester_1612509261991.png 255w, https:\/\/almach.pl\/sklep\/wp-content\/uploads\/2021\/11\/620_poliester_1612509261991-100x100.png 100w\" sizes=\"(max-width: 255px) 100vw, 255px\" \/><\/div>\n<\/div>\n","protected":false},"excerpt":{"rendered":"<ul style=\"font-size: 1rem;\">\n<li class=\"transport\"><i class=\"fas fa-dolly\"><\/i> <span style=\"color: #0c7804;\"><strong class=\"transport\"> Darmowa dostawa w Bydgoszczy <\/strong><br \/>\n(przy zam\u00f3wieniu powy\u017cej 100 z\u0142, mo\u017cliwo\u015b\u0107 p\u0142atno\u015bci kart\u0105 przy odbiorze)<\/span><\/li>\n<li class=\"transport\"><i class=\"far fa-eye\"><\/i> Mo\u017cliwo\u015b\u0107 obejrzenia sprz\u0119tu w sklepie stacjonarnym<\/li>\n<li class=\"transport\"><i class=\"fas fa-undo\"><\/i> Mo\u017cliwo\u015b\u0107 zwrotu sprz\u0119tu do <strong>30 dni<\/strong><\/li>\n<li class=\"transport\"><i class=\"far fa-credit-card\"><\/i> <strong> P\u0142atno\u015b\u0107 kart\u0105<\/strong><\/li>\n<\/ul>\n<div class=\"more-link-wrapper\"><a class=\"more-link\" href=\"https:\/\/almach.pl\/sklep\/?product=nosidlo-do-podnosnika-hygienic\/\">Read More<span class=\"screen-reader-text\">Nosid\u0142o do podno\u015bnika HYGIENIC<\/span><\/a><\/div>\n","protected":false},"featured_media":1439,"comment_status":"closed","ping_status":"closed","template":"","meta":[],"product_cat":[69,80,83,79],"product_tag":[],"_links":{"self":[{"href":"https:\/\/almach.pl\/sklep\/index.php?rest_route=\/wp\/v2\/product\/1436"}],"collection":[{"href":"https:\/\/almach.pl\/sklep\/index.php?rest_route=\/wp\/v2\/product"}],"about":[{"href":"https:\/\/almach.pl\/sklep\/index.php?rest_route=\/wp\/v2\/types\/product"}],"replies":[{"embeddable":true,"href":"https:\/\/almach.pl\/sklep\/index.php?rest_route=%2Fwp%2Fv2%2Fcomments&post=1436"}],"wp:featuredmedia":[{"embeddable":true,"href":"https:\/\/almach.pl\/sklep\/index.php?rest_route=\/wp\/v2\/media\/1439"}],"wp:attachment":[{"href":"https:\/\/almach.pl\/sklep\/index.php?rest_route=%2Fwp%2Fv2%2Fmedia&parent=1436"}],"wp:term":[{"taxonomy":"product_cat","embeddable":true,"href":"https:\/\/almach.pl\/sklep\/index.php?rest_route=%2Fwp%2Fv2%2Fproduct_cat&post=1436"},{"taxonomy":"product_tag","embeddable":true,"href":"https:\/\/almach.pl\/sklep\/index.php?rest_route=%2Fwp%2Fv2%2Fproduct_tag&post=1436"}],"curies":[{"name":"wp","href":"https:\/\/api.w.org\/{rel}","templated":true}]}}