 
 {"id":1383,"date":"2021-11-04T08:16:55","date_gmt":"2021-11-04T07:16:55","guid":{"rendered":"https:\/\/almach.pl\/sklep\/?post_type=product&#038;p=1383\/"},"modified":"2022-05-23T09:34:35","modified_gmt":"2022-05-23T07:34:35","slug":"fotel-geriatryczny-2","status":"publish","type":"product","link":"https:\/\/almach.pl\/sklep\/?product=fotel-geriatryczny-2\/","title":{"rendered":"Fotel geriatryczny ONTARIO &#8211; regulowany na pilota"},"content":{"rendered":"<p><strong>ONTARIO<\/strong> gwarantuje optymalny komfort osobie przebywaj\u0105cej we w\u0142asnym mieszkaniu. U\u017cywaj\u0105c tylko jednego przycisku na pilocie , mo\u017cna ustawi\u0107 pozycj\u0119 fotela , przy kt\u00f3rej mo\u017cna w spos\u00f3b bardzo wygodny odpocz\u0105\u0107 , obejrze\u0107 telewizj\u0119 i si\u0119 zdrzemn\u0105\u0107. Cz\u0119\u015b\u0107 podn\u00f3\u017cka zmienia swoje po\u0142o\u017cenie automatycznie podczas odchylania oparcia. Przy ponownym naci\u015bni\u0119ciu przycisku na pilocie fotel wraca do swojej pozycji wyj\u015bciowej oraz przechyli si\u0119 do przodu pomagaj\u0105c wsta\u0107 osobie siedz\u0105cej.<\/p>\n<p><strong>Wymiary oraz kolory tapicerek podane w grafice w zdj\u0119ciach.<\/strong><\/p>\n<p><strong>Dost\u0119pny od r\u0119ki kolor czarny. Kolor br\u0105zowy na zam\u00f3wienie, czas oczekiwania ok. 2 tygodnie.<\/strong><\/p>\n","protected":false},"excerpt":{"rendered":"<ul style=\"font-size: 1rem;\">\n<li class=\"transport\"><i class=\"fas fa-dolly\"><\/i> <span style=\"color: #0c7804;\"><strong class=\"transport\"> Darmowa dostawa w Bydgoszczy <\/strong><br \/>\n(przy zam\u00f3wieniu powy\u017cej 100 z\u0142, mo\u017cliwo\u015b\u0107 p\u0142atno\u015bci kart\u0105 przy odbiorze)<\/span><\/li>\n<li class=\"transport\"><i class=\"far fa-eye\"><\/i> Mo\u017cliwo\u015b\u0107 obejrzenia produktu w sklepie stacjonarnym<\/li>\n<li class=\"transport\"><i class=\"fas fa-undo\"><\/i> Mo\u017cliwo\u015b\u0107 zwrotu produktu do <strong>30 dni<\/strong><\/li>\n<li class=\"transport\"><i class=\"far fa-credit-card\"><\/i> <strong> P\u0142atno\u015b\u0107 kart\u0105<\/strong><\/li>\n<\/ul>\n<div class=\"more-link-wrapper\"><a class=\"more-link\" href=\"https:\/\/almach.pl\/sklep\/?product=fotel-geriatryczny-2\/\">Read More<span class=\"screen-reader-text\">Fotel geriatryczny ONTARIO &#8211; regulowany na pilota<\/span><\/a><\/div>\n","protected":false},"featured_media":1457,"comment_status":"open","ping_status":"closed","template":"","meta":[],"product_cat":[26,94],"product_tag":[],"_links":{"self":[{"href":"https:\/\/almach.pl\/sklep\/index.php?rest_route=\/wp\/v2\/product\/1383"}],"collection":[{"href":"https:\/\/almach.pl\/sklep\/index.php?rest_route=\/wp\/v2\/product"}],"about":[{"href":"https:\/\/almach.pl\/sklep\/index.php?rest_route=\/wp\/v2\/types\/product"}],"replies":[{"embeddable":true,"href":"https:\/\/almach.pl\/sklep\/index.php?rest_route=%2Fwp%2Fv2%2Fcomments&post=1383"}],"wp:featuredmedia":[{"embeddable":true,"href":"https:\/\/almach.pl\/sklep\/index.php?rest_route=\/wp\/v2\/media\/1457"}],"wp:attachment":[{"href":"https:\/\/almach.pl\/sklep\/index.php?rest_route=%2Fwp%2Fv2%2Fmedia&parent=1383"}],"wp:term":[{"taxonomy":"product_cat","embeddable":true,"href":"https:\/\/almach.pl\/sklep\/index.php?rest_route=%2Fwp%2Fv2%2Fproduct_cat&post=1383"},{"taxonomy":"product_tag","embeddable":true,"href":"https:\/\/almach.pl\/sklep\/index.php?rest_route=%2Fwp%2Fv2%2Fproduct_tag&post=1383"}],"curies":[{"name":"wp","href":"https:\/\/api.w.org\/{rel}","templated":true}]}}