 
 {"id":1357,"date":"2021-10-25T11:57:36","date_gmt":"2021-10-25T09:57:36","guid":{"rendered":"https:\/\/almach.pl\/sklep\/?post_type=product&#038;p=1357\/"},"modified":"2023-12-15T20:22:17","modified_gmt":"2023-12-15T19:22:17","slug":"latwoslizg-chusta-ulatwiajaca-przenoszenie-chorego","status":"publish","type":"product","link":"https:\/\/almach.pl\/sklep\/?product=latwoslizg-chusta-ulatwiajaca-przenoszenie-chorego\/","title":{"rendered":"\u0141atwo\u015blizg &#8211; chusta u\u0142atwiaj\u0105ca przenoszenie chorego"},"content":{"rendered":"<div id=\"description\" class=\"card-product__pane \">\n<p><strong>Chusta u\u0142atwiaj\u0105ca przenoszenie chorych<\/strong>\u00a0wykorzystywana jest w przypadku zmiany pozycji pacjenta lub jako pomoc w jego przenoszeniu. Jest ona wykonana z materia\u0142u o wysokiej wytrzyma\u0142o\u015bci technicznej, wysokich w\u0142a\u015bciwo\u015bciach \u015blizgowych i niskiej w\u0142a\u015bciwo\u015bciach tarcia. Te specjalne w\u0142a\u015bciwo\u015bci materia\u0142owe zapewniaj\u0105 \u015blisko\u015b\u0107 i wspomagaj\u0105 opiekuna podczas wykonywania pracy zapewniaj\u0105c wi\u0119kszy komfort i bezpiecze\u0144stwo oraz zapobiegaj\u0105c naci\u0105gni\u0119ciom mi\u0119\u015bni.<\/p>\n<p><strong>W\u0142a\u015bciwo\u015bci i zastosowanie:<\/strong><\/p>\n<p>&#8211; podk\u0142ad \u015blizgowy jest to najprostsze i najbardziej ekonomiczne rozwi\u0105zanie w technicznej pomocy w przesuwaniu, przemieszczaniu i repozycjonowaniu pacjenta w \u0142\u00f3\u017cku;<\/p>\n<p>&#8211; \u0142atwo\u015blizg jest tak cienki, \u017ce mo\u017cna go w ca\u0142o\u015bci po zmarszczeniu obj\u0105\u0107 d\u0142oni\u0105<\/p>\n<p>&#8211; jednocze\u015bnie materia\u0142 jest wytrzyma\u0142y, bardzo odporny na rozdarcie i rozci\u0105ganie<\/p>\n<p>&#8211; za pomoc\u0105 \u0142atwo\u015blizgu bez wi\u0119kszego trudu i wysi\u0142ku mo\u017cna przesuwa\u0107 i obraca\u0107 ci\u0119\u017ck\u0105 i bezw\u0142adnie le\u017c\u0105c\u0105 osob\u0119<\/p>\n<p>&#8211; mo\u017cna wykona\u0107 obr\u00f3t pacjenta z pozycji le\u017cenia na plecach do pozycji le\u017cenia na brzuchu (lub odwrotnie)<\/p>\n<p>&#8211; wytrzyma\u0142o\u015b\u0107 mechaniczna \u0142atwo\u015blizgu umo\u017cliwia korzystanie z niego, jako z noside\u0142 umo\u017cliwiaj\u0105cych przek\u0142adanie chorych pomi\u0119dzy \u0142\u00f3\u017ckami<\/p>\n<p>&#8211; jest to niezb\u0119dny produkt, kt\u00f3ry u\u0142atwia piel\u0119gnacj\u0119 pacjent\u00f3w przez personel medyczny w szpitalu lub przez opiekun\u00f3w w warunkach domowych<\/p>\n<p>&#8211; \u0142atwo\u015blizg zabezpiecza opiekuna przed nadwyr\u0119\u017caniem, przesileniami mi\u0119\u015bni i innymi urazami spowodowanymi cz\u0119stym nara\u017ceniem na du\u017cy wysi\u0142ek fizyczny przy opiece nad chorym<\/p>\n<p>&#8211; aby uzyska\u0107 wielokierunkowe dzia\u0142anie zaleca si\u0119 stosowanie dw\u00f3ch \u0142atwo\u015blizg\u00f3w jednocze\u015bnie, w tym celu mo\u017cna wykorzysta\u0107 r\u00f3\u017cne ich rozmiary lub z\u0142o\u017cy\u0107 najwi\u0119kszy z nich.<\/p>\n<p><strong>\u0141atwo\u015blizg wykonany jest z ultracie\u0144kiego, bardzo wytrzyma\u0142ego \u015bliskiego materia\u0142u nylonowego, kt\u00f3ry zszyty jest w formie r\u0119kawa.<\/strong><\/p>\n<p>&nbsp;<\/p>\n<\/div>\n<div id=\"data-product\" class=\"card-product__pane\">\n<h3>Dane techniczne<\/h3>\n<p><strong>Wymiary:<\/strong><\/p>\n<p><strong>72 cm d\u0142ugo\u015b\u0107<\/strong>\u00a0(brzeg otwarty) x\u00a0<strong>71 cm szeroko\u015b\u0107\u00a0<\/strong>(brzeg zamkni\u0119ty)<\/p>\n<p><strong>122 cm d\u0142ugo\u015b\u0107<\/strong>\u00a0(brzeg otwarty) x\u00a0<strong>71 cm szeroko\u015b\u0107\u00a0<\/strong>(brzeg zamkni\u0119ty)<\/p>\n<p><strong>200 cm d\u0142ugo\u015b\u0107<\/strong>\u00a0(brzeg otwarty) x\u00a0<strong>90\u00a0cm szeroko\u015b\u0107\u00a0<\/strong>(brzeg zamkni\u0119ty)<\/p>\n<\/div>\n","protected":false},"excerpt":{"rendered":"<ul style=\"font-size: 1rem;\">\n<li class=\"transport\"><i class=\"fas fa-dolly\"><\/i> <span style=\"color: #0c7804;\"><strong class=\"transport\"> Darmowa dostawa w Bydgoszczy <\/strong><br \/>\n(przy zam\u00f3wieniu powy\u017cej 100 z\u0142, mo\u017cliwo\u015b\u0107 p\u0142atno\u015bci kart\u0105 przy odbiorze)<\/span><\/li>\n<li class=\"transport\"><i class=\"far fa-eye\"><\/i> Mo\u017cliwo\u015b\u0107 obejrzenia produktu w sklepie stacjonarnym<\/li>\n<li class=\"transport\"><i class=\"fas fa-undo\"><\/i> Mo\u017cliwo\u015b\u0107 zwrotu produktu do <strong>30 dni<\/strong><\/li>\n<li class=\"transport\"><i class=\"far fa-credit-card\"><\/i> <strong> P\u0142atno\u015b\u0107 kart\u0105<\/strong><\/li>\n<\/ul>\n<div class=\"more-link-wrapper\"><a class=\"more-link\" href=\"https:\/\/almach.pl\/sklep\/?product=latwoslizg-chusta-ulatwiajaca-przenoszenie-chorego\/\">Read More<span class=\"screen-reader-text\">\u0141atwo\u015blizg &#8211; chusta u\u0142atwiaj\u0105ca przenoszenie chorego<\/span><\/a><\/div>\n","protected":false},"featured_media":1358,"comment_status":"closed","ping_status":"closed","template":"","meta":[],"product_cat":[66,104,69,80,110,15],"product_tag":[],"_links":{"self":[{"href":"https:\/\/almach.pl\/sklep\/index.php?rest_route=\/wp\/v2\/product\/1357"}],"collection":[{"href":"https:\/\/almach.pl\/sklep\/index.php?rest_route=\/wp\/v2\/product"}],"about":[{"href":"https:\/\/almach.pl\/sklep\/index.php?rest_route=\/wp\/v2\/types\/product"}],"replies":[{"embeddable":true,"href":"https:\/\/almach.pl\/sklep\/index.php?rest_route=%2Fwp%2Fv2%2Fcomments&post=1357"}],"wp:featuredmedia":[{"embeddable":true,"href":"https:\/\/almach.pl\/sklep\/index.php?rest_route=\/wp\/v2\/media\/1358"}],"wp:attachment":[{"href":"https:\/\/almach.pl\/sklep\/index.php?rest_route=%2Fwp%2Fv2%2Fmedia&parent=1357"}],"wp:term":[{"taxonomy":"product_cat","embeddable":true,"href":"https:\/\/almach.pl\/sklep\/index.php?rest_route=%2Fwp%2Fv2%2Fproduct_cat&post=1357"},{"taxonomy":"product_tag","embeddable":true,"href":"https:\/\/almach.pl\/sklep\/index.php?rest_route=%2Fwp%2Fv2%2Fproduct_tag&post=1357"}],"curies":[{"name":"wp","href":"https:\/\/api.w.org\/{rel}","templated":true}]}}