 
 {"id":1347,"date":"2021-10-25T11:30:07","date_gmt":"2021-10-25T09:30:07","guid":{"rendered":"https:\/\/almach.pl\/sklep\/?post_type=product&#038;p=1347\/"},"modified":"2022-05-31T11:50:19","modified_gmt":"2022-05-31T09:50:19","slug":"laska-inwalidzka-aluminiowa-skladana-model-jmc-c-2052-kolor-brazoway","status":"publish","type":"product","link":"https:\/\/almach.pl\/sklep\/?product=laska-inwalidzka-aluminiowa-skladana-model-jmc-c-2052-kolor-brazoway\/","title":{"rendered":"Laska inwalidzka aluminiowa, sk\u0142adana &#8211; br\u0105zowa"},"content":{"rendered":"<p>Laska inwalidzka aluminiowa sk\u0142adana s\u0142u\u017cy do zwi\u0119kszenia powierzchni pola podparcia u os\u00f3b z obni\u017con\u0105 sprawno\u015bci\u0105 ruchow\u0105. Zalecana jest osobom wymagaj\u0105cym asekuracji oraz oparcia podczas chodzenia, a tak\u017ce do utrzymania r\u00f3wnowagi po urazie ko\u0144czyn dolnych lub tu\u0142owia. Dzi\u0119ki skokowej regulacji d\u0142ugo\u015bci oraz mo\u017cliwo\u015bci z\u0142o\u017cenia na trzy cz\u0119\u015bci jest bardzo wygodna w codziennym u\u017cyciu.<\/p>\n<p>Cechy produktu:<\/p>\n<p>uchwyt z lakierowanego drewna<br \/>\npasek na r\u0119k\u0119<br \/>\nskokowa regulacja d\u0142ugo\u015bci<br \/>\nlekki aluminiowy trzon z gumow\u0105 nasadk\u0105<br \/>\nmo\u017cliwo\u015b\u0107 z\u0142o\u017cenia na trzy cz\u0119\u015bci.<\/p>\n<p>Dane techniczne<br \/>\nRegulacja wysoko\u015bci: 78 &#8211; 88 cm<\/p>\n<p>Maksymalne obci\u0105\u017cenie: 90 kg<\/p>\n<p>Waga: 0,38 kg<\/p>\n<p>Kolor: miedziany<\/p>\n<p>+\/- 0,5 &#8211; 1 cm<\/p>\n","protected":false},"excerpt":{"rendered":"<ul style=\"font-size: 1rem;\">\n<li class=\"transport\"><i class=\"fas fa-dolly\"><\/i> <span style=\"color: #0c7804;\"><strong class=\"transport\"> Darmowa dostawa w Bydgoszczy <\/strong><br \/>\n(przy zam\u00f3wieniu powy\u017cej 100 z\u0142, mo\u017cliwo\u015b\u0107 p\u0142atno\u015bci kart\u0105 przy odbiorze)<\/span><\/li>\n<li class=\"transport\"><i class=\"far fa-eye\"><\/i> Mo\u017cliwo\u015b\u0107 obejrzenia produktu w sklepie stacjonarnym<\/li>\n<li class=\"transport\"><i class=\"fas fa-undo\"><\/i> Mo\u017cliwo\u015b\u0107 zwrotu produktu do <strong>30 dni<\/strong><\/li>\n<li class=\"transport\"><i class=\"far fa-credit-card\"><\/i> <strong> P\u0142atno\u015b\u0107 kart\u0105<\/strong><\/li>\n<\/ul>\n<div class=\"more-link-wrapper\"><a class=\"more-link\" href=\"https:\/\/almach.pl\/sklep\/?product=laska-inwalidzka-aluminiowa-skladana-model-jmc-c-2052-kolor-brazoway\/\">Read More<span class=\"screen-reader-text\">Laska inwalidzka aluminiowa, sk\u0142adana &#8211; br\u0105zowa<\/span><\/a><\/div>\n","protected":false},"featured_media":1348,"comment_status":"closed","ping_status":"closed","template":"","meta":[],"product_cat":[80,81],"product_tag":[],"_links":{"self":[{"href":"https:\/\/almach.pl\/sklep\/index.php?rest_route=\/wp\/v2\/product\/1347"}],"collection":[{"href":"https:\/\/almach.pl\/sklep\/index.php?rest_route=\/wp\/v2\/product"}],"about":[{"href":"https:\/\/almach.pl\/sklep\/index.php?rest_route=\/wp\/v2\/types\/product"}],"replies":[{"embeddable":true,"href":"https:\/\/almach.pl\/sklep\/index.php?rest_route=%2Fwp%2Fv2%2Fcomments&post=1347"}],"wp:featuredmedia":[{"embeddable":true,"href":"https:\/\/almach.pl\/sklep\/index.php?rest_route=\/wp\/v2\/media\/1348"}],"wp:attachment":[{"href":"https:\/\/almach.pl\/sklep\/index.php?rest_route=%2Fwp%2Fv2%2Fmedia&parent=1347"}],"wp:term":[{"taxonomy":"product_cat","embeddable":true,"href":"https:\/\/almach.pl\/sklep\/index.php?rest_route=%2Fwp%2Fv2%2Fproduct_cat&post=1347"},{"taxonomy":"product_tag","embeddable":true,"href":"https:\/\/almach.pl\/sklep\/index.php?rest_route=%2Fwp%2Fv2%2Fproduct_tag&post=1347"}],"curies":[{"name":"wp","href":"https:\/\/api.w.org\/{rel}","templated":true}]}}