 
 {"id":131,"date":"2021-04-28T12:28:29","date_gmt":"2021-04-28T10:28:29","guid":{"rendered":"https:\/\/almach.pl\/sklep-alpha-2021\/?post_type=product&#038;p=131"},"modified":"2021-10-13T14:25:54","modified_gmt":"2021-10-13T12:25:54","slug":"szafka-przylozkowa-na-kolkach","status":"publish","type":"product","link":"https:\/\/almach.pl\/sklep\/?product=szafka-przylozkowa-na-kolkach\/","title":{"rendered":"Szafka przy\u0142\u00f3\u017ckowa na k\u00f3\u0142kach 385"},"content":{"rendered":"<p>Szafka jest doskona\u0142ym uzupe\u0142nieniem \u0142\u00f3\u017cka. Wyposa\u017cona w k\u00f3\u0142ka z hamulcami zapewnia mobilno\u015b\u0107 i w\u0142a\u015bciw\u0105 stabilizacj\u0119 podczas czytania czy spo\u017cywania posi\u0142ku. Dzi\u0119ki wysuwanemu stolikowi, szufladzie oraz p\u00f3\u0142ce masz zawsze dost\u0119p do podr\u0119cznych rzeczy, kt\u00f3re potrzebujesz podczas korzystania z \u0142\u00f3\u017cka. G\u0142\u00f3wna rama wykonana z litego drzewa bukowego. Obudowa ze sklejki oklejonej naturalna oklein\u0105 bukow\u0105.<\/p>\n<div id=\"view:_id1:repeat5\">\n<div id=\"view:_id1:repeat5:0:inputRichText2\">\n<p dir=\"ltr\">Wysoko\u015b\u0107\u00a0 &#8211;\u00a0 91 cm<\/p>\n<p dir=\"ltr\">Szeroko\u015b\u0107\u00a0 &#8211; 58 cm<\/p>\n<p dir=\"ltr\">G\u0142\u0119boko\u015b\u0107\u00a0 &#8211; 45 cm<\/p>\n<p dir=\"ltr\">Wymiary szuflady 37,5 x 42 x 14 cm<\/p>\n<\/div>\n<p dir=\"ltr\">Wymiary szafki 400 x 470 x 645 mm<br \/>\nwaga 36,35 kg<br \/>\nmax. obci\u0105\u017cenie stolika 10 kg<\/p>\n<\/div>\n","protected":false},"excerpt":{"rendered":"<ul style=\"font-size:1rem;\">\n<li class=\"transport\"><i class=\"fas fa-dolly\"><\/i> <span style=\"color: #0c7804;\"><strong class=\"transport\"> Darmowa dostawa w Bydgoszczy <\/strong><br \/>(przy zam\u00f3wieniu powy\u017cej 100 z\u0142, mo\u017cliwo\u015b\u0107 p\u0142atno\u015bci kart\u0105 przy odbiorze)<\/span><\/li>\n<li class=\"transport\"><i class=\"far fa-eye\"><\/i> Mo\u017cliwo\u015b\u0107 obejrzenia sprz\u0119tu w sklepie stacjonarnym<\/li>\n<li class=\"transport\"><i class=\"fas fa-undo\"><\/i> Mo\u017cliwo\u015b\u0107 zwrotu sprz\u0119tu do <strong>30 dni<\/strong><\/li>\n<li class=\"transport\"><i class=\"far fa-credit-card\"><\/i> <strong> P\u0142atno\u015b\u0107 kart\u0105<\/strong><\/li>\n<\/ul>\n<div class=\"more-link-wrapper\"><a class=\"more-link\" href=\"https:\/\/almach.pl\/sklep\/?product=szafka-przylozkowa-na-kolkach\/\">Read More<span class=\"screen-reader-text\">Szafka przy\u0142\u00f3\u017ckowa na k\u00f3\u0142kach 385<\/span><\/a><\/div>\n","protected":false},"featured_media":377,"comment_status":"closed","ping_status":"closed","template":"","meta":[],"product_cat":[61,15],"product_tag":[],"_links":{"self":[{"href":"https:\/\/almach.pl\/sklep\/index.php?rest_route=\/wp\/v2\/product\/131"}],"collection":[{"href":"https:\/\/almach.pl\/sklep\/index.php?rest_route=\/wp\/v2\/product"}],"about":[{"href":"https:\/\/almach.pl\/sklep\/index.php?rest_route=\/wp\/v2\/types\/product"}],"replies":[{"embeddable":true,"href":"https:\/\/almach.pl\/sklep\/index.php?rest_route=%2Fwp%2Fv2%2Fcomments&post=131"}],"wp:featuredmedia":[{"embeddable":true,"href":"https:\/\/almach.pl\/sklep\/index.php?rest_route=\/wp\/v2\/media\/377"}],"wp:attachment":[{"href":"https:\/\/almach.pl\/sklep\/index.php?rest_route=%2Fwp%2Fv2%2Fmedia&parent=131"}],"wp:term":[{"taxonomy":"product_cat","embeddable":true,"href":"https:\/\/almach.pl\/sklep\/index.php?rest_route=%2Fwp%2Fv2%2Fproduct_cat&post=131"},{"taxonomy":"product_tag","embeddable":true,"href":"https:\/\/almach.pl\/sklep\/index.php?rest_route=%2Fwp%2Fv2%2Fproduct_tag&post=131"}],"curies":[{"name":"wp","href":"https:\/\/api.w.org\/{rel}","templated":true}]}}